{"id":125006,"date":"2021-10-26T16:07:24","date_gmt":"2021-10-26T16:07:24","guid":{"rendered":"https:\/\/minervashop.eu\/ordering\/"},"modified":"2024-02-12T19:28:03","modified_gmt":"2024-02-12T19:28:03","slug":"ordering","status":"publish","type":"page","link":"https:\/\/minervashop.eu\/en\/ordering\/","title":{"rendered":"Ordering"},"content":{"rendered":"\t<section class=\"section\" id=\"section_2100910596\">\n\t\t<div class=\"bg section-bg fill bg-fill  bg-loaded\" >\n\n\t\t\t\n\t\t\t\n\t\t\t\n\n\t\t<\/div>\n\n\t\t<div class=\"section-content relative\">\n\t\t\t\n<div class=\"row\"  id=\"row-1869004342\">\n\n\t<div id=\"col-1386806073\" class=\"col small-12 large-12\"  >\n\t\t\t\t<div class=\"col-inner\"  >\n\t\t\t\n\t\t\t\n<div class=\"row\"  id=\"row-1180551348\">\n\n\t<div id=\"col-1649866866\" class=\"col small-12 large-12\"  >\n\t\t\t\t<div class=\"col-inner\"  >\n\t\t\t\n\t\t\t\n<div class=\"container section-title-container\" ><h1 class=\"section-title section-title-center\"><b><\/b><span class=\"section-title-main\" style=\"font-size:139%;\">Ordering<\/span><b><\/b><\/h1><\/div>\n\t\t<\/div>\n\t\t\t\t\t<\/div>\n\n\t\n\n<style>\n#row-1180551348 > .col > .col-inner {\n  padding: 50px 0px 0px 0px;\n}\n<\/style>\n<\/div>\n<h2 class=\"\" data-sourcepos=\"1:1-1:33\">Welcome to the Minerva e-shop!<\/h2>\n<p data-sourcepos=\"3:1-3:103\">Ordering from our e-shop is easy. You can place an order as a registered customer or without logging in.<\/p>\n<p data-sourcepos=\"5:1-5:63\"><strong>Registered customers<\/strong> receive a 5% discount on their orders.<\/p>\n<p data-sourcepos=\"7:1-7:81\"><strong>Choose the product category<\/strong> that suits you from the corresponding icon. There you will find further subcategories that will help you find the desired product.<\/p>\n<p data-sourcepos=\"9:1-9:72\">You can also enter the name of the desired product in the <strong>search box<\/strong> on the homepage. This will give you quick access to the desired product.<\/p>\n<p data-sourcepos=\"11:1-11:76\"><strong>Note:<\/strong> You can also have your ordered product <strong>gift wrapped<\/strong>. The color range of the packaging materials is variable. You can also agree on the colors. Each picture has a number. You can use this to indicate your choices. The packaging fee depends on the choice of material and style. The price will be added to the order by agreement. <strong>See here<\/strong><\/p>\n<p data-sourcepos=\"13:1-13:103\">You can add a <strong>gift card<\/strong> to the package, and you can also have a message written on it. <strong>See here<\/strong><\/p>\n<p data-sourcepos=\"15:1-15:67\"><strong>Please contact us in advance by phone or email to arrange this.<\/strong><\/p>\n<p data-sourcepos=\"17:1-17:49\"><strong>If you have any questions, please contact us:<\/strong><\/p>\n<ul data-sourcepos=\"19:1-19:20\">\n<li data-sourcepos=\"19:1-19:20\">Phone:\u00a0+372 5167530,\u00a0+372 7868680<\/li>\n<li data-sourcepos=\"20:1-21:0\">Email: info@minervashop.eu<\/li>\n<\/ul>\n<p data-sourcepos=\"22:1-22:21\"><strong>Delivery methods:<\/strong><\/p>\n<ol data-sourcepos=\"24:1-25:0\">\n<li data-sourcepos=\"24:1-25:0\"><strong>Itella SmartPost<\/strong>\u00a0to parcel machines in Estonia,\u00a0Finland,\u00a0Latvia and Lithuania.\u00a0The prices of parcel machines in Estonia depend on the size of the parcel.<\/li>\n<\/ol>\n<p data-sourcepos=\"26:1-26:61\"><strong>SmartPOST parcel machine is a &#8220;self-service post office&#8221;.<\/strong><\/p>\n<p data-sourcepos=\"28:1-28:140\">Parcel machines are located in shopping centers, which are easily accessible, have good parking conditions and are open late in the evening.<\/p>\n<p data-sourcepos=\"30:1-30:157\">The most important thing for the recipient of the parcel is that the goods arrive at their destination in perfect condition and without unpleasant surprises.<\/p>\n<p data-sourcepos=\"32:1-32:132\">With SmartPOST indoor parcel machines, you don&#8217;t have to worry about your valuable shipment being damaged by cold, heat or moisture.<\/p>\n<p data-sourcepos=\"34:1-34:225\">The following product groups are examples of those that can be damaged by excessive cold, heat or moisture: cosmetics, perfumes, lenses, health products, electronics, computer goods, photographic goods, food\/food supplements.<\/p>\n<p data-sourcepos=\"36:1-36:90\">With our unpredictable weather conditions, SmartPOST indoor machines are the smart choice.<\/p>\n<p data-sourcepos=\"38:1-38:47\"><strong>You can find out more about SmartPost <a href=\"https:\/\/itella.ee\/en\/private-customer\/smartpost\/\">here<\/a>.<\/strong><\/p>\n<p data-sourcepos=\"40:1-40:81\"><strong>Choose the most suitable parcel machine from the list. Add your phone number!<\/strong><\/p>\n<p data-sourcepos=\"42:1-42:9\">Goods are transported from V\u00f5ru every day at 14:00<\/p>\n<ol start=\"2\" data-sourcepos=\"44:1-45:0\">\n<li data-sourcepos=\"44:1-45:0\"><strong>I will pick it up myself<\/strong>\u00a0or additional order &#8211; 0 \u20ac<\/li>\n<\/ol>\n<p data-sourcepos=\"46:1-46:115\">It is possible to pick up the goods in the Minerva store. You can pay for the goods on the spot in cash or by card.<\/p>\n<p data-sourcepos=\"48:1-48:23\"><strong>V\u00f5ru Kreutzwaldi 25<\/strong><\/p>\n<p data-sourcepos=\"50:1-50:27\"><strong>Opening hours, see here<\/strong><\/p>\n<ul data-sourcepos=\"52:1-55:0\">\n<li data-sourcepos=\"52:1-52:17\">T-R 10.00-18.00<\/li>\n<li data-sourcepos=\"53:1-53:15\">L 10.00-14.00<\/li>\n<li data-sourcepos=\"54:1-55:0\">P,\u00a0E closed<\/li>\n<\/ul>\n<ol start=\"3\" data-sourcepos=\"56:1-61:0\">\n<li data-sourcepos=\"56:1-57:0\">\n<p data-sourcepos=\"56:4-56:138\"><strong>SmartPost Finland.<\/strong> When choosing transport, add the desired parcel machine to the description. You can find the selection <a href=\"https:\/\/www.posti.fi\/en\/service-points-on-map\"><strong>here<\/strong><\/a>.<\/p>\n<\/li>\n<li data-sourcepos=\"58:1-59:0\">\n<p data-sourcepos=\"58:4-58:37\"><strong>Smartpost Latvia and Lithuania<\/strong><\/p>\n<\/li>\n<li data-sourcepos=\"60:1-61:0\">\n<p data-sourcepos=\"60:4-60:159\"><strong>SmartKULLER in Estonia<\/strong> Delivery of parcels <strong>six days a week<\/strong> (Mon-Fri), except for national holidays. The courier network covers the whole of Estonia.<\/p>\n<\/li>\n<\/ol>\n<ul data-sourcepos=\"62:1-63:49\">\n<li data-sourcepos=\"62:1-62:136\">The customer can choose a suitable time slot (9:00-17:00 or 17:00-21:00) for receiving the parcel and order the goods to work or home.<\/li>\n<li data-sourcepos=\"63:1-63:49\">The customer will receive an SMS message on the morning of the delivery day with information about the arrival of the parcel.\u00a0The courier will call the customer before delivering the parcel.\u00a0If the parcel cannot be delivered to the customer on the first attempt,\u00a0the courier will agree on another time if necessary.\u00a0According to the customer&#8217;s wish,\u00a0the parcel can be redirected free of charge to a suitable parcel machine.\u00a0The parcel is handed over to the customer on the basis of a unique code,\u00a0which is sent to the customer by SMS.<\/li>\n<\/ul>\n<ol start=\"6\" data-sourcepos=\"65:1-66:0\">\n<li data-sourcepos=\"65:1-66:0\"><strong>Cargobus<\/strong><\/li>\n<\/ol>\n<h2 class=\"\" data-sourcepos=\"1:1-1:29\">Payment and delivery time:<\/h2>\n<ul data-sourcepos=\"3:1-4:36\">\n<li data-sourcepos=\"3:1-3:63\">The delivery time for products in stock is 2-5 business days.<\/li>\n<li data-sourcepos=\"4:1-4:36\">Orders placed on Saturday,\u00a0Sunday,\u00a0and Monday will be shipped on Tuesday.<\/li>\n<li data-sourcepos=\"5:1-5:71\">Parcels will not be shipped on Mondays,\u00a0Sundays,\u00a0and public holidays.<\/li>\n<li data-sourcepos=\"6:1-6:28\">The parcel will be shipped no later than 3 business days after the receipt of the invoice to the account of O\u00dc Kaiminerva:<\/li>\n<\/ul>\n<p data-sourcepos=\"8:1-8:13\">O\u00dc Kaiminerva V\u00f5ru 65610 J\u00fcri 39a-15 a\/a\u00a0EE644204278625377108 Coop Pank AS SWIFT\/BIC\u00a0EKRDEE22<\/p>\n<ul data-sourcepos=\"13:1-16:0\">\n<li data-sourcepos=\"13:1-13:119\">When making a transfer,\u00a0please indicate the invoice number and the customer&#8217;s first and last name in the description.<\/li>\n<li data-sourcepos=\"14:1-16:0\"><strong>Note:<\/strong>\u00a0After the order is confirmed,\u00a0the invoice will be sent to the email address provided in the order.<\/li>\n<\/ul>\n<h2 class=\"\" data-sourcepos=\"17:1-17:23\">ESTO payment methods<\/h2>\n<ul data-sourcepos=\"19:1-20:0\">\n<li data-sourcepos=\"19:1-20:0\"><strong>ESTO installment plan<\/strong><\/li>\n<\/ul>\n<p data-sourcepos=\"21:1-21:64\">Don&#8217;t want to pay the whole amount at once? Pay in installments!<\/p>\n<ul data-sourcepos=\"23:1-24:0\">\n<li data-sourcepos=\"23:1-24:0\"><strong>ESTO 3<\/strong><\/li>\n<\/ul>\n<p data-sourcepos=\"25:1-25:85\">ESTO 3 is an innovative solution that allows you to confirm and pay for your purchase quickly and conveniently &#8211; in three equal parts, without additional fees!<\/p>\n<ul data-sourcepos=\"27:1-28:0\">\n<li data-sourcepos=\"27:1-28:0\"><strong>ESTO Pay Later<\/strong><\/li>\n<\/ul>\n<p data-sourcepos=\"29:1-29:61\">Be smart and choose ESTO Pay Later to pay for your purchases!<\/p>\n<ul data-sourcepos=\"31:1-32:0\">\n<li data-sourcepos=\"31:1-32:0\"><strong>What is ESTO?<\/strong><\/li>\n<\/ul>\n<p data-sourcepos=\"33:1-33:360\">ESTO is a financial services company founded in 2016. The brand originated from the need for new generation payment solutions that would be suitable for both the end consumer and the merchant. Today, ESTO offers the widest range of payment solutions in the Baltics and the ESTO partner network includes over 2600 partners and stores and over 300,000 customers.<\/p>\n<p data-sourcepos=\"35:1-35:51\"><strong>For more information, please visit:<\/strong> www.esto.ee<\/p>\n<p data-sourcepos=\"37:1-37:54\"><strong>If you have any questions, please contact ESTO AS:<\/strong><\/p>\n<ul data-sourcepos=\"39:1-41:0\">\n<li data-sourcepos=\"39:1-39:40\">Email: info@esto.ee<\/li>\n<li data-sourcepos=\"40:1-41:0\">www.esto.ee LIVE chat window<\/li>\n<\/ul>\n<h2 class=\"\" data-sourcepos=\"42:1-42:19\">Return of goods:<\/h2>\n<p data-sourcepos=\"44:1-44:292\">You have the right to return the goods within 14 days of receipt. The returned goods must be unused. The cost of postage is not refundable. The costs of returning the parcel are also borne by the buyer. The parcel can be returned to the Smartpost V\u00f5ru Kagukeskus parcel machine (tel. nr. 5167530) free of charge with the parcel receipt code. The recipient should be marked as O\u00dc Kaiminerva. The money for the returned product will be refunded within 10 working days. The money will be refunded only to the account from which the transfer was made. To inform about the return request in advance by email: info@minerva.ee<\/p>\n\t\t<\/div>\n\t\t\t\t\t<\/div>\n\n\t\n<\/div>\n\t\t<\/div>\n\n\t\t\n<style>\n#section_2100910596 {\n  padding-top: 30px;\n  padding-bottom: 30px;\n}\n<\/style>\n\t<\/section>\n\t\n","protected":false},"excerpt":{"rendered":"","protected":false},"author":3,"featured_media":0,"parent":0,"menu_order":0,"comment_status":"closed","ping_status":"closed","template":"","meta":{"footnotes":""},"class_list":["post-125006","page","type-page","status-publish","hentry"],"_links":{"self":[{"href":"https:\/\/minervashop.eu\/en\/wp-json\/wp\/v2\/pages\/125006","targetHints":{"allow":["GET"]}}],"collection":[{"href":"https:\/\/minervashop.eu\/en\/wp-json\/wp\/v2\/pages"}],"about":[{"href":"https:\/\/minervashop.eu\/en\/wp-json\/wp\/v2\/types\/page"}],"author":[{"embeddable":true,"href":"https:\/\/minervashop.eu\/en\/wp-json\/wp\/v2\/users\/3"}],"replies":[{"embeddable":true,"href":"https:\/\/minervashop.eu\/en\/wp-json\/wp\/v2\/comments?post=125006"}],"version-history":[{"count":5,"href":"https:\/\/minervashop.eu\/en\/wp-json\/wp\/v2\/pages\/125006\/revisions"}],"predecessor-version":[{"id":125011,"href":"https:\/\/minervashop.eu\/en\/wp-json\/wp\/v2\/pages\/125006\/revisions\/125011"}],"wp:attachment":[{"href":"https:\/\/minervashop.eu\/en\/wp-json\/wp\/v2\/media?parent=125006"}],"curies":[{"name":"wp","href":"https:\/\/api.w.org\/{rel}","templated":true}]}}