{"id":65402,"date":"2022-06-02T19:42:14","date_gmt":"2022-06-02T19:42:14","guid":{"rendered":"https:\/\/minervashop.eu\/partners\/"},"modified":"2022-06-02T19:42:16","modified_gmt":"2022-06-02T19:42:16","slug":"partners","status":"publish","type":"page","link":"https:\/\/minervashop.eu\/en\/partners\/","title":{"rendered":"Partners"},"content":{"rendered":"\t<section class=\"section\" id=\"section_1393385187\">\n\t\t<div class=\"bg section-bg fill bg-fill  bg-loaded\" >\n\n\t\t\t\n\t\t\t\n\t\t\t\n\n\t\t<\/div>\n\n\t\t<div class=\"section-content relative\">\n\t\t\t\n<div class=\"row\"  id=\"row-7285705\">\n\n\t<div id=\"col-855815331\" class=\"col small-12 large-12\"  >\n\t\t\t\t<div class=\"col-inner\"  >\n\t\t\t\n\t\t\t\n\t<div id=\"text-2043112699\" class=\"text\">\n\t\t\n<h1>\u00a0Minerva shop partners<\/h1>\n\t\t\n<style>\n#text-2043112699 {\n  text-align: center;\n}\n<\/style>\n\t<\/div>\n\t\n\t\t<\/div>\n\t\t\t\t\t<\/div>\n\n\t\n<\/div>\n<div class=\"row align-middle\"  id=\"row-284932533\">\n\n\t<div id=\"col-738314664\" class=\"col medium-4 small-12 large-4\"  >\n\t\t\t\t<div class=\"col-inner\"  >\n\t\t\t\n\t\t\t\n\t<div class=\"img has-hover x md-x lg-x y md-y lg-y\" id=\"image_17104177\">\n\t\t\t\t\t\t\t\t<div class=\"img-inner dark\" >\n\t\t\t<img loading=\"lazy\" decoding=\"async\" width=\"634\" height=\"600\" src=\"https:\/\/minervashop.eu\/wp-content\/uploads\/2021\/11\/Elojuur41.png\" class=\"attachment-original size-original\" alt=\"\" srcset=\"https:\/\/minervashop.eu\/wp-content\/uploads\/2021\/11\/Elojuur41.png 634w, https:\/\/minervashop.eu\/wp-content\/uploads\/2021\/11\/Elojuur41-510x483.png 510w, https:\/\/minervashop.eu\/wp-content\/uploads\/2021\/11\/Elojuur41-300x284.png 300w\" sizes=\"auto, (max-width: 634px) 100vw, 634px\" \/>\t\t\t\t\t\t\n\t\t\t\t\t<\/div>\n\t\t\t\t\t\t\t\t\n<style>\n#image_17104177 {\n  width: 100%;\n}\n<\/style>\n\t<\/div>\n\t\n\t\t<\/div>\n\t\t\t\t\t<\/div>\n\n\t\n\n\t<div id=\"col-1145622748\" class=\"col medium-8 small-12 large-8\"  >\n\t\t\t\t<div class=\"col-inner\"  >\n\t\t\t\n\t\t\t\n<p><strong><span style=\"font-size: 120%;\" data-line-height=\"s\">Elojuur O\u00dc<\/span><\/strong><\/p>\n<p data-line-height=\"s\"><span style=\"font-size: 120%;\">Saarem\u00e4e, Purka k\u00fcla, R\u00f5uge vald Haanjamaa<\/span><\/p>\n<p data-line-height=\"s\"><span style=\"font-size: 120%;\"><strong>Phone:<\/strong> <a href=\"tel:+372 516 6684\">+372 516 6684<\/a><\/span><\/p>\n<p data-line-height=\"s\"><span style=\"font-size: 120%;\"><strong>E-mail:<\/strong> <a href=\"mailto:egle.vodi@gmail.com\">egle.vodi@gmail.com<\/a><\/span><\/p>\n<p><span style=\"font-size: 120%;\" data-line-height=\"s\"><strong>web page:<\/strong> <a href=\"https:\/\/www.elojuur.ee\/\" target=\"_blank\" rel=\"noopener\">https:\/\/www.elojuur.ee\/<\/a><\/span><\/p>\n\t\t<\/div>\n\t\t\t\t\t<\/div>\n\n\t\n<\/div>\n<div class=\"row\"  id=\"row-158863244\">\n\n\t<div id=\"col-313773359\" class=\"col medium-3 small-12 large-3\"  >\n\t\t\t\t<div class=\"col-inner\"  >\n\t\t\t\n\t\t\t\n\t<div class=\"img has-hover x md-x lg-x y md-y lg-y\" id=\"image_328419056\">\n\t\t\t\t\t\t\t\t<div class=\"img-inner dark\" >\n\t\t\t<img loading=\"lazy\" decoding=\"async\" width=\"504\" height=\"504\" src=\"https:\/\/minervashop.eu\/wp-content\/uploads\/2021\/11\/Argeliste-logo-pdf.jpg\" class=\"attachment-original size-original\" alt=\"\" \/>\t\t\t\t\t\t\n\t\t\t\t\t<\/div>\n\t\t\t\t\t\t\t\t\n<style>\n#image_328419056 {\n  width: 100%;\n}\n<\/style>\n\t<\/div>\n\t\n\t\t<\/div>\n\t\t\t\t\t<\/div>\n\n\t\n\n\t<div id=\"col-647292921\" class=\"col medium-9 small-12 large-9\"  >\n\t\t\t\t<div class=\"col-inner\"  >\n\t\t\t\n\t\t\t\n<p><strong><span style=\"font-size: 120%;\"><a href=\"https:\/\/www.facebook.com\/Maie-%C3%95mblust%C3%B6%C3%B6d-1680580728853395\/?ref=bookmarks\">Maie \u00d5mblust\u00f6\u00f6d<\/a><\/span><\/strong><br \/>\n<span style=\"font-size: 120%;\">V\u00f5ru, Kreutzwaldi 39<\/span><br \/>\n<span style=\"font-size: 120%;\"><strong>Phone:<\/strong> <a href=\"tel:+372 5900 3004\">+372 5900 3004<\/a><\/span><\/p>\n<p><strong><span style=\"font-size: 120%;\">needlewoman\u00a0Maie Karro:<\/span><\/strong><\/p>\n<div><span style=\"font-size: 120%;\">&#8221; I can help you in all kinds of sewings.&#8221;<\/span><\/div>\n\t\t<\/div>\n\t\t\t\t\t<\/div>\n\n\t\n\n<style>\n#row-158863244 > .col > .col-inner {\n  padding: 50px 0px 0px 0px;\n}\n<\/style>\n<\/div>\n<div class=\"row\"  id=\"row-1005857040\">\n\n\t<div id=\"col-933017951\" class=\"col medium-7 small-12 large-7\"  >\n\t\t\t\t<div class=\"col-inner\"  >\n\t\t\t\n\t\t\t\n\t<div class=\"img has-hover x md-x lg-x y md-y lg-y\" id=\"image_1874080021\">\n\t\t\t\t\t\t\t\t<div class=\"img-inner dark\" >\n\t\t\t<img loading=\"lazy\" decoding=\"async\" width=\"1024\" height=\"682\" src=\"https:\/\/minervashop.eu\/wp-content\/uploads\/2021\/11\/04_Heli_Salf_1_huge.jpeg\" class=\"attachment-original size-original\" alt=\"\" srcset=\"https:\/\/minervashop.eu\/wp-content\/uploads\/2021\/11\/04_Heli_Salf_1_huge.jpeg 1024w, https:\/\/minervashop.eu\/wp-content\/uploads\/2021\/11\/04_Heli_Salf_1_huge-510x340.jpeg 510w, https:\/\/minervashop.eu\/wp-content\/uploads\/2021\/11\/04_Heli_Salf_1_huge-300x200.jpeg 300w, https:\/\/minervashop.eu\/wp-content\/uploads\/2021\/11\/04_Heli_Salf_1_huge-768x512.jpeg 768w\" sizes=\"auto, (max-width: 1024px) 100vw, 1024px\" \/>\t\t\t\t\t\t\n\t\t\t\t\t<\/div>\n\t\t\t\t\t\t\t\t\n<style>\n#image_1874080021 {\n  width: 100%;\n}\n<\/style>\n\t<\/div>\n\t\n\t\t<\/div>\n\t\t\t\t\t<\/div>\n\n\t\n\n\t<div id=\"col-1046079303\" class=\"col medium-5 small-12 large-5\"  >\n\t\t\t\t<div class=\"col-inner\"  >\n\t\t\t\n\t\t\t\n<p>Heli Ayera Salf <a class=\"lightbox\" title=\"\" href=\"http:\/\/www.minerva.ee\/upload\/editor\/images\/04_Heli_Salf_%281%29_huge.jpg\" rel=\"lightbox&#091;page_1762&#093;\"><img decoding=\"async\" class=\"\" src=\"http:\/\/www.minerva.ee\/upload\/editor\/images\/04_Heli_Salf_%281%29_huge.jpg\" alt=\"\" border=\"0\" \/><\/a><br \/>\n<strong>E-mail:<\/strong> <a href=\"mailto:pistrik99@gmail.com\">pistrik99@gmail.com<\/a><br \/>\n<strong>Phone:<\/strong> <a href=\"tel:+372 5136249\">+372 5136249<\/a><br \/>\n<strong>web page:<\/strong> <a href=\"http:\/\/www.omatee.ee\">www.omatee.ee<\/a><\/p>\n<p>* bioenergetics<br \/>\n* holistic psycotherapy<br \/>\n* Chinese medicine<br \/>\n* Theta healing<br \/>\n* Shamanic healing<br \/>\n* Crystal therapy<br \/>\n* Chanelling<br \/>\n* Wicca<br \/>\n* Clairvoyance<\/p>\n\t\t<\/div>\n\t\t\t\t\t<\/div>\n\n\t\n\n<style>\n#row-1005857040 > .col > .col-inner {\n  padding: 50px 0px 0px 0px;\n}\n<\/style>\n<\/div>\n<div class=\"row align-middle\"  id=\"row-1914029163\">\n\n\t<div id=\"col-1700023805\" class=\"col medium-4 small-12 large-4\"  >\n\t\t\t\t<div class=\"col-inner\"  >\n\t\t\t\n\t\t\t\n\t<div class=\"img has-hover x md-x lg-x y md-y lg-y\" id=\"image_955854670\">\n\t\t\t\t\t\t\t\t<div class=\"img-inner dark\" >\n\t\t\t<img loading=\"lazy\" decoding=\"async\" width=\"307\" height=\"339\" src=\"https:\/\/minervashop.eu\/wp-content\/uploads\/2021\/11\/Karoli_logo.png\" class=\"attachment-original size-original\" alt=\"\" srcset=\"https:\/\/minervashop.eu\/wp-content\/uploads\/2021\/11\/Karoli_logo.png 307w, https:\/\/minervashop.eu\/wp-content\/uploads\/2021\/11\/Karoli_logo-272x300.png 272w\" sizes=\"auto, (max-width: 307px) 100vw, 307px\" \/>\t\t\t\t\t\t\n\t\t\t\t\t<\/div>\n\t\t\t\t\t\t\t\t\n<style>\n#image_955854670 {\n  width: 100%;\n}\n<\/style>\n\t<\/div>\n\t\n\t\t<\/div>\n\t\t\t\t\t<\/div>\n\n\t\n\n\t<div id=\"col-1220267092\" class=\"col medium-8 small-12 large-8\"  >\n\t\t\t\t<div class=\"col-inner\"  >\n\t\t\t\n\t\t\t\n<p><span style=\"font-size: 120%;\">Karoly intuitive craft.<\/span><\/p>\n<p><span style=\"font-size: 120%;\"><strong>web page:<\/strong> <a href=\"https:\/\/www.kuuvalguses.ee\/\">www.kuuvalguses.ee<\/a><\/span><\/p>\n\t\t<\/div>\n\t\t\t\t\t<\/div>\n\n\t\n\n<style>\n#row-1914029163 > .col > .col-inner {\n  padding: 50px 0px 0px 0px;\n}\n<\/style>\n<\/div>\n\t\t<\/div>\n\n\t\t\n<style>\n#section_1393385187 {\n  padding-top: 30px;\n  padding-bottom: 30px;\n}\n<\/style>\n\t<\/section>\n\t\n","protected":false},"excerpt":{"rendered":"","protected":false},"author":3,"featured_media":0,"parent":0,"menu_order":0,"comment_status":"closed","ping_status":"closed","template":"","meta":{"footnotes":""},"class_list":["post-65402","page","type-page","status-publish","hentry"],"_links":{"self":[{"href":"https:\/\/minervashop.eu\/en\/wp-json\/wp\/v2\/pages\/65402","targetHints":{"allow":["GET"]}}],"collection":[{"href":"https:\/\/minervashop.eu\/en\/wp-json\/wp\/v2\/pages"}],"about":[{"href":"https:\/\/minervashop.eu\/en\/wp-json\/wp\/v2\/types\/page"}],"author":[{"embeddable":true,"href":"https:\/\/minervashop.eu\/en\/wp-json\/wp\/v2\/users\/3"}],"replies":[{"embeddable":true,"href":"https:\/\/minervashop.eu\/en\/wp-json\/wp\/v2\/comments?post=65402"}],"version-history":[{"count":2,"href":"https:\/\/minervashop.eu\/en\/wp-json\/wp\/v2\/pages\/65402\/revisions"}],"predecessor-version":[{"id":65404,"href":"https:\/\/minervashop.eu\/en\/wp-json\/wp\/v2\/pages\/65402\/revisions\/65404"}],"wp:attachment":[{"href":"https:\/\/minervashop.eu\/en\/wp-json\/wp\/v2\/media?parent=65402"}],"curies":[{"name":"wp","href":"https:\/\/api.w.org\/{rel}","templated":true}]}}