{"id":70732,"date":"2022-07-19T10:58:31","date_gmt":"2022-07-19T10:58:31","guid":{"rendered":"https:\/\/minervashop.eu\/good-to-know\/"},"modified":"2025-03-31T13:16:34","modified_gmt":"2025-03-31T13:16:34","slug":"good-to-know","status":"publish","type":"page","link":"https:\/\/minervashop.eu\/en\/good-to-know\/","title":{"rendered":"Good to know"},"content":{"rendered":"\t<section class=\"section\" id=\"section_660574194\">\n\t\t<div class=\"bg section-bg fill bg-fill  bg-loaded\" >\n\n\t\t\t\n\t\t\t\n\t\t\t\n\n\t\t<\/div>\n\n\t\t<div class=\"section-content relative\">\n\t\t\t\n<div class=\"row\"  id=\"row-1521493250\">\n\n\t<div id=\"col-556960997\" class=\"col small-12 large-12\"  >\n\t\t\t\t<div class=\"col-inner\"  >\n\t\t\t\n\t\t\t\n<div class=\"row\"  id=\"row-1513572387\">\n\n\t<div id=\"col-1890240597\" class=\"col small-12 large-12\"  >\n\t\t\t\t<div class=\"col-inner\"  >\n\t\t\t\n\t\t\t\n<h3 style=\"text-align: center;\"><span style=\"color: #008000;\"><strong>Each of us has a problem with our skin, hair, nails or weight. Sometimes external care products have not helped. In this case, tracking your food list can be a big help. In the following, you will find which nutrients are needed in the event of a problem. By switching foods that contain the appropriate nutrients to your menu, you can achieve great results.<\/strong><\/span><\/h3>\n<p><\/p>\n<p style=\"text-align: center;\"><img loading=\"lazy\" decoding=\"async\" class=\"alignnone size-medium wp-image-45445 aligncenter\" src=\"https:\/\/minervashop.eu\/wp-content\/uploads\/2022\/02\/wrinkles-remedies2-300x167.jpg\" sizes=\"auto, (max-width: 300px) 100vw, 300px\" srcset=\"https:\/\/minervashop.eu\/wp-content\/uploads\/2022\/02\/wrinkles-remedies2-300x167.jpg 300w, https:\/\/minervashop.eu\/wp-content\/uploads\/2022\/02\/wrinkles-remedies2.jpg 414w\" alt=\"\" width=\"300\" height=\"167\" \/><\/p>\n<h3 style=\"text-align: center;\">Saate valida nimistust vastavalt, kas nahk, k\u00fc\u00fcned, juuksed v\u00f5i kehakaal.<\/h3>\n<p><\/p>\n<h3 style=\"text-align: center;\">Iga l\u00f5igu alt leiate Teile muret valmistava probleemi ja sealt\u00a0 Teie organismile vajalikud toitained. J\u00e4rgnevalt on loetelu seda toitainet k\u00f5ige rohkem sisaldav ravimtaim v\u00f5i toiduaine.<\/h3>\n<p><\/p>\n<h3 style=\"text-align: center;\"><strong>Afirmatsioon tervenemiseks:<\/strong><\/h3>\n<p><\/p>\n<h3 style=\"text-align: center;\"><span style=\"color: #008080;\"><em><strong>Mu keha on terve, eluj\u00f5uline, maandatud ja energiline. Jumalik teadvus t\u00e4idab k\u00f5ik rakud.<\/strong><\/em><\/span><\/h3>\n<p><\/p>\n<h3 style=\"text-align: center;\"><span style=\"color: #008080;\"><em><strong>Seon end tervislike m\u00f5tete ja valikutega ning arendan austavaid suhteid iseenda ja teistega n\u00fc\u00fcd ja alati.<\/strong><\/em><\/span><\/h3>\n<p><\/p>\n<h4 style=\"text-align: center;\"><span style=\"color: #993300;\"><strong>Head tervenemist!<\/strong><\/span><\/h4>\n\t\t<\/div>\n\t\t\t\t\t<\/div>\n\n\t\n<\/div>\n\n  \n    <div class=\"row large-columns-3 medium-columns-1 small-columns-1\">\n  <\/div>\n\t\t<\/div>\n\t\t\t\t\t<\/div>\n\n\t\n<\/div>\n\t\t<\/div>\n\n\t\t\n<style>\n#section_660574194 {\n  padding-top: 30px;\n  padding-bottom: 30px;\n}\n<\/style>\n\t<\/section>\n\t\n","protected":false},"excerpt":{"rendered":"","protected":false},"author":3,"featured_media":35312,"parent":0,"menu_order":0,"comment_status":"closed","ping_status":"closed","template":"","meta":{"footnotes":""},"class_list":["post-70732","page","type-page","status-publish","has-post-thumbnail","hentry"],"_links":{"self":[{"href":"https:\/\/minervashop.eu\/en\/wp-json\/wp\/v2\/pages\/70732","targetHints":{"allow":["GET"]}}],"collection":[{"href":"https:\/\/minervashop.eu\/en\/wp-json\/wp\/v2\/pages"}],"about":[{"href":"https:\/\/minervashop.eu\/en\/wp-json\/wp\/v2\/types\/page"}],"author":[{"embeddable":true,"href":"https:\/\/minervashop.eu\/en\/wp-json\/wp\/v2\/users\/3"}],"replies":[{"embeddable":true,"href":"https:\/\/minervashop.eu\/en\/wp-json\/wp\/v2\/comments?post=70732"}],"version-history":[{"count":8,"href":"https:\/\/minervashop.eu\/en\/wp-json\/wp\/v2\/pages\/70732\/revisions"}],"predecessor-version":[{"id":144078,"href":"https:\/\/minervashop.eu\/en\/wp-json\/wp\/v2\/pages\/70732\/revisions\/144078"}],"wp:featuredmedia":[{"embeddable":true,"href":"https:\/\/minervashop.eu\/en\/wp-json\/wp\/v2\/media\/35312"}],"wp:attachment":[{"href":"https:\/\/minervashop.eu\/en\/wp-json\/wp\/v2\/media?parent=70732"}],"curies":[{"name":"wp","href":"https:\/\/api.w.org\/{rel}","templated":true}]}}