{"id":100142,"date":"2023-03-25T09:14:32","date_gmt":"2023-03-25T09:14:32","guid":{"rendered":"https:\/\/minervashop.eu\/toode\/fantastilised-elukad-ja-kust-neid-leida\/"},"modified":"2023-03-25T09:14:32","modified_gmt":"2023-03-25T09:14:32","slug":"fantastilised-elukad-ja-kust-neid-leida","status":"publish","type":"product","link":"https:\/\/minervashop.eu\/en\/product\/fantastilised-elukad-ja-kust-neid-leida\/","title":{"rendered":"Fantastilised elukad ja kust neid leida"},"content":{"rendered":"","protected":false},"excerpt":{"rendered":"<div class=\"section content-wrap\">\n<div class=\"container\">\n<div class=\"row\"><main class=\"main-content col-12 col-md-12\" role=\"main\"><\/p>\n<article class=\"book-item detailed-product d-md-flex\">\n<div class=\"item-info-wrap col-md\">\n<div class=\"product-info-tabbed tabbed-content\">\n<div class=\"tabs-content\">\n<div class=\"collapsable\" data-id=\"product-desc\">\n<section class=\"collapsable-content\">Tegu on Sigat\u00fc\u00fcka kooli raamatukogust p\u00e4rit raamatukesega k\u00f5igist fantastilistest olevustest, kes v\u00f5lurite maailmas tegutsevad, ning nendega seotud juhtumistest. Elukate tutvustustele on omalt poolt kommentaarid juurde kirjutanud Harry Potter.<\/p>\n<\/section>\n<\/div>\n<\/div>\n<\/div>\n<\/div>\n<\/article>\n<p><\/main><\/div>\n<\/div>\n<\/div>\n<div class=\"section product-slider-section bg-beige-light\">\n<div class=\"container\">\n<ul class=\"two-cols-text\">\n<li>Originaalpealkiri:Fantastic Beasts and Where to Find Them<\/li>\n<li class=\"product_dimensions\">M\u00f5\u00f5dud:\u00a0130 \u00d7 200 mm<\/li>\n<li class=\"product_published\">Ilmunud:\u00a024.07.2017<\/li>\n<li>120 lk.<\/li>\n<\/ul>\n<\/div>\n<\/div>\n","protected":false},"featured_media":100141,"template":"","meta":[],"product_brand":[],"product_cat":[648,675,668,372,638,383,431],"product_tag":[],"class_list":{"0":"post-100142","1":"product","2":"type-product","3":"status-publish","4":"has-post-thumbnail","6":"product_cat-dragons-en","7":"product_cat-eagles","8":"product_cat-owls","9":"product_cat-skulls","10":"product_cat-insects","11":"product_cat-divination-and-magic-books","12":"product_cat-learning-books","13":"product_shipping_class-xs-en-2","15":"first","16":"instock","17":"taxable","18":"shipping-taxable","19":"purchasable","20":"product-type-simple"},"_links":{"self":[{"href":"https:\/\/minervashop.eu\/en\/wp-json\/wp\/v2\/product\/100142","targetHints":{"allow":["GET"]}}],"collection":[{"href":"https:\/\/minervashop.eu\/en\/wp-json\/wp\/v2\/product"}],"about":[{"href":"https:\/\/minervashop.eu\/en\/wp-json\/wp\/v2\/types\/product"}],"wp:featuredmedia":[{"embeddable":true,"href":"https:\/\/minervashop.eu\/en\/wp-json\/wp\/v2\/media\/100141"}],"wp:attachment":[{"href":"https:\/\/minervashop.eu\/en\/wp-json\/wp\/v2\/media?parent=100142"}],"wp:term":[{"taxonomy":"product_brand","embeddable":true,"href":"https:\/\/minervashop.eu\/en\/wp-json\/wp\/v2\/product_brand?post=100142"},{"taxonomy":"product_cat","embeddable":true,"href":"https:\/\/minervashop.eu\/en\/wp-json\/wp\/v2\/product_cat?post=100142"},{"taxonomy":"product_tag","embeddable":true,"href":"https:\/\/minervashop.eu\/en\/wp-json\/wp\/v2\/product_tag?post=100142"}],"curies":[{"name":"wp","href":"https:\/\/api.w.org\/{rel}","templated":true}]}}