{"id":102707,"date":"2023-04-26T07:41:43","date_gmt":"2023-04-26T07:41:43","guid":{"rendered":"https:\/\/minervashop.eu\/toode\/eesti-taimede-kukeaabits-taiendatud-valjaanne\/"},"modified":"2023-04-27T08:07:17","modified_gmt":"2023-04-27T08:07:17","slug":"eesti-taimede-kukeaabits","status":"publish","type":"product","link":"https:\/\/minervashop.eu\/en\/product\/eesti-taimede-kukeaabits\/","title":{"rendered":"Eesti taimede kukeaabits"},"content":{"rendered":"<ul class=\"two-cols-text\">\n<li class=\"product_dimensions\">M\u00f5\u00f5dud:\u00a0175 \u00d7 240 mm<\/li>\n<li class=\"product_published\">Ilmunud:\u00a013.07.2022<\/li>\n<li>416 lk.<\/li>\n<li>k\u00f5vakaaneline<\/li>\n<\/ul>\n","protected":false},"excerpt":{"rendered":"<div class=\"section content-wrap\">\n<div class=\"container\">\n<div class=\"row\">\n<p>&nbsp;<\/p>\n<article class=\"book-item detailed-product d-md-flex\">\n<div class=\"item-info-wrap col-md\">\n<div class=\"product-info-tabbed tabbed-content\">\n<div class=\"tabs-content\">\n<div class=\"collapsable\" data-id=\"product-desc\">\n<section class=\"collapsable-content\">\u00dclevaatlik taimem\u00e4\u00e4raja h\u00f5lmab metsa- ja niidutaimi, umbrohtusid ja prahitaimi ning soo- ja veetaimi. Raamat k\u00e4sitleb 1340 liiki ja alamliiki taimi, mis ongi suurem osa Eesti piiridest leitud metsikult looduses kasvavatest taimedest. K\u00e4esolevast t\u00e4iendatud v\u00e4ljaandest leiab k\u00f5ik Eestis praegu kaitse all olevad taimeliigid. Tahvlitel kujutatud taimede juures on n\u00fc\u00fcdisaegsed levikukaardid Eesti taimede uuest levikuatlasest (ilmunud 2020) ning lisatud on ka mitmete viimastel aastatel Eestist avastatud taimede kirjeldused.<\/section>\n<\/div>\n<\/div>\n<\/div>\n<\/div>\n<\/article>\n<p>&nbsp;<\/p>\n<\/div>\n<\/div>\n<\/div>\n<div class=\"section product-slider-section bg-beige-light\">\n<div class=\"container\"><\/div>\n<\/div>\n","protected":false},"featured_media":102706,"template":"","meta":[],"product_brand":[],"product_cat":[670,307,588],"product_tag":[],"class_list":{"0":"post-102707","1":"product","2":"type-product","3":"status-publish","4":"has-post-thumbnail","6":"product_cat-sale","7":"product_cat-wood-sticks-and-herbs","8":"product_cat-tervise-raamatud-en","9":"product_shipping_class-xs-en-2","11":"first","12":"outofstock","13":"sale","14":"taxable","15":"shipping-taxable","16":"purchasable","17":"product-type-simple"},"_links":{"self":[{"href":"https:\/\/minervashop.eu\/en\/wp-json\/wp\/v2\/product\/102707","targetHints":{"allow":["GET"]}}],"collection":[{"href":"https:\/\/minervashop.eu\/en\/wp-json\/wp\/v2\/product"}],"about":[{"href":"https:\/\/minervashop.eu\/en\/wp-json\/wp\/v2\/types\/product"}],"wp:featuredmedia":[{"embeddable":true,"href":"https:\/\/minervashop.eu\/en\/wp-json\/wp\/v2\/media\/102706"}],"wp:attachment":[{"href":"https:\/\/minervashop.eu\/en\/wp-json\/wp\/v2\/media?parent=102707"}],"wp:term":[{"taxonomy":"product_brand","embeddable":true,"href":"https:\/\/minervashop.eu\/en\/wp-json\/wp\/v2\/product_brand?post=102707"},{"taxonomy":"product_cat","embeddable":true,"href":"https:\/\/minervashop.eu\/en\/wp-json\/wp\/v2\/product_cat?post=102707"},{"taxonomy":"product_tag","embeddable":true,"href":"https:\/\/minervashop.eu\/en\/wp-json\/wp\/v2\/product_tag?post=102707"}],"curies":[{"name":"wp","href":"https:\/\/api.w.org\/{rel}","templated":true}]}}