{"id":103490,"date":"2021-11-16T11:47:44","date_gmt":"2021-11-16T11:47:44","guid":{"rendered":"https:\/\/minervashop.eu\/toode\/12mm-akoya-shell-drops-pearl-earring-925\/"},"modified":"2026-03-20T10:30:25","modified_gmt":"2026-03-20T10:30:25","slug":"12mm-akoya-shell-drops-pearl-earring-925","status":"publish","type":"product","link":"https:\/\/minervashop.eu\/en\/product\/12mm-akoya-shell-drops-pearl-earring-925\/","title":{"rendered":"Grey Akoya pearl earrings 12mm"},"content":{"rendered":"<p><b>P\u00c4RL<\/b> &#8211; P\u00e4rl on ilu ja t\u00e4iuslikkuse s\u00fcmbol, armastuse juveel. P\u00e4rl on jumalate pisar. P\u00e4rlid s\u00fcmboliseerivad kuningav\u00f5imu, \u00f5iglust, tarkust. Kui teemant on kalliskivide kuningas, siis p\u00e4rl on kuninganna. P\u00e4rlid on juunis s\u00fcndinute kalliskivid ja neid kingitakse 30. pulma-aastap\u00e4eval. Seostub naiselikkuse vallaga \u2013 Kuu, vooruslikkuse, kannatlikkuse ja puhtusega. P\u00e4rlid kukuvad maa peale, kui taevased draakonid v\u00f5itlevad. Kandke p\u00e4rlit, kui palute Isiselt \u00f5nnistust. P\u00e4rlid s\u00fcmboliseerivad pisaraid ja naiselikku voorust. Seotud soodsa saatuse, karskuse, tundeselguse, mere v\u00e4e, armuloitsude, rahaloitsude ja hingej\u00f5u taastamisega. Mageveep\u00e4rlid aitavad teil ennast armastama \u00f5ppida ja armastust vastu v\u00f5tta. KEHA: seedeh\u00e4ired ja nakkused; toniseeriv m\u00f5ju;            <\/p>\n","protected":false},"excerpt":{"rendered":"<p>12 mm akoya pearl,<br \/>\nhook 925 silver<br \/>\n10 x 4 mm freshwater pearl<\/p>\n<p align=\"JUSTIFY\">\n","protected":false},"featured_media":103491,"template":"","meta":[],"product_brand":[],"product_cat":[659],"product_tag":[],"class_list":{"0":"post-103490","1":"product","2":"type-product","3":"status-publish","4":"has-post-thumbnail","6":"product_cat-pearls-and-shell-earrings","7":"product_shipping_class-xs-en-2","9":"first","10":"instock","11":"taxable","12":"shipping-taxable","13":"purchasable","14":"product-type-simple"},"_links":{"self":[{"href":"https:\/\/minervashop.eu\/en\/wp-json\/wp\/v2\/product\/103490","targetHints":{"allow":["GET"]}}],"collection":[{"href":"https:\/\/minervashop.eu\/en\/wp-json\/wp\/v2\/product"}],"about":[{"href":"https:\/\/minervashop.eu\/en\/wp-json\/wp\/v2\/types\/product"}],"wp:featuredmedia":[{"embeddable":true,"href":"https:\/\/minervashop.eu\/en\/wp-json\/wp\/v2\/media\/103491"}],"wp:attachment":[{"href":"https:\/\/minervashop.eu\/en\/wp-json\/wp\/v2\/media?parent=103490"}],"wp:term":[{"taxonomy":"product_brand","embeddable":true,"href":"https:\/\/minervashop.eu\/en\/wp-json\/wp\/v2\/product_brand?post=103490"},{"taxonomy":"product_cat","embeddable":true,"href":"https:\/\/minervashop.eu\/en\/wp-json\/wp\/v2\/product_cat?post=103490"},{"taxonomy":"product_tag","embeddable":true,"href":"https:\/\/minervashop.eu\/en\/wp-json\/wp\/v2\/product_tag?post=103490"}],"curies":[{"name":"wp","href":"https:\/\/api.w.org\/{rel}","templated":true}]}}