{"id":106553,"date":"2023-06-01T12:21:25","date_gmt":"2023-06-01T12:21:25","guid":{"rendered":"https:\/\/minervashop.eu\/toode\/loomade-armuelu\/"},"modified":"2023-06-01T12:21:25","modified_gmt":"2023-06-01T12:21:25","slug":"loomade-armuelu","status":"publish","type":"product","link":"https:\/\/minervashop.eu\/en\/product\/loomade-armuelu\/","title":{"rendered":"Loomade armuelu"},"content":{"rendered":"<p>Koprad j\u00e4\u00e4vad teineteisele kogu elu truuks.<br \/>\nSkorpionid v\u00f5rgutavad partnerit \u00f5rnalt tantsides.<br \/>\nEmased pingviinid v\u00f5tavad nii m\u00f5nigi kord armastuse eest tasu.<br \/>\nIsased l\u00f5vid on p\u00e4rast nelik\u00fcmmend korda seksimist p\u00e4evas omadega p\u00e4ris l\u00e4bi.<br \/>\nJa k\u00f5ige brutaalsemad on voodilutikad!<\/p>\n<ul class=\"two-cols-text\">\n<li>ISBN:9789985343692<\/li>\n<li>Originaalpealkiri:Das Liebesleben der Tiere<\/li>\n<li class=\"product_dimensions\">M\u00f5\u00f5dud:\u00a0168 \u00d7 240 mm<\/li>\n<li class=\"product_published\">Ilmunud:\u00a025.04.2018<\/li>\n<li>144 lk.<\/li>\n<\/ul>\n<p>&nbsp;<\/p>\n","protected":false},"excerpt":{"rendered":"<p>Koprad j\u00e4\u00e4vad teineteisele kogu elu truuks. Skorpionid v\u00f5rgutavad partnerit \u00f5rnalt tantsides. Emased pingviinid v\u00f5tavad nii m\u00f5nigi kord armastuse eest tasu. Isased l\u00f5vid on p\u00e4rast nelik\u00fcmmend korda seksimist p\u00e4evas omadega p\u00e4ris l\u00e4bi. Ja k\u00f5ige brutaalsemad on voodilutikad! ISBN:9789985343692 Originaalpealkiri:Das Liebesleben der Tiere M\u00f5\u00f5dud:\u00a0168 \u00d7 240 mm Ilmunud:\u00a025.04.2018 144 lk. &nbsp;<\/p>\n","protected":false},"featured_media":106552,"template":"","meta":[],"product_brand":[],"product_cat":[670,664,634,725,636,675,757,668,638,431,657],"product_tag":[],"class_list":{"0":"post-106553","1":"product","2":"type-product","3":"status-publish","4":"has-post-thumbnail","6":"product_cat-sale","7":"product_cat-elephants","8":"product_cat-wolves-and-dogs","9":"product_cat-rabbits","10":"product_cat-felines","11":"product_cat-eagles","12":"product_cat-swans","13":"product_cat-owls","14":"product_cat-insects","15":"product_cat-learning-books","16":"product_cat-ravens","17":"product_shipping_class-xs-en-2","19":"first","20":"instock","21":"sale","22":"taxable","23":"shipping-taxable","24":"purchasable","25":"product-type-simple"},"_links":{"self":[{"href":"https:\/\/minervashop.eu\/en\/wp-json\/wp\/v2\/product\/106553","targetHints":{"allow":["GET"]}}],"collection":[{"href":"https:\/\/minervashop.eu\/en\/wp-json\/wp\/v2\/product"}],"about":[{"href":"https:\/\/minervashop.eu\/en\/wp-json\/wp\/v2\/types\/product"}],"wp:featuredmedia":[{"embeddable":true,"href":"https:\/\/minervashop.eu\/en\/wp-json\/wp\/v2\/media\/106552"}],"wp:attachment":[{"href":"https:\/\/minervashop.eu\/en\/wp-json\/wp\/v2\/media?parent=106553"}],"wp:term":[{"taxonomy":"product_brand","embeddable":true,"href":"https:\/\/minervashop.eu\/en\/wp-json\/wp\/v2\/product_brand?post=106553"},{"taxonomy":"product_cat","embeddable":true,"href":"https:\/\/minervashop.eu\/en\/wp-json\/wp\/v2\/product_cat?post=106553"},{"taxonomy":"product_tag","embeddable":true,"href":"https:\/\/minervashop.eu\/en\/wp-json\/wp\/v2\/product_tag?post=106553"}],"curies":[{"name":"wp","href":"https:\/\/api.w.org\/{rel}","templated":true}]}}