{"id":106561,"date":"2023-06-01T12:25:01","date_gmt":"2023-06-01T12:25:01","guid":{"rendered":"https:\/\/minervashop.eu\/toode\/52-loodusest-inspireeritud-kasitooprojekti\/"},"modified":"2023-06-01T12:25:01","modified_gmt":"2023-06-01T12:25:01","slug":"52-loodusest-inspireeritud-kasitooprojekti","status":"publish","type":"product","link":"https:\/\/minervashop.eu\/en\/product\/52-loodusest-inspireeritud-kasitooprojekti\/","title":{"rendered":"52 loodusest inspireeritud k\u00e4sit\u00f6\u00f6projekti"},"content":{"rendered":"<ul class=\"two-cols-text\">\n<li>ISBN:9789985349175<\/li>\n<li>Originaalpealkiri:52 Nature Craft Projects<\/li>\n<li class=\"product_dimensions\">M\u00f5\u00f5dud:\u00a0170 \u00d7 230 mm<\/li>\n<li class=\"product_published\">Ilmunud:\u00a028.09.2020<\/li>\n<li>144 lk.<\/li>\n<\/ul>\n","protected":false},"excerpt":{"rendered":"<p>ISBN:9789985349175 Originaalpealkiri:52 Nature Craft Projects M\u00f5\u00f5dud:\u00a0170 \u00d7 230 mm Ilmunud:\u00a028.09.2020 144 lk.<\/p>\n","protected":false},"featured_media":106556,"template":"","meta":[],"product_brand":[],"product_cat":[670,431],"product_tag":[],"class_list":{"0":"post-106561","1":"product","2":"type-product","3":"status-publish","4":"has-post-thumbnail","6":"product_cat-sale","7":"product_cat-learning-books","8":"product_shipping_class-xs-en-2","10":"first","11":"instock","12":"sale","13":"taxable","14":"shipping-taxable","15":"purchasable","16":"product-type-simple"},"_links":{"self":[{"href":"https:\/\/minervashop.eu\/en\/wp-json\/wp\/v2\/product\/106561","targetHints":{"allow":["GET"]}}],"collection":[{"href":"https:\/\/minervashop.eu\/en\/wp-json\/wp\/v2\/product"}],"about":[{"href":"https:\/\/minervashop.eu\/en\/wp-json\/wp\/v2\/types\/product"}],"wp:featuredmedia":[{"embeddable":true,"href":"https:\/\/minervashop.eu\/en\/wp-json\/wp\/v2\/media\/106556"}],"wp:attachment":[{"href":"https:\/\/minervashop.eu\/en\/wp-json\/wp\/v2\/media?parent=106561"}],"wp:term":[{"taxonomy":"product_brand","embeddable":true,"href":"https:\/\/minervashop.eu\/en\/wp-json\/wp\/v2\/product_brand?post=106561"},{"taxonomy":"product_cat","embeddable":true,"href":"https:\/\/minervashop.eu\/en\/wp-json\/wp\/v2\/product_cat?post=106561"},{"taxonomy":"product_tag","embeddable":true,"href":"https:\/\/minervashop.eu\/en\/wp-json\/wp\/v2\/product_tag?post=106561"}],"curies":[{"name":"wp","href":"https:\/\/api.w.org\/{rel}","templated":true}]}}