{"id":106562,"date":"2023-06-01T12:32:11","date_gmt":"2023-06-01T12:32:11","guid":{"rendered":"https:\/\/minervashop.eu\/toode\/lahendamata-vandenoud\/"},"modified":"2023-06-01T12:32:11","modified_gmt":"2023-06-01T12:32:11","slug":"lahendamata-vandenoud","status":"publish","type":"product","link":"https:\/\/minervashop.eu\/en\/product\/lahendamata-vandenoud\/","title":{"rendered":"Lahendamata vanden\u00f5ud"},"content":{"rendered":"<p>Vanden\u00f5ude ajalugu on pikk \u2013 see ulatub Vana-Egiptusest t\u00e4nap\u00e4eva Pakistanini. K\u00e4esolev raamat justkui kataloogibki mitmesuguseid salasepitsusi, mida \u00fchendab \u00fcks asjaolu \u2013 nimelt on nende k\u00f5ikide puhul v\u00f5imatu \u00f6elda, mis siiski t\u00e4pselt juhtus v\u00f5i kes olid vanden\u00f5usse kaasatud.<br \/>\n\u201eLahendamata vanden\u00f5udesse\u201d on koondatud ajaloo k\u00f5ige h\u00e4mmastavamad vanden\u00f5ud, kinni m\u00e4tsitud lood ja libaoperatsioonid ning raamatus p\u00fc\u00fctakse vastata n\u00e4iteks niisugustele k\u00fcsimustele:<br \/>\n\u2022<br \/>\nKas Aleksander Suur m\u00f5rvati?<br \/>\n\u2022<br \/>\nKas Ameerika \u00dchendriikide valitsus oli seotud 11. septembri r\u00fcnnakutega?<br \/>\n\u2022<br \/>\nKas Philadelphia eksperiment leidis t\u00f5epoolest aset?<br \/>\n\u2022<br \/>\nKas Bilderbergi grupp kujutab endast t\u00f5esti salajast maailmavalitsust?<br \/>\n\u2022<br \/>\nKas president John F. Kennedy tappis \u00fcksik laskur v\u00f5i osalesid atentaadis teisedki inimesed?<\/p>\n<p>K\u00f5ikide selliste p\u00f5nevate juhtumite k\u00e4sitlemisel antakse l\u00fchike, kuid p\u00f5hjalik \u00fclevaade nende kulgemisest, esitletakse v\u00f5tmeisikuid ja vahel pakutakse v\u00e4lja lausa \u00fcllatavaid alternatiivseid teooriaid. Raamatus \u201eLahendamata vanden\u00f5ud\u201d on \u00fcle 150 foto, maali, joonistuse ja kaardi, mis aitavad lugejal m\u00f5istatuslike s\u00fcndmuste taga peituvatest faktidest suuremat pilti kokku panna.<\/p>\n","protected":false},"excerpt":{"rendered":"<p>Vanden\u00f5ude ajalugu on pikk \u2013 see ulatub Vana-Egiptusest t\u00e4nap\u00e4eva Pakistanini. K\u00e4esolev raamat justkui kataloogibki mitmesuguseid salasepitsusi, mida \u00fchendab \u00fcks asjaolu \u2013 nimelt on nende k\u00f5ikide puhul v\u00f5imatu \u00f6elda, mis siiski t\u00e4pselt juhtus v\u00f5i kes olid vanden\u00f5usse kaasatud. \u201eLahendamata vanden\u00f5udesse\u201d on koondatud ajaloo k\u00f5ige h\u00e4mmastavamad vanden\u00f5ud, kinni m\u00e4tsitud lood ja libaoperatsioonid ning raamatus p\u00fc\u00fctakse vastata n\u00e4iteks [&#8230;]\n","protected":false},"featured_media":106560,"template":"","meta":[],"product_brand":[],"product_cat":[670,431],"product_tag":[],"class_list":{"0":"post-106562","1":"product","2":"type-product","3":"status-publish","4":"has-post-thumbnail","6":"product_cat-sale","7":"product_cat-learning-books","8":"product_shipping_class-xs-en-2","10":"first","11":"instock","12":"sale","13":"taxable","14":"shipping-taxable","15":"purchasable","16":"product-type-simple"},"_links":{"self":[{"href":"https:\/\/minervashop.eu\/en\/wp-json\/wp\/v2\/product\/106562","targetHints":{"allow":["GET"]}}],"collection":[{"href":"https:\/\/minervashop.eu\/en\/wp-json\/wp\/v2\/product"}],"about":[{"href":"https:\/\/minervashop.eu\/en\/wp-json\/wp\/v2\/types\/product"}],"wp:featuredmedia":[{"embeddable":true,"href":"https:\/\/minervashop.eu\/en\/wp-json\/wp\/v2\/media\/106560"}],"wp:attachment":[{"href":"https:\/\/minervashop.eu\/en\/wp-json\/wp\/v2\/media?parent=106562"}],"wp:term":[{"taxonomy":"product_brand","embeddable":true,"href":"https:\/\/minervashop.eu\/en\/wp-json\/wp\/v2\/product_brand?post=106562"},{"taxonomy":"product_cat","embeddable":true,"href":"https:\/\/minervashop.eu\/en\/wp-json\/wp\/v2\/product_cat?post=106562"},{"taxonomy":"product_tag","embeddable":true,"href":"https:\/\/minervashop.eu\/en\/wp-json\/wp\/v2\/product_tag?post=106562"}],"curies":[{"name":"wp","href":"https:\/\/api.w.org\/{rel}","templated":true}]}}