{"id":106593,"date":"2023-06-01T12:39:41","date_gmt":"2023-06-01T12:39:41","guid":{"rendered":"https:\/\/minervashop.eu\/toode\/viktoriaanid\/"},"modified":"2023-06-01T12:39:41","modified_gmt":"2023-06-01T12:39:41","slug":"viktoriaanid","status":"publish","type":"product","link":"https:\/\/minervashop.eu\/en\/product\/viktoriaanid\/","title":{"rendered":"Viktoriaanid"},"content":{"rendered":"<p>19. sajandil toimusid maailmas suuremad muutused kui \u00fchelgi varasemal ajastul: rahvuste ja \u00fchiskondade korralduses, teadustes ja mitteusulises intellektuaalses arengus. Selle draama kesksed osat\u00e4itjad olid britid, kes m\u00f5tlesid v\u00e4lja nii kapitalismi kui ka imperialismi ning olid areneva maailma k\u00f5ige rikkamad ja m\u00f5jukamad investorid. Selles m\u00f5ttes sarnaneb kuninganna Victoria aegse Inglismaa positsioon tugevasti 20. sajandi l\u00f5pu Ameerika \u00dchendriikide omaga.<\/p>\n<p>Suurbritannia \u00fchel vilunumal elulookirjutajal ja romanistil Andrew Norman Wilsonil on silma hea loo tabamiseks. Oma mastaapses teoses k\u00e4sitleb ta kirjanikke, riigimehi, teadlasi, filosoofe ja s\u00f5jav\u00e4elasi, kelle elu ja arusaamad selle ajastu p\u00f6\u00f6rdelist ajalugu k\u00f5nekalt illustreerivad: loodusuurija Charles Darwin, filosoof ja majandusteadlane Karl Marx, poliitikud William Ewart Gladstone ja Benjamin Disraeli, kardinal John Henry Newman, kirjanikud Charles Dickens, George Eliot ning Rudyard Kipling jt. Wilson on selles raamatus selgitanud, kuidas pani Victoria-aegne Inglismaa aluse revolutsioonile, mis ei ole l\u00f5ppenud siiani.<br \/>\nWilsonilt on varem eesti keeles ilmunud monograafia \u201eKuninganna Victoria\u201d (2016).<\/p>\n","protected":false},"excerpt":{"rendered":"<p>19. sajandil toimusid maailmas suuremad muutused kui \u00fchelgi varasemal ajastul: rahvuste ja \u00fchiskondade korralduses, teadustes ja mitteusulises intellektuaalses arengus. Selle draama kesksed osat\u00e4itjad olid britid, kes m\u00f5tlesid v\u00e4lja nii kapitalismi kui ka imperialismi ning olid areneva maailma k\u00f5ige rikkamad ja m\u00f5jukamad investorid. Selles m\u00f5ttes sarnaneb kuninganna Victoria aegse Inglismaa positsioon tugevasti 20. sajandi l\u00f5pu Ameerika [&#8230;]\n","protected":false},"featured_media":106565,"template":"","meta":[],"product_brand":[],"product_cat":[670,431],"product_tag":[],"class_list":{"0":"post-106593","1":"product","2":"type-product","3":"status-publish","4":"has-post-thumbnail","6":"product_cat-sale","7":"product_cat-learning-books","8":"product_shipping_class-s-en","10":"first","11":"instock","12":"sale","13":"taxable","14":"shipping-taxable","15":"purchasable","16":"product-type-simple"},"_links":{"self":[{"href":"https:\/\/minervashop.eu\/en\/wp-json\/wp\/v2\/product\/106593","targetHints":{"allow":["GET"]}}],"collection":[{"href":"https:\/\/minervashop.eu\/en\/wp-json\/wp\/v2\/product"}],"about":[{"href":"https:\/\/minervashop.eu\/en\/wp-json\/wp\/v2\/types\/product"}],"wp:featuredmedia":[{"embeddable":true,"href":"https:\/\/minervashop.eu\/en\/wp-json\/wp\/v2\/media\/106565"}],"wp:attachment":[{"href":"https:\/\/minervashop.eu\/en\/wp-json\/wp\/v2\/media?parent=106593"}],"wp:term":[{"taxonomy":"product_brand","embeddable":true,"href":"https:\/\/minervashop.eu\/en\/wp-json\/wp\/v2\/product_brand?post=106593"},{"taxonomy":"product_cat","embeddable":true,"href":"https:\/\/minervashop.eu\/en\/wp-json\/wp\/v2\/product_cat?post=106593"},{"taxonomy":"product_tag","embeddable":true,"href":"https:\/\/minervashop.eu\/en\/wp-json\/wp\/v2\/product_tag?post=106593"}],"curies":[{"name":"wp","href":"https:\/\/api.w.org\/{rel}","templated":true}]}}