{"id":112134,"date":"2023-08-03T13:13:17","date_gmt":"2023-08-03T13:13:17","guid":{"rendered":"https:\/\/minervashop.eu\/toode\/puha-aeg-ja-maiade-kalender\/"},"modified":"2023-08-03T13:13:53","modified_gmt":"2023-08-03T13:13:53","slug":"puha-aeg-ja-maiade-kalender","status":"publish","type":"product","link":"https:\/\/minervashop.eu\/en\/product\/puha-aeg-ja-maiade-kalender\/","title":{"rendered":"P\u00fcha aeg ja maiade kalender"},"content":{"rendered":"<p>See raamat viib lugeja Guatemala maiade tuletseremooniatele, saunarituaalidele, Mehhiko vihmametsadesse ja kosmosesse maiade universaalsete arhet\u00fc\u00fcpidega seiklema. \u00dchendades eneses maise ja vaimse, annab raamat v\u00f5imaluse praktiseerida ja eksperimenteerida, silmaringi laiendada ja n\u00e4ha ennast uuest perspektiivist. Maiad on maailmale p\u00e4randanud p\u00fcha aja tunnetuspraktika \u2013 p\u00fcha kalendri\u00a0<em>chol q\u2019ij<\/em>, mis on kui energeetiline ilmateade, mis aitab meil m\u00f5ista iga p\u00e4eva r\u00fctmi ja annab meile juhatust erinevateks tegevusteks soodsaimate aegade kohta. Igal inimesel on ka oma isiklik energia, mida saab raamatu abil v\u00e4lja arvutada. Samuti on v\u00f5imalus avastada, millised on meie erinevate suhete \u00f5ppetunnid, arvutada v\u00e4lja oma isiklik p\u00e4evaenergia ja uue aasta \u00f5ppetunnid. Raamatuga aega veetes on sul v\u00f5imalik lisaks maiade kalendrile \u00f5ppida tundma ka maiade m\u00fcsteeriumeid, nende arusaama jumalast ja kosmosest ning eestlaste ja maiade \u00fchisosa.<\/p>\n<p>Raamatuga on kaasas 2023. aasta maiade kalender ja ennustused aastateks 2023\u20132025.<\/p>\n","protected":false},"excerpt":{"rendered":"<ul class=\"two-cols-text\">\n<li class=\"product_dimensions\">M\u00f5\u00f5dud:\u00a0170 \u00d7 240 mm<\/li>\n<li class=\"product_published\">Ilmunud:\u00a023.11.2022<\/li>\n<li>224+36 lk.<\/li>\n<\/ul>\n","protected":false},"featured_media":112133,"template":"","meta":[],"product_brand":[],"product_cat":[670,383,431],"product_tag":[],"class_list":{"0":"post-112134","1":"product","2":"type-product","3":"status-publish","4":"has-post-thumbnail","6":"product_cat-sale","7":"product_cat-divination-and-magic-books","8":"product_cat-learning-books","9":"product_shipping_class-xs-en-2","11":"first","12":"instock","13":"sale","14":"taxable","15":"shipping-taxable","16":"purchasable","17":"product-type-simple"},"_links":{"self":[{"href":"https:\/\/minervashop.eu\/en\/wp-json\/wp\/v2\/product\/112134","targetHints":{"allow":["GET"]}}],"collection":[{"href":"https:\/\/minervashop.eu\/en\/wp-json\/wp\/v2\/product"}],"about":[{"href":"https:\/\/minervashop.eu\/en\/wp-json\/wp\/v2\/types\/product"}],"wp:featuredmedia":[{"embeddable":true,"href":"https:\/\/minervashop.eu\/en\/wp-json\/wp\/v2\/media\/112133"}],"wp:attachment":[{"href":"https:\/\/minervashop.eu\/en\/wp-json\/wp\/v2\/media?parent=112134"}],"wp:term":[{"taxonomy":"product_brand","embeddable":true,"href":"https:\/\/minervashop.eu\/en\/wp-json\/wp\/v2\/product_brand?post=112134"},{"taxonomy":"product_cat","embeddable":true,"href":"https:\/\/minervashop.eu\/en\/wp-json\/wp\/v2\/product_cat?post=112134"},{"taxonomy":"product_tag","embeddable":true,"href":"https:\/\/minervashop.eu\/en\/wp-json\/wp\/v2\/product_tag?post=112134"}],"curies":[{"name":"wp","href":"https:\/\/api.w.org\/{rel}","templated":true}]}}