{"id":112201,"date":"2023-08-08T07:34:13","date_gmt":"2023-08-08T07:34:13","guid":{"rendered":"https:\/\/minervashop.eu\/toode\/soy-wax-art-tin-candle-120g\/"},"modified":"2025-12-12T14:01:55","modified_gmt":"2025-12-12T14:01:55","slug":"soy-wax-art-tin-candle-120g","status":"publish","type":"product","link":"https:\/\/minervashop.eu\/en\/product\/soy-wax-art-tin-candle-120g\/","title":{"rendered":"Soy Wax Art Tin Candle 120g Unicorns"},"content":{"rendered":"<p>Keskkonna s\u00f5bralik alternatiiv parafiin vahale. Sojavaha eraldab l\u00f5hna paremini on parem meie planeedile. Nad p\u00f5levad 30-50% kauem ega sisalda toksiine, mis on parafiin vaha sees ning eraldavad 95% v\u00e4hem tahma. Ei ole testitud loomade peal, vegan toode. Metallkarbis. P\u00f5lemisaeg kuni 23 tundi. Kaunist karpi saab taaskasutada p\u00e4rast k\u00fc\u00fcnla \u00e4rap\u00f5lemist. Iga karp on erineva disainiga vastavalt temaatikale.       <\/p>\n","protected":false},"excerpt":{"rendered":"<p>naturaalne sojavaha, k\u00f5rge kvaliteediga aroomi\u00f5lid, kaunis metallist toos reljeefse mustriga kaanel<\/p>\n<table class=\"properties\">\n<tbody>\n<tr class=\"\">\n<td>6.5&#215;6.5&#215;5 (cm)<span class=\"discreet volume\">,<\/span><\/td>\n<\/tr>\n<\/tbody>\n<\/table>\n","protected":false},"featured_media":112175,"template":"","meta":[],"product_brand":[],"product_cat":[426,102],"product_tag":[],"class_list":{"0":"post-112201","1":"product","2":"type-product","3":"status-publish","4":"has-post-thumbnail","6":"product_cat-aroma-candles","7":"product_cat-unicorn-and-horses","8":"product_shipping_class-s-en","10":"first","11":"instock","12":"taxable","13":"shipping-taxable","14":"purchasable","15":"product-type-simple"},"_links":{"self":[{"href":"https:\/\/minervashop.eu\/en\/wp-json\/wp\/v2\/product\/112201","targetHints":{"allow":["GET"]}}],"collection":[{"href":"https:\/\/minervashop.eu\/en\/wp-json\/wp\/v2\/product"}],"about":[{"href":"https:\/\/minervashop.eu\/en\/wp-json\/wp\/v2\/types\/product"}],"wp:featuredmedia":[{"embeddable":true,"href":"https:\/\/minervashop.eu\/en\/wp-json\/wp\/v2\/media\/112175"}],"wp:attachment":[{"href":"https:\/\/minervashop.eu\/en\/wp-json\/wp\/v2\/media?parent=112201"}],"wp:term":[{"taxonomy":"product_brand","embeddable":true,"href":"https:\/\/minervashop.eu\/en\/wp-json\/wp\/v2\/product_brand?post=112201"},{"taxonomy":"product_cat","embeddable":true,"href":"https:\/\/minervashop.eu\/en\/wp-json\/wp\/v2\/product_cat?post=112201"},{"taxonomy":"product_tag","embeddable":true,"href":"https:\/\/minervashop.eu\/en\/wp-json\/wp\/v2\/product_tag?post=112201"}],"curies":[{"name":"wp","href":"https:\/\/api.w.org\/{rel}","templated":true}]}}