{"id":113259,"date":"2023-08-23T13:51:19","date_gmt":"2023-08-23T13:51:19","guid":{"rendered":"https:\/\/minervashop.eu\/toode\/kurjuse-paevik\/"},"modified":"2023-08-25T07:26:22","modified_gmt":"2023-08-25T07:26:22","slug":"kurjuse-paevik","status":"publish","type":"product","link":"https:\/\/minervashop.eu\/en\/product\/kurjuse-paevik\/","title":{"rendered":"Kurjuse p\u00e4evik"},"content":{"rendered":"<p>Alfred Rosenberg oli Joseph Goebbelsi ja Hans Franki k\u00f5rval ainus Kolmanda Reich\u2019i ninamees, kes pidas natsiv\u00f5imu ajal p\u00e4evikut. Eestis kasvanud ja koolis k\u00e4inud ning Hitleri ideoloogiavolinikuks ja idaalade ministriks t\u00f5usnud Rosenbergi p\u00e4evik leiti s\u00f5ja l\u00f5pul \u00fchest Baieri lossist. Neil viiesajal lehek\u00fcljel kirjeldab Rosenberg oma rolli kogu Euroopat h\u00f5lmanud kunstir\u00f6\u00f6vides ja idaalade julmas okupatsioonis, vestlusi Hitleriga, l\u00f5putut rivaliteeti G\u00f6ringi, Goebbelsi ja Himmleriga ning muidugi oma m\u00f5tteid ajaloost, aarjalastest ja juutidest, mis leidsid l\u00f5puks v\u00e4ljenduse holokaustis.<\/p>\n<p>P\u00e4evikut kasutati t\u00f5endusmaterjalina N\u00fcrnbergi protsessil, aga siis l\u00e4ks see arusaamatul kombel kaotsi, kuni seda pakuti 2001. aastal \u00dchendriikide holokaustimuuseumile miljoni dollari eest m\u00fc\u00fca. \u201eKurjuse p\u00e4evik\u201d ongi \u00fchtaegu \u00fclevaade Natsi-Saksamaa t\u00f5usust ja langusest Rosenbergi silme l\u00e4bi ning detektiivilugu selle ajaloolise dokumendi jahtimisest ja k\u00e4ttesaamisest.<\/p>\n<p>Robert Wittman (snd 1955) rajas FBI kunstikuritegude r\u00fchma ja oli juurdlusb\u00fcroo ekspert kultuuriv\u00e4\u00e4rtuste varguste alal. Ta on kirjutanud menuraamatu \u201eHow I Went Undercover to Rescue the World\u2019s Stolen Treasures\u201d (2010). Robert Wittman elab Pennsylvanias. Tema koduleht: www.robertwittmaninc.com<br \/>\nDavid Kinney on Pulitzeri auhinnaga p\u00e4rjatud ajakirjanik, kes on kirjutanud kaast\u00f6id sellistele v\u00e4ljaannetele nagu The New York Times, The Washington Post ja The Boston Globe. Ta on kirjutanud ka raamatu \u201eThe Dylanologists: Adventures in the Land of Bob\u201d (2014). David Kinney elab Philadelphias. Tema koduleht: davidkinney.net<\/p>\n","protected":false},"excerpt":{"rendered":"<ul class=\"two-cols-text\">\n<li>Originaalpealkiri:The Devil\u2019s Diary<\/li>\n<li class=\"product_dimensions\">M\u00f5\u00f5dud:\u00a0143 \u00d7 210 mm<\/li>\n<li class=\"product_published\">Ilmunud:\u00a031.05.2017<\/li>\n<li>424 lk.<\/li>\n<\/ul>\n","protected":false},"featured_media":113258,"template":"","meta":[],"product_brand":[],"product_cat":[670,431],"product_tag":[],"class_list":{"0":"post-113259","1":"product","2":"type-product","3":"status-publish","4":"has-post-thumbnail","6":"product_cat-sale","7":"product_cat-learning-books","8":"product_shipping_class-xs-en-2","10":"first","11":"outofstock","12":"sale","13":"taxable","14":"shipping-taxable","15":"purchasable","16":"product-type-simple"},"_links":{"self":[{"href":"https:\/\/minervashop.eu\/en\/wp-json\/wp\/v2\/product\/113259","targetHints":{"allow":["GET"]}}],"collection":[{"href":"https:\/\/minervashop.eu\/en\/wp-json\/wp\/v2\/product"}],"about":[{"href":"https:\/\/minervashop.eu\/en\/wp-json\/wp\/v2\/types\/product"}],"wp:featuredmedia":[{"embeddable":true,"href":"https:\/\/minervashop.eu\/en\/wp-json\/wp\/v2\/media\/113258"}],"wp:attachment":[{"href":"https:\/\/minervashop.eu\/en\/wp-json\/wp\/v2\/media?parent=113259"}],"wp:term":[{"taxonomy":"product_brand","embeddable":true,"href":"https:\/\/minervashop.eu\/en\/wp-json\/wp\/v2\/product_brand?post=113259"},{"taxonomy":"product_cat","embeddable":true,"href":"https:\/\/minervashop.eu\/en\/wp-json\/wp\/v2\/product_cat?post=113259"},{"taxonomy":"product_tag","embeddable":true,"href":"https:\/\/minervashop.eu\/en\/wp-json\/wp\/v2\/product_tag?post=113259"}],"curies":[{"name":"wp","href":"https:\/\/api.w.org\/{rel}","templated":true}]}}