{"id":113264,"date":"2023-08-23T13:56:49","date_gmt":"2023-08-23T13:56:49","guid":{"rendered":"https:\/\/minervashop.eu\/toode\/okultism-noiakunst-ja-maagia\/"},"modified":"2026-01-17T09:38:41","modified_gmt":"2026-01-17T09:38:41","slug":"okultism-noiakunst-ja-maagia","status":"publish","type":"product","link":"https:\/\/minervashop.eu\/en\/product\/okultism-noiakunst-ja-maagia\/","title":{"rendered":"Okultism, n\u00f5iakunst ja maagia"},"content":{"rendered":"<div class=\"section content-wrap\">\n<div class=\"container\">\n<div class=\"row\">\n<p>&nbsp;<\/p>\n<article class=\"book-item detailed-product d-md-flex\">\n<div class=\"item-info-wrap col-md\">\n<div class=\"product-info-tabbed tabbed-content\">\n<div class=\"tabs-content\">\n<div class=\"collapsable\" data-id=\"product-desc\">\n<section class=\"collapsable-content\">Kogu inimkonna ajalugu l\u00e4bivaks jooneks on usk maagiasse. Ka meie j\u00e4rjest ratsionaalsemas ja teadusp\u00f5hisemas maailmas on idee, et okultsed v\u00f5i salajased teadmised v\u00f5ivad anda ligip\u00e4\u00e4su teisele, varjatud reaalsusele, palju tugevam ja levinum kui kunagi varem. \u201eOkultism, n\u00f5iakunst ja maagia\u201c on v\u00e4rvikas ja paeluv m\u00fcstiliste, m\u00f5istatuslike ja teispoolsusega seotud uskumuste ajalugu, alustades s\u00fcngest kiviaegsest koopast leitud k\u00f5ige esimesest maagiaga seotud t\u00f5enditest ja l\u00f5petades meie digitaalse ajastu ereda valguse ja taast\u00e4rganud huviga paganluse vastu. Sajad haruldastest ja ebatavalistest allikatest p\u00e4rit illustratsioonid, erinevaid kultuure \u00fchendavate teemade p\u00f5hjalik k\u00e4sitlus ja maagia ajaloo oluliste tegelaste iseloomustused moodustavad koos lummava ja vastupandamatu esoteerilise m\u00f5tte varakambri, mis meelitab \u00fchtviisi nii uskujaid kui ka skeptikuid.<\/section>\n<\/div>\n<\/div>\n<\/div>\n<\/div>\n<\/article>\n<p>&nbsp;<\/p>\n<\/div>\n<\/div>\n<\/div>\n<div class=\"section product-slider-section bg-beige-light\">\n<div class=\"container\"><\/div>\n<\/div>\n","protected":false},"excerpt":{"rendered":"<h2>Illustreeritud ajalugu<\/h2>\n<ul class=\"two-cols-text\">\n<li>Originaalpealkiri:The Occult, Witchcraft and Magic: An Illustrated History<\/li>\n<li class=\"product_dimensions\">M\u00f5\u00f5dud:\u00a0262 \u00d7 210 mm<\/li>\n<li class=\"product_published\">Ilmunud:\u00a023.10.2017<\/li>\n<li>400 lk.<\/li>\n<\/ul>\n","protected":false},"featured_media":113262,"template":"","meta":[],"product_brand":[],"product_cat":[670,383,431],"product_tag":[],"class_list":{"0":"post-113264","1":"product","2":"type-product","3":"status-publish","4":"has-post-thumbnail","6":"product_cat-sale","7":"product_cat-divination-and-magic-books","8":"product_cat-learning-books","9":"product_shipping_class-s-en","11":"first","12":"instock","13":"sale","14":"taxable","15":"shipping-taxable","16":"purchasable","17":"product-type-simple"},"_links":{"self":[{"href":"https:\/\/minervashop.eu\/en\/wp-json\/wp\/v2\/product\/113264","targetHints":{"allow":["GET"]}}],"collection":[{"href":"https:\/\/minervashop.eu\/en\/wp-json\/wp\/v2\/product"}],"about":[{"href":"https:\/\/minervashop.eu\/en\/wp-json\/wp\/v2\/types\/product"}],"wp:featuredmedia":[{"embeddable":true,"href":"https:\/\/minervashop.eu\/en\/wp-json\/wp\/v2\/media\/113262"}],"wp:attachment":[{"href":"https:\/\/minervashop.eu\/en\/wp-json\/wp\/v2\/media?parent=113264"}],"wp:term":[{"taxonomy":"product_brand","embeddable":true,"href":"https:\/\/minervashop.eu\/en\/wp-json\/wp\/v2\/product_brand?post=113264"},{"taxonomy":"product_cat","embeddable":true,"href":"https:\/\/minervashop.eu\/en\/wp-json\/wp\/v2\/product_cat?post=113264"},{"taxonomy":"product_tag","embeddable":true,"href":"https:\/\/minervashop.eu\/en\/wp-json\/wp\/v2\/product_tag?post=113264"}],"curies":[{"name":"wp","href":"https:\/\/api.w.org\/{rel}","templated":true}]}}