{"id":11476,"date":"2021-11-16T12:06:26","date_gmt":"2021-11-16T12:06:26","guid":{"rendered":"https:\/\/minervashop.eu\/toode\/hobesormus-valge-cz\/"},"modified":"2023-07-27T10:59:42","modified_gmt":"2023-07-27T10:59:42","slug":"hobesormus-valge-cz","status":"publish","type":"product","link":"https:\/\/minervashop.eu\/en\/toode\/hobesormus-valge-cz\/","title":{"rendered":"H\u00f5bes\u00f5rmus valge CZ"},"content":{"rendered":"","protected":false},"excerpt":{"rendered":"<p>925 h\u00f5be<br \/>\n3 mm<br \/>\n3 mm<\/p>\n","protected":false},"featured_media":88091,"template":"","meta":[],"product_brand":[],"product_cat":[495,161],"product_tag":[],"class_list":{"0":"post-11476","1":"product","2":"type-product","3":"status-publish","4":"has-post-thumbnail","6":"product_cat-925-hobedast-ja-hobetatud-sormused","7":"product_cat-valge-kiviga-sormused","8":"product_shipping_class-xs","10":"first","11":"instock","12":"taxable","13":"shipping-taxable","14":"purchasable","15":"product-type-variable"},"_links":{"self":[{"href":"https:\/\/minervashop.eu\/en\/wp-json\/wp\/v2\/product\/11476","targetHints":{"allow":["GET"]}}],"collection":[{"href":"https:\/\/minervashop.eu\/en\/wp-json\/wp\/v2\/product"}],"about":[{"href":"https:\/\/minervashop.eu\/en\/wp-json\/wp\/v2\/types\/product"}],"wp:featuredmedia":[{"embeddable":true,"href":"https:\/\/minervashop.eu\/en\/wp-json\/wp\/v2\/media\/88091"}],"wp:attachment":[{"href":"https:\/\/minervashop.eu\/en\/wp-json\/wp\/v2\/media?parent=11476"}],"wp:term":[{"taxonomy":"product_brand","embeddable":true,"href":"https:\/\/minervashop.eu\/en\/wp-json\/wp\/v2\/product_brand?post=11476"},{"taxonomy":"product_cat","embeddable":true,"href":"https:\/\/minervashop.eu\/en\/wp-json\/wp\/v2\/product_cat?post=11476"},{"taxonomy":"product_tag","embeddable":true,"href":"https:\/\/minervashop.eu\/en\/wp-json\/wp\/v2\/product_tag?post=11476"}],"curies":[{"name":"wp","href":"https:\/\/api.w.org\/{rel}","templated":true}]}}