{"id":115204,"date":"2023-09-07T12:39:53","date_gmt":"2023-09-07T12:39:53","guid":{"rendered":"https:\/\/minervashop.eu\/toode\/harry-potteri-maagiline-aasta\/"},"modified":"2023-09-09T07:37:46","modified_gmt":"2023-09-09T07:37:46","slug":"harry-potteri-maagiline-aasta","status":"publish","type":"product","link":"https:\/\/minervashop.eu\/en\/product\/harry-potteri-maagiline-aasta\/","title":{"rendered":"Harry Potteri maagiline aasta"},"content":{"rendered":"<ul class=\"two-cols-text\">\n<li>Originaalpealkiri:Harry Potter. A Magical Year<\/li>\n<li class=\"product_dimensions\">M\u00f5\u00f5dud:\u00a0192 \u00d7 227 mm<\/li>\n<li class=\"product_published\">Ilmunud:\u00a013.09.2021<\/li>\n<li>240 lk.<\/li>\n<\/ul>\n","protected":false},"excerpt":{"rendered":"<p>Lase Jim Kayl viia end maagilisele reisile \u2026<\/p>\n<p>J.K. Rowlingu armastatud Harry Potteri romaanide v\u00e4ljaanded Jim Kay illustratsioonidega on v\u00f5lunud tervet p\u00f5lvkonda. See suurep\u00e4rane pilgeni maagiat t\u00e4is k\u00f6ide \u00fchendab valiku tema ikoonilistest illustratsioonidest \u2013 sealhulgas ka ettevalmistavad visandid ja joonistused, mida pole varem n\u00e4htud \u2013 366 unustamatu tsitaadiga raamatusarjast. J\u00e4lgi, kuidas vahetuvad aastaajad, t\u00e4hista aastap\u00e4evi ja saa taas kokku lemmiktegelastega, kui Jim Kay v\u00f5rratu v\u00f5lukunst manab v\u00e4rvi, pliiatsi ja pikslitega esile maagilise aasta Sigat\u00fc\u00fckas.<\/p>\n<p>Naudi killukest Harry Potteri maagiat aasta igal p\u00e4eval.<\/p>\n","protected":false},"featured_media":115203,"template":"","meta":[],"product_brand":[],"product_cat":[670,383,431],"product_tag":[],"class_list":{"0":"post-115204","1":"product","2":"type-product","3":"status-publish","4":"has-post-thumbnail","6":"product_cat-sale","7":"product_cat-divination-and-magic-books","8":"product_cat-learning-books","9":"product_shipping_class-xs-en-2","11":"first","12":"instock","13":"sale","14":"taxable","15":"shipping-taxable","16":"purchasable","17":"product-type-simple"},"_links":{"self":[{"href":"https:\/\/minervashop.eu\/en\/wp-json\/wp\/v2\/product\/115204","targetHints":{"allow":["GET"]}}],"collection":[{"href":"https:\/\/minervashop.eu\/en\/wp-json\/wp\/v2\/product"}],"about":[{"href":"https:\/\/minervashop.eu\/en\/wp-json\/wp\/v2\/types\/product"}],"wp:featuredmedia":[{"embeddable":true,"href":"https:\/\/minervashop.eu\/en\/wp-json\/wp\/v2\/media\/115203"}],"wp:attachment":[{"href":"https:\/\/minervashop.eu\/en\/wp-json\/wp\/v2\/media?parent=115204"}],"wp:term":[{"taxonomy":"product_brand","embeddable":true,"href":"https:\/\/minervashop.eu\/en\/wp-json\/wp\/v2\/product_brand?post=115204"},{"taxonomy":"product_cat","embeddable":true,"href":"https:\/\/minervashop.eu\/en\/wp-json\/wp\/v2\/product_cat?post=115204"},{"taxonomy":"product_tag","embeddable":true,"href":"https:\/\/minervashop.eu\/en\/wp-json\/wp\/v2\/product_tag?post=115204"}],"curies":[{"name":"wp","href":"https:\/\/api.w.org\/{rel}","templated":true}]}}