{"id":115957,"date":"2023-10-05T09:03:54","date_gmt":"2023-10-05T09:03:54","guid":{"rendered":"https:\/\/minervashop.eu\/toode\/harry-potter-ja-araneetud-laps\/"},"modified":"2023-10-05T09:04:15","modified_gmt":"2023-10-05T09:04:15","slug":"harry-potter-ja-araneetud-laps","status":"publish","type":"product","link":"https:\/\/minervashop.eu\/en\/product\/harry-potter-ja-araneetud-laps\/","title":{"rendered":"Harry Potter ja \u00e4raneetud laps"},"content":{"rendered":"<p>&nbsp;<\/p>\n<ul class=\"two-cols-text\">\n<li>Originaalpealkiri:Harry Potter and The Cursed Child<\/li>\n<li class=\"product_dimensions\">M\u00f5\u00f5dud:\u00a0152 \u00d7 234 mm<\/li>\n<li class=\"product_published\">Ilmunud:\u00a013.04.2021<\/li>\n<li>336 lk.<\/li>\n<\/ul>\n","protected":false},"excerpt":{"rendered":"<h2>Esimene ja teine osa<\/h2>\n<p>P\u00f5hineb J.K. Rowlingu, John Tiffany ja Jack Thorne\u2019i uuel lool.<br \/>\nKaheksas lugu. 19 aastat hiljem.<br \/>\nHarry, Ron ja Hermione on n\u00fc\u00fcd juba t\u00e4iskasvanud, neil on endal lapsed ning nad elavad oma igap\u00e4evast elu. Harry on V\u00f5lukunstiministeeriumi teenistuja, t\u00f6\u00f6d on palju ning v\u00f5ib-olla ei suuda ta iga kord k\u00f5ige paremini m\u00f5ista oma lapsi, eriti aga Albus Severust, kellele on isa kuulsus pisut liiga r\u00e4nk koorem. Siis aga n\u00e4itavad mitmed m\u00e4rgid, et kogu must maagia ei ole veel maailmast kadunud ning see, et Harry arm on uuesti valutama hakanud, \u00fcksnes kinnitab Harry, Roni, Ginny ja Hermione kahtlusi. Taas pead t\u00f5stvale pimedusele peavad omal kombel vastu astuma nii vanemad kui ka lapsed.<\/p>\n<p>Kordustr\u00fckk.<\/p>\n","protected":false},"featured_media":115956,"template":"","meta":[],"product_brand":[],"product_cat":[670,383,431],"product_tag":[],"class_list":{"0":"post-115957","1":"product","2":"type-product","3":"status-publish","4":"has-post-thumbnail","6":"product_cat-sale","7":"product_cat-divination-and-magic-books","8":"product_cat-learning-books","9":"product_shipping_class-xs-en-2","11":"first","12":"instock","13":"sale","14":"taxable","15":"shipping-taxable","16":"purchasable","17":"product-type-simple"},"_links":{"self":[{"href":"https:\/\/minervashop.eu\/en\/wp-json\/wp\/v2\/product\/115957","targetHints":{"allow":["GET"]}}],"collection":[{"href":"https:\/\/minervashop.eu\/en\/wp-json\/wp\/v2\/product"}],"about":[{"href":"https:\/\/minervashop.eu\/en\/wp-json\/wp\/v2\/types\/product"}],"wp:featuredmedia":[{"embeddable":true,"href":"https:\/\/minervashop.eu\/en\/wp-json\/wp\/v2\/media\/115956"}],"wp:attachment":[{"href":"https:\/\/minervashop.eu\/en\/wp-json\/wp\/v2\/media?parent=115957"}],"wp:term":[{"taxonomy":"product_brand","embeddable":true,"href":"https:\/\/minervashop.eu\/en\/wp-json\/wp\/v2\/product_brand?post=115957"},{"taxonomy":"product_cat","embeddable":true,"href":"https:\/\/minervashop.eu\/en\/wp-json\/wp\/v2\/product_cat?post=115957"},{"taxonomy":"product_tag","embeddable":true,"href":"https:\/\/minervashop.eu\/en\/wp-json\/wp\/v2\/product_tag?post=115957"}],"curies":[{"name":"wp","href":"https:\/\/api.w.org\/{rel}","templated":true}]}}