{"id":115964,"date":"2023-10-05T09:07:20","date_gmt":"2023-10-05T09:07:20","guid":{"rendered":"https:\/\/minervashop.eu\/toode\/fantastilised-elukad-ja-kust-neid-leida-2\/"},"modified":"2023-10-05T09:50:02","modified_gmt":"2023-10-05T09:50:02","slug":"fantastilised-elukad-ja-kust-neid-leida-2","status":"publish","type":"product","link":"https:\/\/minervashop.eu\/en\/product\/fantastilised-elukad-ja-kust-neid-leida-2\/","title":{"rendered":"Fantastilised elukad ja kust neid leida"},"content":{"rendered":"<p>&nbsp;<\/p>\n<p>Magizooloog\u00a0<strong>Newton (Newt) Artemis Fido Scamander<\/strong>, snd 1897 a: \u201e2001 aastal tehti mu raamatu \u201eFantastilised elukad ja kust neid leida\u201d esmav\u00e4ljaande kordustr\u00fckk k\u00e4ttesaadavaks mugudest lugejatele. V\u00f5lukunsti Ministeerium n\u00f5ustus sellise pretsedenditu ettev\u00f5tmisega, et koguda raha Comic Reliefile, mugude \u00fchele lugupeetud heategevusorganisatsioonile. Mul lubati raamat uuesti v\u00e4lja anda \u00fcksnes tingimusel, et selles sisaldub v\u00e4ide, millega kinnitatakse mugudest lugejatele, et tegu on lukirjandusliku teosega. Asjakohase eess\u00f5na n\u00f5ustus kirjutama professor Albus Dumbledore.\u201c<\/p>\n<p><strong>J.K. Rowling<\/strong>\u00a0on rekordeid purustava ja ohtralt auhinnatud Harry Potteri raamatusarja autor. See terves maailmas armastatud sari on m\u00fc\u00fcnud 450 miljonit eksemplari, on t\u00f5lgitud 79 keelde ja tehtud kaheksaks suurejooneliseks filmiks.<\/p>\n<p>Ta on kirjutanud heategevuse toetamiseks kolm lisak\u00f6idet: \u201eLendluudpall l\u00e4bi aegade\u201d, \u201eFantastilised elukad ja kust neid leida\u201d ja \u201eBard Beedle\u2019i lood\u201d.<\/p>\n<p>2012. aastal loodi J. K. Rowlingu digitaalne kompanii Pottermore, kus f\u00e4nnid saavad osa tema uuematest kirjutistest ja s\u00fcvenevad \u00fcha rohkem v\u00f5lumaailma. J.K. Rowling on saanud palju auhindu ja auavaldusi, sealhulgas Briti Impeeriumi Ordeni teenete eest lastekirjandusele, Prantsuse L\u00e9giopn d\u2019honneuri ja Hans Christian Anderseni auhinna.<\/p>\n<p><strong>Olivia Lomenech Gill<\/strong>\u00a0on l\u00f5petanud kiitusega Hulli \u00dclikooli teatri alal ja Camberwelli Kunstikolled\u017ei graafika alal. Tema t\u00f6\u00f6d on olnud Kate Greenaway medali l\u00fchinimekirjas ja v\u00f5itnud Inglise Pildiraamatute Assotsiatsiooni raamatuauhinna. Olivia elab ja t\u00f6\u00f6tab P\u00f5hja- Northumberlandis puitstuudios, mille ta ehitas ise k\u00e4sitsi koos oma abikaasaga, kes on paberirestauraator. Neil on seal l\u00e4hedal k\u00fclas ka t\u00f6\u00f6tuba, kus asub Olivia kolmetonnine tr\u00fckipress.<\/p>\n","protected":false},"excerpt":{"rendered":"<h2>Illustreeritud v\u00e4ljaanne<\/h2>\n<p>Tegu on Sigat\u00fc\u00fcka kooli raamatukogust p\u00e4rit raamatuga k\u00f5igist fantastilistest olevustest, kes v\u00f5lurite maailmas tegutsevad, ning nendega seotud juhtumistest.<\/p>\n<p>Avasta v\u00f5lumaailma metsikuid imesid raamatust, mille on koostanud kuulus magizooloog\u00a0<strong>Newt Scamander<\/strong>. Raamatu luksusv\u00e4ljaande on illustreerinud\u00a0<strong>Olivia Lomenech Gill.<\/strong><\/p>\n<ul class=\"two-cols-text\">\n<li>Originaalpealkiri:Fantastic Beasts and Where to Find Them<\/li>\n<li class=\"product_dimensions\">M\u00f5\u00f5dud:\u00a0250 \u00d7 290 mm<\/li>\n<li class=\"product_published\">Ilmunud:\u00a004.10.2021<\/li>\n<li>136 lk.<\/li>\n<\/ul>\n","protected":false},"featured_media":115960,"template":"","meta":[],"product_brand":[],"product_cat":[670,635,634,383,431,102],"product_tag":[],"class_list":{"0":"post-115964","1":"product","2":"type-product","3":"status-publish","4":"has-post-thumbnail","6":"product_cat-sale","7":"product_cat-fairies-en","8":"product_cat-wolves-and-dogs","9":"product_cat-divination-and-magic-books","10":"product_cat-learning-books","11":"product_cat-unicorn-and-horses","12":"product_shipping_class-xs-en-2","14":"first","15":"instock","16":"sale","17":"taxable","18":"shipping-taxable","19":"purchasable","20":"product-type-simple"},"_links":{"self":[{"href":"https:\/\/minervashop.eu\/en\/wp-json\/wp\/v2\/product\/115964","targetHints":{"allow":["GET"]}}],"collection":[{"href":"https:\/\/minervashop.eu\/en\/wp-json\/wp\/v2\/product"}],"about":[{"href":"https:\/\/minervashop.eu\/en\/wp-json\/wp\/v2\/types\/product"}],"wp:featuredmedia":[{"embeddable":true,"href":"https:\/\/minervashop.eu\/en\/wp-json\/wp\/v2\/media\/115960"}],"wp:attachment":[{"href":"https:\/\/minervashop.eu\/en\/wp-json\/wp\/v2\/media?parent=115964"}],"wp:term":[{"taxonomy":"product_brand","embeddable":true,"href":"https:\/\/minervashop.eu\/en\/wp-json\/wp\/v2\/product_brand?post=115964"},{"taxonomy":"product_cat","embeddable":true,"href":"https:\/\/minervashop.eu\/en\/wp-json\/wp\/v2\/product_cat?post=115964"},{"taxonomy":"product_tag","embeddable":true,"href":"https:\/\/minervashop.eu\/en\/wp-json\/wp\/v2\/product_tag?post=115964"}],"curies":[{"name":"wp","href":"https:\/\/api.w.org\/{rel}","templated":true}]}}