{"id":12112,"date":"2021-11-16T12:09:41","date_gmt":"2021-11-16T12:09:41","guid":{"rendered":"https:\/\/minervashop.eu\/toode\/apatiit-toorkiviga-ripats-hobe\/"},"modified":"2022-12-22T08:50:04","modified_gmt":"2022-12-22T08:50:04","slug":"apatiit-toorkiviga-ripats-hobe","status":"publish","type":"product","link":"https:\/\/minervashop.eu\/en\/toode\/apatiit-toorkiviga-ripats-hobe\/","title":{"rendered":"Apatiit toorkiviga ripats, h\u00f5be"},"content":{"rendered":"<p>925 h\u00f5be<\/p>\n<p align=\"JUSTIFY\"><b>APATIIT \u2013<\/b>\u00a0Inspireeriv kivi, edendab humaanset suhtumist. S\u00fcvendab meditatsiooni, arendab ps\u00fc\u00fchilisi andeid ja vaimset h\u00e4\u00e4lestumist. Sisendab avatust ja sotsiaalset suhtlemist, hajutab \u00fcksk\u00f5iksust ja v\u00f5\u00f5randumist. K\u00f5rvaldab negativismi iseenda ja teiste suhtes. Kasulik h\u00fcperaktiivsetele ja autistlikele lastele. Stimuleerib loovust ja intellekti. Avardab teadmist ja t\u00f5de, leevendab kurbust, apaatiat ja viha. Vabastab energiat juurt\u0161akrast. KEHA: tervendab luid ja ergutab uute rakkude moodustumist. Aitan kaltsiumil imenduda ja parandab k\u00f5hrkudet, luid, hambaid ja motoorikat. Kiirendab ainevahetust. Kanda haigel kohal nahal.<\/p>\n<p align=\"JUSTIFY\">\n","protected":false},"excerpt":{"rendered":"<p><b>SININE APATIIT\u00a0<\/b>\u2013 seostub v\u00e4ga k\u00f5rge vaimse juhtimise tasandiga. Kergendab avalikku esinemist. Avab kurgut\u0161akra, ravitseb s\u00fcdant ning emotsionaalseid haigusseisundeid.<\/p>\n<h3><strong>vaata lisaks\u00a0<a href=\"https:\/\/minervashop.eu\/uudised\/naturaalsest-kivist-ehted\/\">siit<\/a><\/strong><\/h3>\n","protected":false},"featured_media":12113,"template":"","meta":[],"product_brand":[],"product_cat":[213],"product_tag":[],"class_list":{"0":"post-12112","1":"product","2":"type-product","3":"status-publish","4":"has-post-thumbnail","6":"product_cat-naturaalse-toorkiviga-kaelaripatsid","7":"product_shipping_class-xs","9":"first","10":"instock","11":"taxable","12":"shipping-taxable","13":"purchasable","14":"product-type-simple"},"_links":{"self":[{"href":"https:\/\/minervashop.eu\/en\/wp-json\/wp\/v2\/product\/12112","targetHints":{"allow":["GET"]}}],"collection":[{"href":"https:\/\/minervashop.eu\/en\/wp-json\/wp\/v2\/product"}],"about":[{"href":"https:\/\/minervashop.eu\/en\/wp-json\/wp\/v2\/types\/product"}],"wp:featuredmedia":[{"embeddable":true,"href":"https:\/\/minervashop.eu\/en\/wp-json\/wp\/v2\/media\/12113"}],"wp:attachment":[{"href":"https:\/\/minervashop.eu\/en\/wp-json\/wp\/v2\/media?parent=12112"}],"wp:term":[{"taxonomy":"product_brand","embeddable":true,"href":"https:\/\/minervashop.eu\/en\/wp-json\/wp\/v2\/product_brand?post=12112"},{"taxonomy":"product_cat","embeddable":true,"href":"https:\/\/minervashop.eu\/en\/wp-json\/wp\/v2\/product_cat?post=12112"},{"taxonomy":"product_tag","embeddable":true,"href":"https:\/\/minervashop.eu\/en\/wp-json\/wp\/v2\/product_tag?post=12112"}],"curies":[{"name":"wp","href":"https:\/\/api.w.org\/{rel}","templated":true}]}}