{"id":125941,"date":"2024-02-27T11:57:43","date_gmt":"2024-02-27T11:57:43","guid":{"rendered":"https:\/\/minervashop.eu\/?post_type=product&#038;p=125941"},"modified":"2024-04-17T11:16:05","modified_gmt":"2024-04-17T11:16:05","slug":"picasso-jaspis-kaevoru","status":"publish","type":"product","link":"https:\/\/minervashop.eu\/en\/toode\/picasso-jaspis-kaevoru\/","title":{"rendered":"Picasso jaspis k\u00e4ev\u00f5ru"},"content":{"rendered":"<p class=\"western\" align=\"justify\"><b>JASPIS \u2013<\/b> K\u00f5ik jaspised on head meditatsiooniks, aidates maandada ja keskenduda rituaali alguses ning kergendab meditasioonis p\u00fcsimist. K\u00f5ige hinnalisem on punaste plekkidega roheline kivi &#8211; heliotroop. Aitab hingeliselt kasvada, v\u00e4rskendab tundeid, vabastab negatiivsetest m\u00f5tetest. Sobib loomeinimestele \u2013 arendab fantaasiat, annab uue n\u00e4gemuse tavalistele asjadele. Seotud k\u00f5neosavuse, julguse, soodsa saatuse, vastuloitsude, tervendamise, varanduse, maagiliste n\u00e4gemuste ja ilu s\u00e4ilitamisega. Kaitseb fantasmide, luupainajate ja n\u00f5iduse eest. Kandjale annab tulise ja s\u00e4rtsaka iseloomu. Kaitsev kivi koolilastele, andes enesekindlust ja julgust seista enda eest. Stabiliseerib aurat ja rahustab. Stimuleerib intuitsiooni ja aitab realiseerida ideid praktikas. KEHA: epilepsia, palaviku ja vedelikupeetuse puhul, leevendab valu ja turgutab aju. Mao- v\u00f5i maksaprobleemide korral pange vajalikule kohale iga p\u00e4ev 20 minutiks. Amulett neerukivide vastu: graveerida jaspisele skorpioni kuju, kui P\u00e4ike on Skorpionis. Roheline jaspis seostub tervendamise ja empaatiaga. Pruun jaspis sobib maandamiseks ja keskendamiseks. Kui kannad kaasas noolepea kujulist jaspist, toob see \u00f5nne.<\/p>\n","protected":false},"excerpt":{"rendered":"<p>naturaalne kivi<\/p>\n<p>6 mm p\u00e4rlid<\/p>\n<p>klaas helmed<\/p>\n<p>22-24 cm randmele<\/p>\n<p align=\"JUSTIFY\"><strong>vaata lisaks\u00a0<a href=\"https:\/\/minervashop.eu\/uudised\/naturaalsete-kivide-vagi\/\">siit<\/a><\/strong><\/p>\n","protected":false},"featured_media":125946,"template":"","meta":[],"product_brand":[],"product_cat":[266,47,242],"product_tag":[],"class_list":{"0":"post-125941","1":"product","2":"type-product","3":"status-publish","4":"has-post-thumbnail","6":"product_cat-banbha","7":"product_cat-erikujulised-kividega-kaevorud","8":"product_cat-umar-parlitega-kaevorud","9":"product_shipping_class-xs","11":"first","12":"instock","13":"taxable","14":"shipping-taxable","15":"purchasable","16":"product-type-simple"},"_links":{"self":[{"href":"https:\/\/minervashop.eu\/en\/wp-json\/wp\/v2\/product\/125941","targetHints":{"allow":["GET"]}}],"collection":[{"href":"https:\/\/minervashop.eu\/en\/wp-json\/wp\/v2\/product"}],"about":[{"href":"https:\/\/minervashop.eu\/en\/wp-json\/wp\/v2\/types\/product"}],"wp:featuredmedia":[{"embeddable":true,"href":"https:\/\/minervashop.eu\/en\/wp-json\/wp\/v2\/media\/125946"}],"wp:attachment":[{"href":"https:\/\/minervashop.eu\/en\/wp-json\/wp\/v2\/media?parent=125941"}],"wp:term":[{"taxonomy":"product_brand","embeddable":true,"href":"https:\/\/minervashop.eu\/en\/wp-json\/wp\/v2\/product_brand?post=125941"},{"taxonomy":"product_cat","embeddable":true,"href":"https:\/\/minervashop.eu\/en\/wp-json\/wp\/v2\/product_cat?post=125941"},{"taxonomy":"product_tag","embeddable":true,"href":"https:\/\/minervashop.eu\/en\/wp-json\/wp\/v2\/product_tag?post=125941"}],"curies":[{"name":"wp","href":"https:\/\/api.w.org\/{rel}","templated":true}]}}