{"id":125962,"date":"2024-02-27T12:44:04","date_gmt":"2024-02-27T12:44:04","guid":{"rendered":"https:\/\/minervashop.eu\/?post_type=product&#038;p=125962"},"modified":"2025-12-16T15:33:55","modified_gmt":"2025-12-16T15:33:55","slug":"armastuse-ja-romantika-maagilised-sumbolid","status":"publish","type":"product","link":"https:\/\/minervashop.eu\/en\/toode\/armastuse-ja-romantika-maagilised-sumbolid\/","title":{"rendered":"Armastuse ja romantika maagilised s\u00fcmbolid"},"content":{"rendered":"<p>Richard Webster<br \/>\nRichard Webster on kirjutanud \u00fcle 75 raamatu ning teda peetakse Uus-Meremaa<br \/>\n\u00fcheks viljakamaks autoriks. Tuntud selgeltn\u00e4gijana on ta USA rahvusliku<br \/>\nh\u00fcpnoterapeutide gildi, \u00dchendkuningriigi professionaalsete h\u00fcpnoterapeutide<br \/>\nja paraps\u00fchholoogide assotsiatsiooni, Kanada rahvusvahelise<br \/>\nprofessionaalsete h\u00fcpnoterapeutide registri ning Uus-Meremaa ps\u00fchhoteraapia<br \/>\nja h\u00fcpnoteraapia instituudi liige. Te saate teada armastuse s\u00fcmbolite spetsiifilised t\u00e4hendused, kergesti<br \/>\nj\u00e4rgitavate juhendite abil aga oma armuelu elavdada .<br \/>\nRaamat kirjeldab ka t\u00e4nap\u00e4eva edulugusid, millest n\u00e4htub, kuidas armastuse<br \/>\ns\u00fcmbolite tundmine ja kasutamine on aidanud k\u00f6ita kallimat v\u00f5i lahendada<br \/>\nsuhteprobleeme.<\/p>\n","protected":false},"excerpt":{"rendered":"<ul>\n<li class=\"styles_detailsItem__-fQ1w\"><span class=\"styles_definition__1KDCa\">Pehmekaaneline<img decoding=\"async\" src=\"data:image\/svg+xml;base64,PHN2ZyB3aWR0aD0iMjciIGhlaWdodD0iMjciIHhtbG5zPSJodHRwOi8vd3d3LnczLm9yZy8yMDAwL3N2ZyIgdmVyc2lvbj0iMS4xIi8+\" alt=\"\" aria-hidden=\"true\" \/><br \/>\n<\/span><span class=\"styles_definition__1KDCa\">184 lehek\u00fclge<img decoding=\"async\" src=\"data:image\/svg+xml;base64,PHN2ZyB3aWR0aD0iMjkiIGhlaWdodD0iMjkiIHhtbG5zPSJodHRwOi8vd3d3LnczLm9yZy8yMDAwL3N2ZyIgdmVyc2lvbj0iMS4xIi8+\" alt=\"\" aria-hidden=\"true\" \/><br \/>\n<\/span><span class=\"styles_definition__1KDCa\">135 x 195 x 14 mm<\/span><\/li>\n<li>\n<div class=\"styles_descriptionRow__SietG\">\n<div class=\"styles_descriptionContainer__1O5vs\">\n<p><strong>vaata lisaks\u00a0<a href=\"https:\/\/minervashop.eu\/uudised\/tuleviku-ennustamine\/\">siit<\/a><\/strong><\/p>\n<p>Raamatus Armastuse ja romantika maagilised s\u00fcmbolid \u00f5petab autor, mil<br \/>\nviisil saab kasutada s\u00fcmbolite energiat, et tuua oma ellu romantikat ja<br \/>\nkirge.<\/p>\n<\/div>\n<\/div>\n<\/li>\n<\/ul>\n","protected":false},"featured_media":125963,"template":"","meta":[],"product_brand":[],"product_cat":[263,63,378,381,429],"product_tag":[],"class_list":{"0":"post-125962","1":"product","2":"type-product","3":"status-publish","4":"has-post-thumbnail","6":"product_cat-rhiannon","7":"product_cat-kallimale","8":"product_cat-eneseabi-raamatud","9":"product_cat-ennustamise-ja-maagia-raamatud","10":"product_cat-tarkuste-raamatud","11":"product_shipping_class-xs","13":"first","14":"instock","15":"taxable","16":"shipping-taxable","17":"purchasable","18":"product-type-simple"},"_links":{"self":[{"href":"https:\/\/minervashop.eu\/en\/wp-json\/wp\/v2\/product\/125962","targetHints":{"allow":["GET"]}}],"collection":[{"href":"https:\/\/minervashop.eu\/en\/wp-json\/wp\/v2\/product"}],"about":[{"href":"https:\/\/minervashop.eu\/en\/wp-json\/wp\/v2\/types\/product"}],"wp:featuredmedia":[{"embeddable":true,"href":"https:\/\/minervashop.eu\/en\/wp-json\/wp\/v2\/media\/125963"}],"wp:attachment":[{"href":"https:\/\/minervashop.eu\/en\/wp-json\/wp\/v2\/media?parent=125962"}],"wp:term":[{"taxonomy":"product_brand","embeddable":true,"href":"https:\/\/minervashop.eu\/en\/wp-json\/wp\/v2\/product_brand?post=125962"},{"taxonomy":"product_cat","embeddable":true,"href":"https:\/\/minervashop.eu\/en\/wp-json\/wp\/v2\/product_cat?post=125962"},{"taxonomy":"product_tag","embeddable":true,"href":"https:\/\/minervashop.eu\/en\/wp-json\/wp\/v2\/product_tag?post=125962"}],"curies":[{"name":"wp","href":"https:\/\/api.w.org\/{rel}","templated":true}]}}