{"id":125997,"date":"2024-02-27T14:09:24","date_gmt":"2024-02-27T14:09:24","guid":{"rendered":"https:\/\/minervashop.eu\/toode\/ilmutused-uue-sajandi-inimestele\/"},"modified":"2024-04-17T11:13:50","modified_gmt":"2024-04-17T11:13:50","slug":"ilmutused-uue-sajandi-inimestele","status":"publish","type":"product","link":"https:\/\/minervashop.eu\/en\/product\/ilmutused-uue-sajandi-inimestele\/","title":{"rendered":"Ilmutused uue sajandi inimestele"},"content":{"rendered":"<p>Inimese elu kergendamiseks Materiaalses Maailmas, tema \u00fclesannete selgitamiseks selles Maailmas ja selleks, et valmistada teda ette kohtumiseks Minuga, K\u00f5rgeima Kosmilise M\u00f5istusega, annan Ma edasi kaasaegsed t\u00f5lgendused Maailmaruumi ehituse struktuurist, kus inimesed praegu asuvad, samuti Vaimse Maailma ehituse struktuuri, kuhu nad satuvad p\u00e4rast maise teekonna l\u00f5ppu.<\/p>\n<p>Ilmutustes annan Mina, Issand Jumal, Minu poolt valitud inimese kaudu Venemaalt, Minu Abilise kaudu, kaasaegses keeles informatsiooni k\u00f5ikidele Maa inimestele nende v\u00f5imalustest ja sotsiaalsest olukorrast Maa peal.<\/p>\n<p>Ma hoiatan eelseisva huku v\u00f5imalikkuse eest ja selgitan inimestele v\u00f5imalusi \u00f5iglaste \u00fchiskonnasuhete loomiseks, samuti V\u00f5imup\u00fcramiidi struktuuri, mis p\u00f5hineb Minu poolt antud Teadmistel Vaimse Maailma Seadustest.<\/p>\n<p>Ilmutused on antud suhtlemise vormis Minu poolt valitud inimesega ja nende eesm\u00e4rgiks on Minu Teadmiste j\u00e4rkj\u00e4rguline avamine laiale inimeste ringile, kes on olemuselt oma \u00f5nne sepad.<\/p>\n<p>Inimese elu m\u00f5te ja tema potentsiaalsed v\u00f5imalused saavad selgeks ainult siis, kui inimene teadvustab oma missiooni Materiaalses Maailmas ja saab sellest aru.<\/p>\n<p>Iga inimene, kes loeb Ilmutusi, t\u00e4idab k\u00fcllalt l\u00fchikese aja jooksul oma teadmistepagasit, saab t\u00f5uke t\u00e4iustumiseks ja isiksuse arenemiseks, mis kergendab tema elu Materiaalses Maailmas ja valmistab teda ette kohtumiseks Minuga Vaimse Maailma l\u00e4vel!<\/p>\n<p>Ilmutustega tutvudes saadud soovituste ja teadmiste kas v\u00f5i osaline kasutamine lubab tal valida \u00f5igeid orientiire ja saada aru oma l\u00fchikese Maapealse elu m\u00f5ttest!<\/p>\n","protected":false},"excerpt":{"rendered":"<ul>\n<li class=\"styles_detailsItem__-fQ1w\"><span class=\"styles_definition__1KDCa\">K\u00f5vakaaneline<img decoding=\"async\" src=\"data:image\/svg+xml;base64,PHN2ZyB3aWR0aD0iMjciIGhlaWdodD0iMjciIHhtbG5zPSJodHRwOi8vd3d3LnczLm9yZy8yMDAwL3N2ZyIgdmVyc2lvbj0iMS4xIi8+\" alt=\"\" aria-hidden=\"true\" \/><br \/>\n<\/span><span class=\"styles_definition__1KDCa\">156 lehek\u00fclge<\/span><\/li>\n<li class=\"styles_detailsItem__-fQ1w\"><span class=\"styles_definition__1KDCa\">145 x 216 x 15 mm<\/span>\n<div class=\"styles_compare__1mkle\">\n<div><\/div>\n<\/div>\n<\/li>\n<\/ul>\n","protected":false},"featured_media":125996,"template":"","meta":[],"product_brand":[],"product_cat":[431],"product_tag":[],"class_list":{"0":"post-125997","1":"product","2":"type-product","3":"status-publish","4":"has-post-thumbnail","6":"product_cat-learning-books","7":"product_shipping_class-xs-en-2","9":"first","10":"instock","11":"taxable","12":"shipping-taxable","13":"purchasable","14":"product-type-simple"},"_links":{"self":[{"href":"https:\/\/minervashop.eu\/en\/wp-json\/wp\/v2\/product\/125997","targetHints":{"allow":["GET"]}}],"collection":[{"href":"https:\/\/minervashop.eu\/en\/wp-json\/wp\/v2\/product"}],"about":[{"href":"https:\/\/minervashop.eu\/en\/wp-json\/wp\/v2\/types\/product"}],"wp:featuredmedia":[{"embeddable":true,"href":"https:\/\/minervashop.eu\/en\/wp-json\/wp\/v2\/media\/125996"}],"wp:attachment":[{"href":"https:\/\/minervashop.eu\/en\/wp-json\/wp\/v2\/media?parent=125997"}],"wp:term":[{"taxonomy":"product_brand","embeddable":true,"href":"https:\/\/minervashop.eu\/en\/wp-json\/wp\/v2\/product_brand?post=125997"},{"taxonomy":"product_cat","embeddable":true,"href":"https:\/\/minervashop.eu\/en\/wp-json\/wp\/v2\/product_cat?post=125997"},{"taxonomy":"product_tag","embeddable":true,"href":"https:\/\/minervashop.eu\/en\/wp-json\/wp\/v2\/product_tag?post=125997"}],"curies":[{"name":"wp","href":"https:\/\/api.w.org\/{rel}","templated":true}]}}