{"id":126001,"date":"2024-02-27T14:17:38","date_gmt":"2024-02-27T14:17:38","guid":{"rendered":"https:\/\/minervashop.eu\/toode\/kuuloogia-ennustuskaardid-44-kaarti-ja-kasiraamat-2\/"},"modified":"2024-12-05T11:02:53","modified_gmt":"2024-12-05T11:02:53","slug":"kuuloogia-ennustuskaardid-44-kaarti-ja-kasiraamat","status":"publish","type":"product","link":"https:\/\/minervashop.eu\/en\/product\/kuuloogia-ennustuskaardid-44-kaarti-ja-kasiraamat\/","title":{"rendered":"Kuuloogia ennustuskaardid. 44 kaarti ja k\u00e4siraamat"},"content":{"rendered":"<p>Kuu energia m\u00f5jutab meie igap\u00e4evaelu v\u00e4ga tugevalt. Nende ilusate ennustuskaartide abil \u00f5pid, kuidas t\u00f6\u00f6tada Tema maagilise energiaga iga kuufaasi ajal.<\/p>\n<p><strong>Kuuloogia ennustuskaardid<\/strong>\u00a0on v\u00f5imas vaimne abivahend, mis v\u00f5imaldab sul tunnetada Kuud ja elada unistuste elu. Kui vajad mis tahes k\u00fcsimusele selget vastust, kasuta neid kaarte, et leida \u00f5ige suund ja eesm\u00e4rk ning seej\u00e4rel tegutseda!<\/p>\n<p>K\u00e4esolev k\u00e4siraamat sisaldab k\u00f5ike, mida vajad kaardipakiga t\u00f6\u00f6tamiseks, samuti leiad siit k\u00f5igi 44 kaardi t\u00e4henduse p\u00f5hjaliku kirjelduse. K\u00f5igepealt esita k\u00fcsimus v\u00f5i m\u00f5tle oma s\u00fcdamesoovile ja seej\u00e4rel t\u00f5mba kaart, et n\u00e4ha, mida Kuu sulle soovitab.<\/p>\n<p><strong>YASMIN BOLAND<\/strong>\u00a0on auhinnatud astroloogiakirjanik, kelle horoskoope ja astroloogiaveerge loevad igal n\u00e4dalal miljonid inimesed. Ta kirjutab ajakirjadele Red, Closer ja Good Health ning on menuraamatute \u201eKuuloogia\u201c ja \u201eAstrology Made Easy\u201c (\u201eLihtne astroloogia\u201c) autor.<br \/>\n<strong>NYX ROWAN<\/strong>\u00a0on vabakutseline kunstnik, kes ammutab loomingulist inspiratsiooni metsikust loodusest, taimemaailmast, kosmosest ja m\u00fctoloogiast.<\/p>\n<p>&nbsp;<\/p>\n","protected":false},"excerpt":{"rendered":"<ul>\n<li>44 kauni kujundusega kaarti<\/li>\n<li>120 lk k\u00e4siraamat kaardipaki kasutamisest ja kaartide t\u00e4hendusest<\/li>\n<li>Ilus karp<\/li>\n<li><span class=\"styles_definition__1KDCa\">98 x 137 x 34 mm<\/span><\/li>\n<li>\n<div class=\"styles_descriptionRow__SietG\">\n<div class=\"styles_descriptionContainer__1O5vs\">\n<p><strong>vaata lisaks\u00a0<a href=\"https:\/\/minervashop.eu\/uudised\/tuleviku-ennustamine\/\">siit<\/a><\/strong><\/p>\n<\/div>\n<\/div>\n<div class=\"product_toggleRow__1Tkd8\">\n<div class=\"styles_toggle__mqn_l\"><\/div>\n<\/div>\n<\/li>\n<\/ul>\n","protected":false},"featured_media":0,"template":"","meta":[],"product_brand":[],"product_cat":[313,383],"product_tag":[],"class_list":{"0":"post-126001","1":"product","2":"type-product","3":"status-publish","5":"product_cat-other-divination-decks","6":"product_cat-divination-and-magic-books","7":"product_shipping_class-xs-en-2","9":"first","10":"outofstock","11":"taxable","12":"shipping-taxable","13":"purchasable","14":"product-type-simple"},"_links":{"self":[{"href":"https:\/\/minervashop.eu\/en\/wp-json\/wp\/v2\/product\/126001","targetHints":{"allow":["GET"]}}],"collection":[{"href":"https:\/\/minervashop.eu\/en\/wp-json\/wp\/v2\/product"}],"about":[{"href":"https:\/\/minervashop.eu\/en\/wp-json\/wp\/v2\/types\/product"}],"wp:attachment":[{"href":"https:\/\/minervashop.eu\/en\/wp-json\/wp\/v2\/media?parent=126001"}],"wp:term":[{"taxonomy":"product_brand","embeddable":true,"href":"https:\/\/minervashop.eu\/en\/wp-json\/wp\/v2\/product_brand?post=126001"},{"taxonomy":"product_cat","embeddable":true,"href":"https:\/\/minervashop.eu\/en\/wp-json\/wp\/v2\/product_cat?post=126001"},{"taxonomy":"product_tag","embeddable":true,"href":"https:\/\/minervashop.eu\/en\/wp-json\/wp\/v2\/product_tag?post=126001"}],"curies":[{"name":"wp","href":"https:\/\/api.w.org\/{rel}","templated":true}]}}