{"id":126009,"date":"2024-02-27T14:26:50","date_gmt":"2024-02-27T14:26:50","guid":{"rendered":"https:\/\/minervashop.eu\/toode\/pendliraamat\/"},"modified":"2024-12-27T14:13:55","modified_gmt":"2024-12-27T14:13:55","slug":"pendliraamat","status":"publish","type":"product","link":"https:\/\/minervashop.eu\/en\/product\/pendliraamat\/","title":{"rendered":"Pendliraamat"},"content":{"rendered":"<p>Pendliga t\u00f6\u00f6tamine pole mitte ainult hea moodus kadu\u00adnud asjade leidmiseks, vaid ka v\u00f5imalus tasakaalustada meie olemuse ratsio\u00adnaalset ja intuitiivset poolt. See on t\u00f6\u00f6riist alateadvuse uurimiseks, vahend leidmaks vastuseid k\u00fcsimustele, millele ratsionaalse m\u00f5tteprotsessi v\u00f5i tea\u00addusliku metodoloogia abil vastuseid ei saa.<\/p>\n<p>&nbsp;<\/p>\n","protected":false},"excerpt":{"rendered":"<p>Komplekti kuulub 128-lehek\u00fcljeline k\u00e4siraamat, n\u00f6\u00f6riga pendel ja valik ennustamis-, astroloogilisi ja p\u00e4ikesem\u00e4rkide kaarte. V\u00f5ime v\u00f5tta pendlikomplekti kui t\u00f6\u00f6riista, m\u00f5nusat ajaviidet v\u00f5i v\u00f5imalust ennast s\u00fcgavamalt tundma \u00f5ppida.<\/p>\n<div class=\"styles_descriptionRow__SietG\">\n<div class=\"styles_descriptionContainer__1O5vs\">\n<p><strong>vaata lisaks\u00a0<a href=\"https:\/\/minervashop.eu\/uudised\/tuleviku-ennustamine\/\">siit<\/a><\/strong><\/p>\n<\/div>\n<\/div>\n<ul>\n<li class=\"styles_detailsItem__-fQ1w\"><span class=\"styles_definition__1KDCa\">karp<img decoding=\"async\" src=\"data:image\/svg+xml;base64,PHN2ZyB3aWR0aD0iMjciIGhlaWdodD0iMjciIHhtbG5zPSJodHRwOi8vd3d3LnczLm9yZy8yMDAwL3N2ZyIgdmVyc2lvbj0iMS4xIi8+\" alt=\"\" aria-hidden=\"true\" \/><br \/>\n<\/span><span class=\"styles_definition__1KDCa\">128 lehek\u00fclge<\/span><\/li>\n<li class=\"styles_detailsItem__-fQ1w\"><span class=\"styles_definition__1KDCa\">170 x 220 x 35 mm<\/span><\/li>\n<\/ul>\n","protected":false},"featured_media":0,"template":"","meta":[],"product_brand":[],"product_cat":[239,383],"product_tag":[],"class_list":{"0":"post-126009","1":"product","2":"type-product","3":"status-publish","5":"product_cat-ritual-wands-and-walking-sticks","6":"product_cat-divination-and-magic-books","7":"product_shipping_class-xs-en-2","9":"first","10":"outofstock","11":"taxable","12":"shipping-taxable","13":"purchasable","14":"product-type-simple"},"_links":{"self":[{"href":"https:\/\/minervashop.eu\/en\/wp-json\/wp\/v2\/product\/126009","targetHints":{"allow":["GET"]}}],"collection":[{"href":"https:\/\/minervashop.eu\/en\/wp-json\/wp\/v2\/product"}],"about":[{"href":"https:\/\/minervashop.eu\/en\/wp-json\/wp\/v2\/types\/product"}],"wp:attachment":[{"href":"https:\/\/minervashop.eu\/en\/wp-json\/wp\/v2\/media?parent=126009"}],"wp:term":[{"taxonomy":"product_brand","embeddable":true,"href":"https:\/\/minervashop.eu\/en\/wp-json\/wp\/v2\/product_brand?post=126009"},{"taxonomy":"product_cat","embeddable":true,"href":"https:\/\/minervashop.eu\/en\/wp-json\/wp\/v2\/product_cat?post=126009"},{"taxonomy":"product_tag","embeddable":true,"href":"https:\/\/minervashop.eu\/en\/wp-json\/wp\/v2\/product_tag?post=126009"}],"curies":[{"name":"wp","href":"https:\/\/api.w.org\/{rel}","templated":true}]}}