{"id":126050,"date":"2024-02-27T15:33:18","date_gmt":"2024-02-27T15:33:18","guid":{"rendered":"https:\/\/minervashop.eu\/toode\/uleminek-kuldajastusse-aastaks-2032\/"},"modified":"2025-01-27T11:32:52","modified_gmt":"2025-01-27T11:32:52","slug":"uleminek-kuldajastusse-aastaks-2032","status":"publish","type":"product","link":"https:\/\/minervashop.eu\/en\/product\/uleminek-kuldajastusse-aastaks-2032\/","title":{"rendered":"\u00dcleminek kuldajastusse aastaks 2032"},"content":{"rendered":"<p>\u201e\u00dcleminek kuldajastusse aastaks 2032\u201c \u00f5petab meile, kuidas \u00fchendada oma energia universumi l\u00f5putu energia reservuaariga, et m\u00f5ista paremini maailmas asetleidvaid muutusi. Uued imelised vaimsed energiad laskuvad sellele planeedile ning m\u00f5jutavad teatud piirkondi, p\u00f5hjustades majanduslikke, poliitilisi ja klimaatilisi muutusi. Laialdaselt tunnustatud kosmiliste protsesside uurija Diana Cooper vaatleb seda suurt \u00fcleminekut h\u00f5lmavat ajal\u00f5iku, mis kestab seni, kuni Maa vibratsioon 2032. aastaks eeldatavasti viienda dimensiooni sagedusse t\u00f5useb. Selles raamatus esitatud \u00f5petused ja ettekuulutused annavad \u00fclevaate, mida j\u00e4rgnevalt kahelt aastak\u00fcmnelt oodata ning kuidas ennast ette valmistada. Eesm\u00e4rgiks on aidata inimestel h\u00e4\u00e4lestuda nendele v\u00f5imsatele ja k\u00f5rgsageduslikele vaimsetele v\u00e4gedele, mis just praegu aktiveeruvad v\u00f5i ankurduvad.<br \/>\nDiana Cooper on enam kui kahek\u00fcmne vaimse raamatu autor ning teda on t\u00f5lgitud ligi kolmek\u00fcmnesse keelde. Diana Cooperi vaimne teekond sai alguse isikliku elu kriisist, mille haripunktis k\u00fclastas teda ingel. See kohtumine muutis ta elu. Sellest ajast alates on inglid ja meistrid tutvustanud talle ingliteilma, \u00fckssarvi ja haldjaid ning jaganud informatsiooni kuldajastu Atlantise, orbide ning paljude teiste vaimsete valdkondade kohta. Diana Cooperi s\u00f5nul on tema eesm\u00e4rgiks valgustada teed, et nii lapsed kui t\u00e4iskasvanud ja kogu planeet tervikuna v\u00f5iksid kogeda rahulikku, \u00f5nnelikku ja sujuvat \u00fcleminekut k\u00f5rgemasse sagedusse.<\/p>\n","protected":false},"excerpt":{"rendered":"<p>Diana Cooper: \u201eElame selle planeedi ajaloo k\u00f5ige p\u00f5nevamas etapis, mille teevad eriliseks eelk\u00f5ige erakordsed v\u00f5imalused vaimseks kasvuks. Selliseid v\u00f5imalusi ei ole mitte kunagi varem olnud ning miljonid inimesed \u00e4rkavad j\u00e4rgneva viie kuni k\u00fcmne aasta jooksul, kui meie planeet viiendasse dimensiooni suundub ning \u00fcha uued k\u00f5rgsageduslikud energiad k\u00f5ige elava teadvusetasandit t\u00f5stavad.\u201c<\/p>\n<ul>\n<li class=\"styles_detailsItem__-fQ1w\"><span class=\"styles_definition__1KDCa\">Pehmekaaneline<img decoding=\"async\" src=\"data:image\/svg+xml;base64,PHN2ZyB3aWR0aD0iMjciIGhlaWdodD0iMjciIHhtbG5zPSJodHRwOi8vd3d3LnczLm9yZy8yMDAwL3N2ZyIgdmVyc2lvbj0iMS4xIi8+\" alt=\"\" aria-hidden=\"true\" \/><br \/>\n<\/span><span class=\"styles_definition__1KDCa\">151 lehek\u00fclge<img decoding=\"async\" src=\"data:image\/svg+xml;base64,PHN2ZyB3aWR0aD0iMjkiIGhlaWdodD0iMjkiIHhtbG5zPSJodHRwOi8vd3d3LnczLm9yZy8yMDAwL3N2ZyIgdmVyc2lvbj0iMS4xIi8+\" alt=\"\" aria-hidden=\"true\" \/><br \/>\n<\/span><span class=\"styles_definition__1KDCa\">148 x 210 x 12 mm<\/span><\/li>\n<\/ul>\n","protected":false},"featured_media":126049,"template":"","meta":[],"product_brand":[],"product_cat":[431],"product_tag":[],"class_list":{"0":"post-126050","1":"product","2":"type-product","3":"status-publish","4":"has-post-thumbnail","6":"product_cat-learning-books","7":"product_shipping_class-xs-en-2","9":"first","10":"instock","11":"taxable","12":"shipping-taxable","13":"purchasable","14":"product-type-simple"},"_links":{"self":[{"href":"https:\/\/minervashop.eu\/en\/wp-json\/wp\/v2\/product\/126050","targetHints":{"allow":["GET"]}}],"collection":[{"href":"https:\/\/minervashop.eu\/en\/wp-json\/wp\/v2\/product"}],"about":[{"href":"https:\/\/minervashop.eu\/en\/wp-json\/wp\/v2\/types\/product"}],"wp:featuredmedia":[{"embeddable":true,"href":"https:\/\/minervashop.eu\/en\/wp-json\/wp\/v2\/media\/126049"}],"wp:attachment":[{"href":"https:\/\/minervashop.eu\/en\/wp-json\/wp\/v2\/media?parent=126050"}],"wp:term":[{"taxonomy":"product_brand","embeddable":true,"href":"https:\/\/minervashop.eu\/en\/wp-json\/wp\/v2\/product_brand?post=126050"},{"taxonomy":"product_cat","embeddable":true,"href":"https:\/\/minervashop.eu\/en\/wp-json\/wp\/v2\/product_cat?post=126050"},{"taxonomy":"product_tag","embeddable":true,"href":"https:\/\/minervashop.eu\/en\/wp-json\/wp\/v2\/product_tag?post=126050"}],"curies":[{"name":"wp","href":"https:\/\/api.w.org\/{rel}","templated":true}]}}