{"id":126054,"date":"2024-02-27T15:37:20","date_gmt":"2024-02-27T15:37:20","guid":{"rendered":"https:\/\/minervashop.eu\/toode\/%d0%b0%d1%80-%d0%bd%d1%83%d0%b2%d0%be-%d1%82%d0%b0%d1%80%d0%be-%d1%80%d0%b0%d1%81%d0%ba%d1%80%d0%b0%d1%81%d1%8c-%d0%b8-%d0%b2%d1%8b%d1%80%d0%b5%d0%b6%d0%b8-%d0%ba%d0%be%d0%bb%d0%be%d0%b4%d1%83\/"},"modified":"2024-07-17T08:45:22","modified_gmt":"2024-07-17T08:45:22","slug":"%d0%b0%d1%80-%d0%bd%d1%83%d0%b2%d0%be-%d1%82%d0%b0%d1%80%d0%be-varvi-ise-oma-kaardipakk","status":"publish","type":"product","link":"https:\/\/minervashop.eu\/en\/product\/%d0%b0%d1%80-%d0%bd%d1%83%d0%b2%d0%be-%d1%82%d0%b0%d1%80%d0%be-varvi-ise-oma-kaardipakk\/","title":{"rendered":"\u0410\u0440-\u043d\u0443\u0432\u043e \u0422\u0430\u0440\u043e. V\u00e4rvi ise oma kaardipakk"},"content":{"rendered":"<p>\u0415\u0441\u043b\u0438 \u0432\u0430\u0441 \u0437\u0430\u0432\u043e\u0440\u0430\u0436\u0438\u0432\u0430\u044e\u0442 \u043f\u043b\u0430\u0432\u043d\u044b\u0435 \u043b\u0438\u043d\u0438\u0438, \u043d\u0435\u0436\u043d\u044b\u0435 \u043e\u0431\u0440\u0430\u0437\u044b \u0438 \u0441\u0432\u0435\u0442\u043b\u0430\u044f \u044d\u043d\u0435\u0440\u0433\u0435\u0442\u0438\u043a\u0430 \u043c\u043e\u0434\u0435\u0440\u043d\u0430, \u0442\u043e \u0432\u0430\u043c \u043e\u043f\u0440\u0435\u0434\u0435\u043b\u0435\u043d\u043d\u043e \u043f\u043e\u043d\u0440\u0430\u0432\u0438\u0442\u0441\u044f \u044d\u0442\u0430 \u0440\u0430\u0441\u043a\u0440\u0430\u0441\u043a\u0430 \u0438\u0437 \u0441\u0435\u0440\u0438\u0438 \u00ab\u0410\u0440\u0442-\u043a\u043e\u043b\u043e\u0434\u044b \u0422\u0430\u0440\u043e\u00bb!<br \/>\n\u0412\u0441\u0435\u043b\u0435\u043d\u043d\u0443\u044e \u00ab\u0410\u0440-\u043d\u0443\u0432\u043e \u0422\u0430\u0440\u043e\u00bb, \u0441\u043e\u0437\u0434\u0430\u043d\u043d\u0443\u044e \u0445\u0443\u0434\u043e\u0436\u043d\u0438\u0446\u0435\u0439 \u042e\u043b\u0438\u0435\u0439 \u0421\u043e\u043a\u043e\u043b\u043e\u0432\u043e\u0439, \u043d\u0430\u0441\u0435\u043b\u044f\u044e\u0442 \u043e\u0431\u0440\u0430\u0437\u044b 78 \u043a\u0430\u0440\u0442 \u043a\u043e\u043b\u043e\u0434\u044b \u0423\u044d\u0439\u0442\u0430. \u0412\u043c\u0435\u0441\u0442\u0435 \u0441 \u0438\u0445 \u043f\u0435\u0440\u0441\u043e\u043d\u0430\u0436\u0430\u043c\u0438 \u0432\u044b \u0441\u043e\u0432\u0435\u0440\u0448\u0438\u0442\u0435 \u043f\u0440\u043e\u0433\u0443\u043b\u043a\u0443 \u0432\u043e \u0432\u0440\u0435\u043c\u0435\u043d\u0438: \u0410\u043d\u0442\u0438\u0447\u043d\u043e\u0441\u0442\u044c, \u0421\u0440\u0435\u0434\u043d\u0435\u0432\u0435\u043a\u043e\u0432\u044c\u0435, \u044d\u043f\u043e\u0445\u0430 \u0440\u043e\u043c\u0430\u043d\u0442\u0438\u0437\u043c\u0430 \u0438 \u0434\u0430\u0436\u0435 \u0440\u0443\u0441\u0441\u043a\u0438\u0439 \u0441\u0442\u0438\u043b\u044c \u043e\u0431\u044a\u0435\u0434\u0438\u043d\u044f\u0442\u0441\u044f \u0441 \u043f\u043e\u043c\u043e\u0449\u044c\u044e \u0438\u0437\u043e\u0431\u0440\u0430\u0437\u0438\u0442\u0435\u043b\u044c\u043d\u044b\u0445 \u0441\u0440\u0435\u0434\u0441\u0442\u0432 \u043c\u043e\u0434\u0435\u0440\u043d\u0430. \u0420\u0430\u0441\u043a\u0440\u0430\u0448\u0438\u0432\u0430\u044f \u043f\u0440\u0435\u043a\u0440\u0430\u0441\u043d\u044b\u0435 \u043e\u0440\u043d\u0430\u043c\u0435\u043d\u0442\u044b \u0438 \u0441\u0442\u0440\u0443\u044f\u0449\u0438\u0435\u0441\u044f \u0434\u0440\u0430\u043f\u0438\u0440\u043e\u0432\u043a\u0438, \u0432\u044b \u0440\u0430\u0437\u0431\u0435\u0440\u0435\u0442\u0435\u0441\u044c \u0432 \u0441\u0432\u043e\u0438\u0445 \u0436\u0435\u043b\u0430\u043d\u0438\u044f\u0445, \u043f\u0440\u043e\u0447\u0438\u0442\u0430\u0435\u0442\u0435 \u043d\u0430\u043c\u0435\u0440\u0435\u043d\u0438\u044f \u043e\u043a\u0440\u0443\u0436\u0430\u044e\u0449\u0438\u0445 \u0438 \u043d\u0430\u0439\u0434\u0435\u0442\u0435 \u043e\u0442\u0432\u0435\u0442\u044b \u043d\u0430 \u0432\u043e\u043b\u043d\u0443\u044e\u0449\u0438\u0435 \u0432\u043e\u043f\u0440\u043e\u0441\u044b.<br \/>\n\u0420\u0430\u0441\u043a\u0440\u0430\u0441\u044c\u0442\u0435 \u0438 \u0432\u044b\u0440\u0435\u0436\u044c\u0442\u0435 \u0441\u0432\u043e\u044e \u043a\u043e\u043b\u043e\u0434\u0443!<\/p>\n<p>\u2022 78 \u043a\u043e\u043d\u0442\u0443\u0440\u043d\u044b\u0445 \u0438\u043b\u043b\u044e\u0441\u0442\u0440\u0430\u0446\u0438\u0439 \u043a\u0430\u0440\u0442 \u0441\u0442\u0430\u043d\u0434\u0430\u0440\u0442\u043d\u043e\u0433\u043e \u0440\u0430\u0437\u043c\u0435\u0440\u0430 \u0441 \u0440\u0443\u0431\u0430\u0448\u043a\u0430\u043c\u0438 \u043d\u0430 \u043e\u0431\u043e\u0440\u043e\u0442\u0435.<br \/>\n\u2022 \u041a\u0430\u0440\u0442\u044b \u043f\u043e\u0434\u0433\u043e\u0442\u043e\u0432\u043b\u0435\u043d\u044b \u0441\u043f\u0435\u0446\u0438\u0430\u043b\u044c\u043d\u043e \u0434\u043b\u044f \u0440\u0430\u0441\u043a\u0440\u0430\u0448\u0438\u0432\u0430\u043d\u0438\u044f \u0438 \u043f\u043e\u0441\u043b\u0435\u0434\u0443\u044e\u0449\u0435\u0433\u043e \u0432\u044b\u0440\u0435\u0437\u0430\u043d\u0438\u044f.<br \/>\n\u2022 \u0421\u0432\u0435\u0440\u0445\u043f\u043b\u043e\u0442\u043d\u0430\u044f \u043e\u0444\u0441\u0435\u0442\u043d\u0430\u044f \u0431\u0443\u043c\u0430\u0433\u0430 \u043f\u043e\u0434\u0445\u043e\u0434\u0438\u0442 \u0434\u043b\u044f \u043b\u044e\u0431\u044b\u0445 \u0445\u0443\u0434\u043e\u0436\u0435\u0441\u0442\u0432\u0435\u043d\u043d\u044b\u0445 \u043c\u0430\u0442\u0435\u0440\u0438\u0430\u043b\u043e\u0432 \u2014 \u043e\u0442 \u0446\u0432\u0435\u0442\u043d\u044b\u0445 \u043a\u0430\u0440\u0430\u043d\u0434\u0430\u0448\u0435\u0439 \u0438 \u0440\u0443\u0447\u0435\u043a \u0434\u043e \u043c\u0430\u0440\u043a\u0435\u0440\u043e\u0432. \u0411\u0435\u0437 \u043f\u0440\u043e\u0441\u0432\u0435\u0447\u0438\u0432\u0430\u043d\u0438\u044f \u0438 \u043e\u0442\u043c\u0430\u0440\u044b\u0432\u0430\u043d\u0438\u044f.<\/p>\n","protected":false},"excerpt":{"rendered":"<p>78 kaarti taro, mille saad ise \u00e4ra v\u00e4rvida oma \u00e4ran\u00e4gemise j\u00e4rgi. Kaasas juhend, vene keelne<\/p>\n<div class=\"styles_descriptionRow__SietG\">\n<div class=\"styles_descriptionContainer__1O5vs\">\n<p><strong>vaata lisaks\u00a0<a href=\"https:\/\/minervashop.eu\/uudised\/tuleviku-ennustamine\/\">siit<\/a><\/strong><\/p>\n<\/div>\n<\/div>\n<ul>\n<li class=\"styles_detailsItem__-fQ1w\"><span class=\"styles_definition__1KDCa\">Pehmekaaneline<img decoding=\"async\" src=\"data:image\/svg+xml;base64,PHN2ZyB3aWR0aD0iMjciIGhlaWdodD0iMjciIHhtbG5zPSJodHRwOi8vd3d3LnczLm9yZy8yMDAwL3N2ZyIgdmVyc2lvbj0iMS4xIi8+\" alt=\"\" aria-hidden=\"true\" \/><br \/>\n<\/span><span class=\"styles_definition__1KDCa\">80 lehek\u00fclge<img decoding=\"async\" src=\"data:image\/svg+xml;base64,PHN2ZyB3aWR0aD0iMjkiIGhlaWdodD0iMjkiIHhtbG5zPSJodHRwOi8vd3d3LnczLm9yZy8yMDAwL3N2ZyIgdmVyc2lvbj0iMS4xIi8+\" alt=\"\" aria-hidden=\"true\" \/><br \/>\n<\/span><span class=\"styles_definition__1KDCa\">165 x 210 x 8 mm<\/span><\/li>\n<\/ul>\n","protected":false},"featured_media":126053,"template":"","meta":[],"product_brand":[],"product_cat":[274],"product_tag":[],"class_list":{"0":"post-126054","1":"product","2":"type-product","3":"status-publish","4":"has-post-thumbnail","6":"product_cat-taro-cards","7":"product_shipping_class-xs-en-2","9":"first","10":"instock","11":"taxable","12":"shipping-taxable","13":"purchasable","14":"product-type-simple"},"_links":{"self":[{"href":"https:\/\/minervashop.eu\/en\/wp-json\/wp\/v2\/product\/126054","targetHints":{"allow":["GET"]}}],"collection":[{"href":"https:\/\/minervashop.eu\/en\/wp-json\/wp\/v2\/product"}],"about":[{"href":"https:\/\/minervashop.eu\/en\/wp-json\/wp\/v2\/types\/product"}],"wp:featuredmedia":[{"embeddable":true,"href":"https:\/\/minervashop.eu\/en\/wp-json\/wp\/v2\/media\/126053"}],"wp:attachment":[{"href":"https:\/\/minervashop.eu\/en\/wp-json\/wp\/v2\/media?parent=126054"}],"wp:term":[{"taxonomy":"product_brand","embeddable":true,"href":"https:\/\/minervashop.eu\/en\/wp-json\/wp\/v2\/product_brand?post=126054"},{"taxonomy":"product_cat","embeddable":true,"href":"https:\/\/minervashop.eu\/en\/wp-json\/wp\/v2\/product_cat?post=126054"},{"taxonomy":"product_tag","embeddable":true,"href":"https:\/\/minervashop.eu\/en\/wp-json\/wp\/v2\/product_tag?post=126054"}],"curies":[{"name":"wp","href":"https:\/\/api.w.org\/{rel}","templated":true}]}}