{"id":126085,"date":"2024-02-28T08:55:09","date_gmt":"2024-02-28T08:55:09","guid":{"rendered":"https:\/\/minervashop.eu\/toode\/%d0%b8%d1%81%d1%86%d0%b5%d0%bb%d1%8f%d1%8e%d1%89%d0%b8%d0%b5-%d0%bc%d0%b0%d0%bd%d1%82%d1%80%d1%8b-%d0%b8-%d1%81%d0%b8%d0%bc%d0%b2%d0%be%d0%bb%d1%8b-%d0%b4%d1%83%d1%85%d0%be%d0%b2%d0%bd%d0%be%d0%b5\/"},"modified":"2024-04-17T11:08:13","modified_gmt":"2024-04-17T11:08:13","slug":"%d0%b8%d1%81%d1%86%d0%b5%d0%bb%d1%8f%d1%8e%d1%89%d0%b8%d0%b5-%d0%bc%d0%b0%d0%bd%d1%82%d1%80%d1%8b-%d0%b8-%d1%81%d0%b8%d0%bc%d0%b2%d0%be%d0%bb%d1%8b-%d0%b4%d1%83%d1%85%d0%be%d0%b2%d0%bd%d0%be%d0%b5","status":"publish","type":"product","link":"https:\/\/minervashop.eu\/en\/product\/%d0%b8%d1%81%d1%86%d0%b5%d0%bb%d1%8f%d1%8e%d1%89%d0%b8%d0%b5-%d0%bc%d0%b0%d0%bd%d1%82%d1%80%d1%8b-%d0%b8-%d1%81%d0%b8%d0%bc%d0%b2%d0%be%d0%bb%d1%8b-%d0%b4%d1%83%d1%85%d0%be%d0%b2%d0%bd%d0%be%d0%b5\/","title":{"rendered":"\u0418\u0421\u0426\u0415\u041b\u042f\u042e\u0429\u0418\u0415 \u041c\u0410\u041d\u0422\u0420\u042b \u0418 \u0421\u0418\u041c\u0412\u041e\u041b\u042b. \u0414\u0423\u0425\u041e\u0412\u041d\u041e\u0415 \u041d\u0410\u0421\u0422\u0410\u0412\u041b\u0415\u041d\u0418\u0415 \u0410\u0420\u0425\u0410\u041d\u0413\u0415\u041b\u0410 \u041c\u0418\u0425\u0410\u0418\u041b\u0410 (18 \u041a\u0410\u0420\u0422,\u0422\u0410\u0411\u041b\u0418\u0426\u042b)"},"content":{"rendered":"<p>\u0421\u043e\u0434\u0435\u0440\u0436\u0430\u043d\u0438\u0435:<\/p>\n<p>\u0412\u043d\u0438\u043c\u0430\u043d\u0438\u044e \u0447\u0438\u0442\u0430\u0442\u0435\u043b\u0435\u0439<br \/>\n\u0412\u044b\u0440\u0430\u0436\u0435\u043d\u0438\u0435 \u043f\u0440\u0438\u0437\u043d\u0430\u0442\u0435\u043b\u044c\u043d\u043e\u0441\u0442\u0438<br \/>\n\u041f\u0440\u0435\u0434\u0438\u0441\u043b\u043e\u0432\u0438\u0435<\/p>\n<p>\u041f\u043e\u044f\u0441\u043d\u0435\u043d\u0438\u0435 \u043a \u043c\u0430\u043d\u0442\u0440\u0430\u043c<br \/>\n\u041f\u043e\u044f\u0441\u043d\u0435\u043d\u0438\u0435 \u043a \u0441\u0438\u043c\u0432\u043e\u043b\u0430\u043c<br \/>\n\u0418\u0441\u0446\u0435\u043b\u044f\u044e\u0449\u0438\u0439 \u043a\u0440\u0443\u0433 \u0438\u0437 \u0441\u0438\u043c\u0432\u043e\u043b\u043e\u0432<br \/>\n\u0417\u0432\u0443\u043a\u0438 \u0438 \u0433\u0440\u0443\u043f\u043f\u044b \u0430\u043d\u0433\u0435\u043b\u043e\u0432<br \/>\n\u0412\u0430\u0436\u043d\u044b\u0435 \u0440\u0435\u043a\u043e\u043c\u0435\u043d\u0434\u0430\u0446\u0438\u0438 \u043f\u043e \u0438\u0441\u043f\u043e\u043b\u044c\u0437\u043e\u0432\u0430\u043d\u0438\u044e \u0441\u0438\u043c\u0432\u043e\u043b\u043e\u0432<br \/>\n\u0412\u044b\u0434\u0435\u0440\u0436\u043a\u0438 \u0438\u0437 \u043f\u043e\u0441\u043b\u0430\u043d\u0438\u0439, \u043f\u043e\u043b\u0443\u0447\u0435\u043d\u043d\u044b\u0445 \u0432\u043e \u0432\u0440\u0435\u043c\u044f<br \/>\n\u0441\u0435\u0430\u043d\u0441\u043e\u0432 \u0447\u0435\u043d\u043d\u0435\u043b\u0438\u043d\u0433\u0430<br \/>\n\u041c\u0410\u041d\u0422\u0420\u042b \u0418 \u0421\u0418\u041c\u0412\u041e\u041b\u042b 18 \u0421\u041b\u041e\u0415\u0412 \u0417\u0415\u041c\u041b\u0418<br \/>\n\u041c\u0430\u043d\u0442\u0440\u0430 1-\u0433\u043e \u0441\u043b\u043e\u044f \u0417\u0435\u043c\u043b\u0438. \u0410\u0420\u0410\u0412\u0418<br \/>\n\u0421\u0438\u043c\u0432\u043e\u043b 1-\u0433\u043e \u0441\u043b\u043e\u044f \u0417\u0435\u043c\u043b\u0438<br \/>\n\u041c\u0430\u043d\u0442\u0440\u0430 2-\u0433\u043e \u0441\u043b\u043e\u044f \u0417\u0435\u043c\u043b\u0438. \u0420\u0410\u041b\u0410\u042f<br \/>\n\u0421\u0438\u043c\u0432\u043e\u043b 2-\u0433\u043e \u0441\u043b\u043e\u044f \u0417\u0435\u043c\u043b\u0438<br \/>\n\u041c\u0430\u043d\u0442\u0440\u0430 3-\u0433\u043e \u0441\u043b\u043e\u044f \u0417\u0435\u043c\u043b\u0438. \u041a\u0410\u0420\u0410\u041d\u0410<br \/>\n\u0421\u0438\u043c\u0432\u043e\u043b 3-\u0433\u043e \u0441\u043b\u043e\u044f \u0417\u0435\u043c\u043b\u0438<br \/>\n\u041c\u0430\u043d\u0442\u0440\u0430 4-\u0433\u043e \u0441\u043b\u043e\u044f \u0417\u0435\u043c\u043b\u0438. \u0410\u041c\u0420\u0418\u041b\u0410<br \/>\n\u0421\u0438\u043c\u0432\u043e\u043b 4-\u0433\u043e \u0441\u043b\u043e\u044f \u0417\u0435\u043c\u043b\u0438<br \/>\n\u041c\u0430\u043d\u0442\u0440\u0430 5-\u0433\u043e \u0441\u043b\u043e\u044f \u0417\u0435\u043c\u043b\u0438. \u0410\u041c\u042c\u042f\u041a\u0410<br \/>\n\u0421\u0438\u043c\u0432\u043e\u043b 5-\u0433\u043e \u0441\u043b\u043e\u044f \u0417\u0435\u043c\u043b\u0438<br \/>\n\u041c\u0430\u043d\u0442\u0440\u0430 6-\u0433\u043e \u0441\u043b\u043e\u044f \u0417\u0435\u043c\u043b\u0438. \u0421\u0412\u0410\u0425\u0410\u042f<br \/>\n\u0421\u0438\u043c\u0432\u043e\u043b 6-\u0433\u043e \u0441\u043b\u043e\u044f \u0417\u0435\u043c\u043b\u0438<br \/>\n\u041c\u0430\u043d\u0442\u0440\u0430 7-\u0433\u043e \u0441\u043b\u043e\u044f \u0417\u0435\u043c\u043b\u0438. \u0412\u0410\u0420\u0418\u041b\u0410<br \/>\n\u0421\u0438\u043c\u0432\u043e\u043b 7-\u0433\u043e \u0441\u043b\u043e\u044f \u0417\u0435\u043c\u043b\u0438<br \/>\n\u041c\u0430\u043d\u0442\u0440\u0430 8-\u0433\u043e \u0441\u043b\u043e\u044f \u0417\u0435\u043c\u043b\u0438. \u0410\u0428\u0410\u041d\u0410<br \/>\n\u0421\u0438\u043c\u0432\u043e\u043b 8-\u0433\u043e \u0441\u043b\u043e\u044f \u0417\u0435\u043c\u043b\u0438<br \/>\n\u041c\u0430\u043d\u0442\u0440\u0430 9-\u0433\u043e \u0441\u043b\u043e\u044f \u0417\u0435\u043c\u043b\u0438. \u0422\u0410\u041b\u0410\u041c\u0410<br \/>\n\u0421\u0438\u043c\u0432\u043e\u043b 9-\u0433\u043e \u0441\u043b\u043e\u044f \u0417\u0435\u043c\u043b\u0438<br \/>\n\u041c\u0430\u043d\u0442\u0440\u0430 10-\u0433\u043e \u0441\u043b\u043e\u044f \u0417\u0435\u043c\u043b\u0438. \u041c\u0410\u041b\u0418\u041a\u0410<\/p>\n<p>\u0421\u0438\u043c\u0432\u043e\u043b 10-\u0433\u043e \u0441\u043b\u043e\u044f \u0417\u0435\u043c\u043b\u0438<br \/>\n\u041c\u0430\u043d\u0442\u0440\u0430 11-\u0433\u043e \u0441\u043b\u043e\u044f \u0417\u0435\u043c\u043b\u0438. \u0422\u0410\u042f\u041d\u0410<br \/>\n\u0421\u0438\u043c\u0432\u043e\u043b 11-\u0433\u043e \u0441\u043b\u043e\u044f \u0417\u0435\u043c\u043b\u0438<br \/>\n\u041c\u0430\u043d\u0442\u0440\u0430 12-\u0433\u043e \u0441\u043b\u043e\u044f \u0417\u0435\u043c\u043b\u0438. \u041c\u0410\u042f\u041a\u0410<br \/>\n\u0421\u0438\u043c\u0432\u043e\u043b 12-\u0433\u043e \u0441\u043b\u043e\u044f \u0417\u0435\u043c\u043b\u0438<br \/>\n\u041c\u0430\u043d\u0442\u0440\u0430 13-\u0433\u043e \u0441\u043b\u043e\u044f \u0417\u0435\u043c\u043b\u0438. \u0421\u0410\u0419\u041a\u0410\u041b\u0410<br \/>\n\u0421\u0438\u043c\u0432\u043e\u043b 13-\u0433\u043e \u0441\u043b\u043e\u044f \u0417\u0435\u043c\u043b\u0438<br \/>\n\u041c\u0430\u043d\u0442\u0440\u0430 14-\u0433\u043e \u0441\u043b\u043e\u044f \u0417\u0435\u043c\u043b\u0438. \u041c\u0410\u0425\u0418\u0420\u0410<br \/>\n\u0421\u0438\u043c\u0432\u043e\u043b 14-\u0433\u043e \u0441\u043b\u043e\u044f \u0417\u0435\u043c\u043b\u0438<br \/>\n\u041c\u0430\u043d\u0442\u0440\u0430 15-\u0433\u043e \u0441\u043b\u043e\u044f \u0417\u0435\u043c\u043b\u0438. \u0414\u0410\u042f\u041b\u0410<br \/>\n\u0421\u0438\u043c\u0432\u043e\u043b 15-\u0433\u043e \u0441\u043b\u043e\u044f \u0417\u0435\u043c\u043b\u0438<br \/>\n\u041c\u0430\u043d\u0442\u0440\u0430 16-\u0433\u043e \u0441\u043b\u043e\u044f \u0417\u0435\u043c\u043b\u0438. \u041d\u0418\u0422\u0410\u041b\u0410<br \/>\n\u0421\u0438\u043c\u0432\u043e\u043b 16-\u0433\u043e \u0441\u043b\u043e\u044f \u0417\u0435\u043c\u043b\u0438<br \/>\n\u041c\u0430\u043d\u0442\u0440\u0430 17-\u0433\u043e \u0441\u043b\u043e\u044f \u0417\u0435\u043c\u043b\u0438. \u042f\u0428\u0410\u041d\u0410<br \/>\n\u0421\u0438\u043c\u0432\u043e\u043b 17-\u0433\u043e \u0441\u043b\u043e\u044f \u0417\u0435\u043c\u043b\u0438<br \/>\n\u041c\u0430\u043d\u0442\u0440\u0430 18-\u0433\u043e \u0441\u043b\u043e\u044f \u0417\u0435\u043c\u043b\u0438. \u0412\u0410\u0428\u0410\u041b\u0410<br \/>\n\u0421\u0438\u043c\u0432\u043e\u043b 18-\u0433\u043e \u0441\u043b\u043e\u044f \u0417\u0435\u043c\u043b\u0438<br \/>\n\u041a\u043e\u043c\u0431\u0438\u043d\u0430\u0446\u0438\u0438 \u0441\u0438\u043c\u0432\u043e\u043b\u043e\u0432<br \/>\n\u0427\u0438\u0441\u043b\u0430 \u0438\u0441\u0446\u0435\u043b\u044f\u044e\u0449\u0438\u0445 \u0432\u0438\u0431\u0440\u0430\u0446\u0438\u0439 \u0434\u043b\u044f \u043e\u0440\u0433\u0430\u043d\u043e\u0432<br \/>\n\u041f\u0440\u0438\u043b\u043e\u0436\u0435\u043d\u0438\u0435. \u0421\u043b\u043e\u0432\u0430\u0440\u044c \u0441\u0430\u043d\u0441\u043a\u0440\u0438\u0442\u0441\u043a\u0438\u0445 \u0441\u043b\u043e\u0433\u043e\u0432<br \/>\n\u041f\u043e\u0441\u043b\u0435\u0441\u043b\u043e\u0432\u0438\u0435<\/p>\n","protected":false},"excerpt":{"rendered":"<p>Oma vaimses kehastuses annab peaingel Miikael inimestele 18 erilist s\u00fcmbolit ja mantrat Maa ja k\u00f5ikide selle olendite tervendamiseks. Need mantrad ja s\u00fcmbolid kannavad endas tohutut energeetikat, mis aitab puhastada teie t\u0161akraid ja t\u00e4ita need energiaga. Nad loovad sideme Maa ja kosmose vahel, avavad s\u00fcdame ja lasevad\u00a0 laskuda alateadvuse k\u00f5ige s\u00fcgavamatesse soppidesse.<\/p>\n<ul>\n<li class=\"styles_detailsItem__-fQ1w\"><span class=\"styles_definition__1KDCa\">karp ( karbil tr\u00fckidefektid)<img decoding=\"async\" src=\"data:image\/svg+xml;base64,PHN2ZyB3aWR0aD0iMjciIGhlaWdodD0iMjciIHhtbG5zPSJodHRwOi8vd3d3LnczLm9yZy8yMDAwL3N2ZyIgdmVyc2lvbj0iMS4xIi8+\" alt=\"\" aria-hidden=\"true\" \/><br \/>\n<\/span><span class=\"styles_definition__1KDCa\">96 lehek\u00fclge, vene keeles<img decoding=\"async\" src=\"data:image\/svg+xml;base64,PHN2ZyB3aWR0aD0iMjkiIGhlaWdodD0iMjkiIHhtbG5zPSJodHRwOi8vd3d3LnczLm9yZy8yMDAwL3N2ZyIgdmVyc2lvbj0iMS4xIi8+\" alt=\"\" aria-hidden=\"true\" \/><br \/>\n<\/span><span class=\"styles_definition__1KDCa\">107 x 145 x 27 mm<\/span><\/li>\n<\/ul>\n","protected":false},"featured_media":126084,"template":"","meta":[],"product_brand":[],"product_cat":[670,313,628],"product_tag":[],"class_list":{"0":"post-126085","1":"product","2":"type-product","3":"status-publish","4":"has-post-thumbnail","6":"product_cat-sale","7":"product_cat-other-divination-decks","8":"product_cat-angels-en","9":"product_shipping_class-xs-en-2","11":"first","12":"instock","13":"sale","14":"taxable","15":"shipping-taxable","16":"purchasable","17":"product-type-simple"},"_links":{"self":[{"href":"https:\/\/minervashop.eu\/en\/wp-json\/wp\/v2\/product\/126085","targetHints":{"allow":["GET"]}}],"collection":[{"href":"https:\/\/minervashop.eu\/en\/wp-json\/wp\/v2\/product"}],"about":[{"href":"https:\/\/minervashop.eu\/en\/wp-json\/wp\/v2\/types\/product"}],"wp:featuredmedia":[{"embeddable":true,"href":"https:\/\/minervashop.eu\/en\/wp-json\/wp\/v2\/media\/126084"}],"wp:attachment":[{"href":"https:\/\/minervashop.eu\/en\/wp-json\/wp\/v2\/media?parent=126085"}],"wp:term":[{"taxonomy":"product_brand","embeddable":true,"href":"https:\/\/minervashop.eu\/en\/wp-json\/wp\/v2\/product_brand?post=126085"},{"taxonomy":"product_cat","embeddable":true,"href":"https:\/\/minervashop.eu\/en\/wp-json\/wp\/v2\/product_cat?post=126085"},{"taxonomy":"product_tag","embeddable":true,"href":"https:\/\/minervashop.eu\/en\/wp-json\/wp\/v2\/product_tag?post=126085"}],"curies":[{"name":"wp","href":"https:\/\/api.w.org\/{rel}","templated":true}]}}