{"id":126089,"date":"2024-02-28T09:05:10","date_gmt":"2024-02-28T09:05:10","guid":{"rendered":"https:\/\/minervashop.eu\/toode\/%d0%ba%d0%bb%d0%b0%d1%81%d1%81%d0%b8%d1%87%d0%b5%d1%81%d0%ba%d0%be%d0%b5-%d1%82%d0%b0%d1%80%d0%be-%d0%bc%d0%b8%d0%bd%d0%b8-%d0%ba%d0%be%d0%bb%d0%be%d0%b4%d0%b0-78-%d0%ba%d0%b0%d1%80%d1%82-2-%d0%bf\/"},"modified":"2024-08-13T11:39:56","modified_gmt":"2024-08-13T11:39:56","slug":"%d0%ba%d0%bb%d0%b0%d1%81%d1%81%d0%b8%d1%87%d0%b5%d1%81%d0%ba%d0%be%d0%b5-%d1%82%d0%b0%d1%80%d0%be-%d0%bc%d0%b8%d0%bd%d0%b8-%d0%ba%d0%be%d0%bb%d0%be%d0%b4%d0%b0-78-%d0%ba%d0%b0%d1%80%d1%82-2-%d0%bf","status":"publish","type":"product","link":"https:\/\/minervashop.eu\/en\/product\/%d0%ba%d0%bb%d0%b0%d1%81%d1%81%d0%b8%d1%87%d0%b5%d1%81%d0%ba%d0%be%d0%b5-%d1%82%d0%b0%d1%80%d0%be-%d0%bc%d0%b8%d0%bd%d0%b8-%d0%ba%d0%be%d0%bb%d0%be%d0%b4%d0%b0-78-%d0%ba%d0%b0%d1%80%d1%82-2-%d0%bf\/","title":{"rendered":"\u041a\u041b\u0410\u0421\u0421\u0418\u0427\u0415\u0421\u041a\u041e\u0415 \u0422\u0410\u0420\u041e. \u041c\u0418\u041d\u0418-\u041a\u041e\u041b\u041e\u0414\u0410 (78 \u041a\u0410\u0420\u0422, 2 \u041f\u0423\u0421\u0422\u042b\u0415 \u0418 \u0418\u041d\u0421\u0422\u0420\u0423\u041a\u0426\u0418\u042f \u0412 \u041a\u041e\u0420\u041e\u0411\u041a\u0415)"},"content":{"rendered":"","protected":false},"excerpt":{"rendered":"<div class=\"styles_descriptionContainer__1O5vs dangerHtml styles_descriptionOpen__et78T\">Klassikaline taro kaardipakk 1910 aasta v\u00e4ljaande koopiana mini variandis. Sobib algajatele ja ka edasij\u00f5udnud taroloogidele, on hea kaasas kanda. 78 kaarti Lisaks 2 t\u00fchja kaarti. L\u00fchikirjeldus vene keeles.<\/div>\n<div class=\"styles_readMoreLink__6y0rB\">\n<div>57 x 95 x 35 mm<\/div>\n<div>\n<div class=\"styles_descriptionRow__SietG\">\n<div class=\"styles_descriptionContainer__1O5vs\">\n<p><strong>vaata lisaks\u00a0<a href=\"https:\/\/minervashop.eu\/uudised\/tuleviku-ennustamine\/\">siit<\/a><\/strong><\/p>\n<\/div>\n<\/div>\n<div class=\"product_toggleRow__1Tkd8\">\n<div class=\"styles_toggle__mqn_l\"><\/div>\n<\/div>\n<\/div>\n<\/div>\n","protected":false},"featured_media":126088,"template":"","meta":[],"product_brand":[],"product_cat":[274],"product_tag":[],"class_list":{"0":"post-126089","1":"product","2":"type-product","3":"status-publish","4":"has-post-thumbnail","6":"product_cat-taro-cards","7":"product_shipping_class-xs-en-2","9":"first","10":"instock","11":"taxable","12":"shipping-taxable","13":"purchasable","14":"product-type-simple"},"_links":{"self":[{"href":"https:\/\/minervashop.eu\/en\/wp-json\/wp\/v2\/product\/126089","targetHints":{"allow":["GET"]}}],"collection":[{"href":"https:\/\/minervashop.eu\/en\/wp-json\/wp\/v2\/product"}],"about":[{"href":"https:\/\/minervashop.eu\/en\/wp-json\/wp\/v2\/types\/product"}],"wp:featuredmedia":[{"embeddable":true,"href":"https:\/\/minervashop.eu\/en\/wp-json\/wp\/v2\/media\/126088"}],"wp:attachment":[{"href":"https:\/\/minervashop.eu\/en\/wp-json\/wp\/v2\/media?parent=126089"}],"wp:term":[{"taxonomy":"product_brand","embeddable":true,"href":"https:\/\/minervashop.eu\/en\/wp-json\/wp\/v2\/product_brand?post=126089"},{"taxonomy":"product_cat","embeddable":true,"href":"https:\/\/minervashop.eu\/en\/wp-json\/wp\/v2\/product_cat?post=126089"},{"taxonomy":"product_tag","embeddable":true,"href":"https:\/\/minervashop.eu\/en\/wp-json\/wp\/v2\/product_tag?post=126089"}],"curies":[{"name":"wp","href":"https:\/\/api.w.org\/{rel}","templated":true}]}}