{"id":126154,"date":"2024-02-28T10:50:34","date_gmt":"2024-02-28T10:50:34","guid":{"rendered":"https:\/\/minervashop.eu\/toode\/%d0%bf%d1%80%d0%b5%d0%b4%d1%81%d0%ba%d0%b0%d0%b7%d0%b0%d1%82%d0%b5%d0%bb%d1%8c%d0%bd%d0%be%d0%b5-%d1%82%d0%b0%d1%80%d0%be-%d0%b8%d0%bb%d0%b8-%d0%ba%d0%bb%d1%8e%d1%87-%d0%b2%d1%81%d1%8f%d0%ba%d0%be\/"},"modified":"2024-04-17T11:03:01","modified_gmt":"2024-04-17T11:03:01","slug":"%d0%bf%d1%80%d0%b5%d0%b4%d1%81%d0%ba%d0%b0%d0%b7%d0%b0%d1%82%d0%b5%d0%bb%d1%8c%d0%bd%d0%be%d0%b5-%d1%82%d0%b0%d1%80%d0%be-%d0%b8%d0%bb%d0%b8-%d0%ba%d0%bb%d1%8e%d1%87-%d0%b2%d1%81%d1%8f%d0%ba%d0%be","status":"publish","type":"product","link":"https:\/\/minervashop.eu\/en\/product\/%d0%bf%d1%80%d0%b5%d0%b4%d1%81%d0%ba%d0%b0%d0%b7%d0%b0%d1%82%d0%b5%d0%bb%d1%8c%d0%bd%d0%be%d0%b5-%d1%82%d0%b0%d1%80%d0%be-%d0%b8%d0%bb%d0%b8-%d0%ba%d0%bb%d1%8e%d1%87-%d0%b2%d1%81%d1%8f%d0%ba%d0%be\/","title":{"rendered":"\u041f\u0440\u0435\u0434\u0441\u043a\u0430\u0437\u0430\u0442\u0435\u043b\u044c\u043d\u043e\u0435 \u0422\u0430\u0440\u043e, \u0438\u043b\u0438 \u041a\u043b\u044e\u0447 \u0432\u0441\u044f\u043a\u043e\u0433\u043e \u0440\u043e\u0434\u0430 \u043a\u0430\u0440\u0442\u043e\u0447\u043d\u044b\u0445 \u0433\u0430\u0434\u0430\u043d\u0438\u0439"},"content":{"rendered":"<div class=\"styles_descriptionContainer__1O5vs dangerHtml styles_descriptionOpen__et78T\">\u00a0\u041b\u0430\u043a\u043e\u043d\u0438\u0447\u043d\u044b\u0435 \u0438 \u0442\u043e\u0447\u043d\u044b\u0435 \u0438\u043b\u043b\u044e\u0441\u0442\u0440\u0430\u0446\u0438\u0438 \u043a \u043a\u043e\u043b\u043e\u0434\u0435 \u0432\u044b\u043f\u043e\u043b\u043d\u0435\u043d\u044b \u0444\u0440\u0430\u043d\u0446\u0443\u0437\u0441\u043a\u0438\u043c \u0445\u0443\u0434\u043e\u0436\u043d\u0438\u043a\u043e\u043c \u0413\u0430\u0431\u0440\u0438\u044d\u043b\u0435\u043c \u0413\u0443\u043b\u0438\u043d\u0430\u0442\u043e\u043c. \u0412\u0441\u0435 78 \u043a\u0430\u0440\u0442 \u043f\u0440\u0435\u0434\u0441\u0442\u0430\u0432\u043b\u0435\u043d\u044b \u043d\u0430 \u043f\u043b\u043e\u0442\u043d\u043e\u0439 \u0432\u043a\u043b\u0435\u0439\u043a\u0435, \u0438\u0437\u0433\u043e\u0442\u043e\u0432\u043b\u0435\u043d\u043d\u043e\u0439 \u0438\u0437 \u043f\u043b\u043e\u0442\u043d\u043e\u0439 \u0431\u0443\u043c\u0430\u0433\u0438. \u0427\u0438\u0442\u0430\u0442\u0435\u043b\u044c \u0438\u043c\u0435\u0435\u0442 \u0432\u043e\u0437\u043c\u043e\u0436\u043d\u043e\u0441\u0442\u044c \u0432\u044b\u0440\u0435\u0437\u0430\u0442\u044c \u043a\u0430\u0440\u0442\u044b \u0438 \u043f\u043e\u043b\u0443\u0447\u0438\u0442\u044c \u0441\u0432\u043e\u044e \u0441\u043e\u0431\u0441\u0442\u0432\u0435\u043d\u043d\u0443\u044e \u043a\u043e\u043b\u043e\u0434\u0443 \u0434\u043b\u044f \u0433\u0430\u0434\u0430\u043d\u0438\u0439. \u0412 \u0441\u0432\u043e\u0435\u043c \u0440\u0443\u043a\u043e\u0432\u043e\u0434\u0441\u0442\u0432\u0435 \u043a \u0433\u0430\u0434\u0430\u043d\u0438\u044e \u041f\u0430\u043f\u044e\u0441 \u043f\u043e\u0434\u0440\u043e\u0431\u043d\u043e \u043f\u043e\u044f\u0441\u043d\u044f\u0435\u0442 \u0437\u043d\u0430\u0447\u0435\u043d\u0438\u0435 \u0434\u0440\u0435\u0432\u043d\u0438\u0445 \u0430\u0441\u0442\u0440\u043e\u043b\u043e\u0433\u0438\u0447\u0435\u0441\u043a\u0438\u0445 \u0437\u043d\u0430\u043a\u043e\u0432 \u0438 \u0441\u0438\u043c\u0432\u043e\u043b\u043e\u0432 \u043a\u0430\u0431\u0431\u0430\u043b\u044b, \u0434\u0435\u043c\u043e\u043d\u0441\u0442\u0440\u0438\u0440\u0443\u0435\u0442 \u0432\u0430\u0440\u0438\u0430\u043d\u0442\u044b \u0440\u0430\u0441\u043a\u043b\u0430\u0434\u043e\u0432 \u0438 \u0438\u0445 \u0442\u043e\u043b\u043a\u043e\u0432\u0430\u043d\u0438\u0439. \u0422\u043e\u0447\u043d\u043e \u0441\u043b\u0435\u0434\u0443\u0439\u0442\u0435 \u0438\u043d\u0441\u0442\u0440\u0443\u043a\u0446\u0438\u044f\u043c\u0438 \u0432\u0435\u043b\u0438\u043a\u043e\u0433\u043e \u043c\u0430\u0433\u0430, \u0438 \u0432\u0430\u0448\u0430 \u0441\u0443\u0434\u044c\u0431\u0430 \u043e\u0442\u043a\u0440\u043e\u0435\u0442\u0441\u044f \u043f\u0435\u0440\u0435\u0434 \u0432\u0430\u043c\u0438! \u0410\u0432\u0442\u043e\u0440 \u043a\u043d\u0438\u0433\u0438 &#8211; \u0432\u0435\u043b\u0438\u043a\u0438\u0439 \u041f\u0430\u043f\u044e\u0441 (\u0416\u0435\u0440\u0430\u0440 \u0410\u043d\u0430\u043a\u043b\u0435\u0442 \u0412\u0435\u043d\u0441\u0430\u043d \u0410\u043d\u043a\u043e\u0441\u0441), \u043c\u0430\u0433 \u0438 \u043e\u043a\u043a\u0443\u043b\u044c\u0442\u0438\u0441\u0442, \u0436\u0438\u0432\u0448\u0438\u0439 \u0432\u043e \u0424\u0440\u0430\u043d\u0446\u0438\u0438 \u0432 \u043a\u043e\u043d\u0446\u0435 XIX &#8211; \u043d\u0430\u0447\u0430\u043b\u0435 XX \u0432\u0435\u043a\u0430, \u043c\u0430\u0441\u043e\u043d, \u0440\u043e\u0437\u0435\u043d\u043a\u0440\u0435\u0439\u0446\u0435\u0440, \u0432\u0440\u0430\u0447. \u041e\u0441\u043d\u043e\u0432\u0430\u0442\u0435\u043b\u044c \u043e\u0440\u0434\u0435\u043d\u0430 \u043c\u0430\u0440\u0442\u0438\u043d\u0438\u0441\u0442\u043e\u0432 \u0438 \u0447\u043b\u0435\u043d \u043a\u0430\u0431\u0431\u0430\u043b\u0438\u0441\u0442\u0438\u0447\u0435\u0441\u043a\u043e\u0433\u043e \u043e\u0440\u0434\u0435\u043d\u0430 \u0440\u043e\u0437\u044b \u0438 \u043a\u0440\u0435\u0441\u0442\u0430. \u0410\u0432\u0442\u043e\u0440 \u0431\u043e\u043b\u0435\u0435 400 \u0441\u0442\u0430\u0442\u0435\u0439 \u0438 100 \u043a\u043d\u0438\u0433 \u043f\u043e \u043c\u0430\u0433\u0438\u0438, \u043a\u0430\u0431\u0431\u0430\u043b\u0435, \u0430\u0432\u0442\u043e\u0440 \u0437\u043d\u0430\u043c\u0435\u043d\u0438\u0442\u043e\u0439 \u0441\u0438\u0441\u0442\u0435\u043c\u044b \u043a\u0430\u0440\u0442 \u0422\u0430\u0440\u043e \u0438 \u043a\u043b\u0430\u0441\u0441\u0438\u0447\u0435\u0441\u043a\u043e\u0433\u043e \u0443\u0447\u0435\u0431\u043d\u0438\u043a\u0430 \u043c\u0430\u0433\u0438\u0438 &#8220;\u041f\u0440\u0430\u043a\u0442\u0438\u0447\u0435\u0441\u043a\u0430\u044f \u043c\u0430\u0433\u0438\u044f&#8221;. \u041a\u043e\u043c\u0443 \u0438\u043d\u0442\u0435\u0440\u0435\u0441\u043d\u0430 \u043a\u043d\u0438\u0433\u0430: &#8211; \u0422\u0435\u043c, \u043a\u0442\u043e \u0445\u043e\u0447\u0435\u0442 \u043e\u0432\u043b\u0430\u0434\u0435\u0442\u044c \u043f\u0440\u0430\u043a\u0442\u0438\u0447\u0435\u0441\u043a\u0438\u043c \u0438\u0441\u043a\u0443\u0441\u0441\u0442\u0432\u043e\u043c \u0433\u0430\u0434\u0430\u043d\u0438\u044f \u043d\u0430 \u043a\u0430\u0440\u0442\u0430\u0445 \u0422\u0430\u0440\u043e. &#8211; \u0422\u0435\u043c, \u043a\u0442\u043e \u0445\u043e\u0447\u0435\u0442 \u0438\u0437\u043c\u0435\u043d\u0438\u0442\u044c \u0441\u0432\u043e\u044e \u0441\u0443\u0434\u044c\u0431\u0443 \u0441 \u043f\u043e\u043c\u043e\u0449\u044c\u044e \u0434\u0440\u0435\u0432\u043d\u0438\u0445 \u0437\u043d\u0430\u043d\u0438\u0439 &#8211; \u0422\u0435\u043c, \u043a\u0442\u043e \u0445\u043e\u0447\u0435\u0442 \u043f\u043e\u0441\u0442\u0438\u0447\u044c \u0438\u0441\u0442\u0438\u043d\u043d\u0443\u044e \u0441\u0443\u0449\u043d\u043e\u0441\u0442\u044c \u0447\u0435\u043b\u043e\u0432\u0435\u0447\u0435\u0441\u043a\u043e\u0433\u043e \u0441\u0443\u0449\u0435\u0441\u0442\u0432\u0430. \u041f\u0440\u0438\u043a\u043e\u0441\u043d\u0443\u0442\u044c\u0441\u044f \u043a \u0422\u0430\u0439\u043d\u0435, \u043a\u043e\u0442\u043e\u0440\u0430\u044f \u0434\u043e\u0441\u0442\u0443\u043f\u043d\u0430 \u043d\u0435\u043c\u043d\u043e\u0433\u0438\u043c! &#8211; \u0422\u0435\u043c, \u043a\u043e\u0433\u043e \u0438\u043d\u0442\u0435\u0440\u0435\u0441\u0443\u044e\u0442 \u0438\u0441\u0442\u0438\u043d\u043d\u043e\u0435 \u0443\u0441\u0442\u0440\u043e\u0439\u0441\u0442\u0432\u043e \u043c\u0438\u0440\u0430 \u0438 \u043f\u043e\u0437\u043d\u0430\u043d\u0438\u0435 \u0435\u0433\u043e \u0437\u0430\u043a\u043e\u043d\u043e\u0432, \u043a\u0430\u0431\u0430\u043b\u0430 \u0438 \u0442\u0430\u0439\u043d\u044b \u0435\u0433\u0438\u043f\u0435\u0442\u0441\u043a\u0438\u0445 \u0442\u0430\u0440\u043e\u043b\u043e\u0433\u043e\u0432. &#8211; \u0422\u0435\u043c, \u043a\u0442\u043e \u0445\u043e\u0447\u0435\u0442 \u043f\u043e\u043b\u0443\u0447\u0438\u0442\u044c \u043a\u043b\u0430\u0441\u0441\u0438\u0447\u0435\u0441\u043a\u0443\u044e \u043a\u043e\u043b\u043e\u0434\u0443 \u041f\u0440\u0435\u0434\u0441\u043a\u0430\u0437\u0430\u0442\u0435\u043b\u044c\u043d\u043e\u0433\u043e \u0422\u0430\u0440\u043e \u041f\u0430\u043f\u044e\u0441\u0430.<\/div>\n<div class=\"styles_readMoreLink__6y0rB\">\n<div><\/div>\n<\/div>\n","protected":false},"excerpt":{"rendered":"<p>\u041b\u0435\u0433\u0435\u043d\u0434\u0430\u0440\u043d\u0430\u044f \u0430\u0432\u0442\u043e\u0440\u0441\u043a\u0430\u044f \u043a\u043e\u043b\u043e\u0434\u0430 \u043a\u0430\u0440\u0442 \u0422\u0430\u0440\u043e \u0438 \u0440\u0443\u043a\u043e\u0432\u043e\u0434\u0441\u0442\u0432\u043e \u043a \u043d\u0435\u0439 \u043e\u0442 \u0432\u0441\u0435\u043c\u0438\u0440\u043d\u043e \u0438\u0437\u0432\u0435\u0441\u0442\u043d\u043e\u0433\u043e \u0444\u0440\u0430\u043d\u0446\u0443\u0437\u0441\u043a\u043e\u0433\u043e \u043e\u043a\u043a\u0443\u043b\u044c\u0442\u0438\u0441\u0442\u0430 \u043a\u043e\u043d\u0446\u0430 XIX &#8211; \u043d\u0430\u0447\u0430\u043b\u0430 XX \u0432\u0435\u043a\u0430, \u043c\u0430\u0441\u043e\u043d\u0430, \u0440\u043e\u0437\u0435\u043d\u043a\u0440\u0435\u0439\u0446\u0435\u0440\u0430, \u0432\u0440\u0430\u0447\u0430, \u041f\u0430\u043f\u044e\u0441\u0430, \u0438\u0437\u0432\u0435\u0441\u0442\u043d\u043e\u0433\u043e \u0442\u0430\u043a\u0436\u0435 \u043f\u043e\u0434 \u0438\u043c\u0435\u043d\u0435\u043c \u0416\u0435\u0440\u0430\u0440 \u0410\u043d\u0430\u043a\u043b\u0435\u0442 \u0412\u0435\u043d\u0441\u0430\u043d \u0410\u043d\u043a\u043e\u0441. \u042d\u0442\u0430 \u043a\u043d\u0438\u0433\u0430 \u043f\u043e\u0441\u0432\u044f\u0449\u0435\u043d\u0430 \u0440\u0430\u0437\u044a\u044f\u0441\u043d\u0435\u043d\u0438\u044e \u0441\u0438\u043c\u0432\u043e\u043b\u0438\u043a\u0438 \u0438 \u0442\u043e\u043b\u043a\u043e\u0432\u0430\u043d\u0438\u044e \u043a\u0430\u0440\u0442 \u043e\u0440\u0438\u0433\u0438\u043d\u0430\u043b\u044c\u043d\u043e\u0439 \u043a\u043e\u043b\u043e\u0434\u044b \u0435\u0433\u0438\u043f\u0435\u0442\u0441\u043a\u043e\u0433\u043e \u0422\u0430\u0440\u043e, \u043e\u0441\u043d\u043e\u0432\u0430\u043d\u043d\u043e\u0433\u043e \u043d\u0430 \u0434\u0440\u0435\u0432\u043d\u0435\u0439\u0448\u0435\u0439 \u0442\u0440\u0430\u0434\u0438\u0446\u0438\u0438 \u0433\u0430\u0434\u0430\u043d\u0438\u0439.<\/p>\n<div class=\"styles_descriptionRow__SietG\">\n<div class=\"styles_descriptionContainer__1O5vs\">\n<p><strong>vaata lisaks\u00a0<a href=\"https:\/\/minervashop.eu\/uudised\/tuleviku-ennustamine\/\">siit<\/a><\/strong><\/p>\n<\/div>\n<\/div>\n<ul>\n<li class=\"styles_detailsItem__-fQ1w\"><span class=\"styles_definition__1KDCa\">K\u00f5vakaaneline, kaasas valmis joonistatud kontuuridega kaardid, mis saad ise \u00e4ra v\u00e4rvida ja v\u00e4lja l\u00f5igata<img decoding=\"async\" src=\"data:image\/svg+xml;base64,PHN2ZyB3aWR0aD0iMjciIGhlaWdodD0iMjciIHhtbG5zPSJodHRwOi8vd3d3LnczLm9yZy8yMDAwL3N2ZyIgdmVyc2lvbj0iMS4xIi8+\" alt=\"\" aria-hidden=\"true\" \/><br \/>\n<\/span><span class=\"styles_definition__1KDCa\">240 lehek\u00fclge<img decoding=\"async\" src=\"data:image\/svg+xml;base64,PHN2ZyB3aWR0aD0iMjkiIGhlaWdodD0iMjkiIHhtbG5zPSJodHRwOi8vd3d3LnczLm9yZy8yMDAwL3N2ZyIgdmVyc2lvbj0iMS4xIi8+\" alt=\"\" aria-hidden=\"true\" \/><br \/>\n<\/span><span class=\"styles_definition__1KDCa\">145 x 220 x 24 mm<\/span><\/li>\n<\/ul>\n<p>&nbsp;<\/p>\n","protected":false},"featured_media":126153,"template":"","meta":[],"product_brand":[],"product_cat":[274,518,383,432],"product_tag":[],"class_list":{"0":"post-126154","1":"product","2":"type-product","3":"status-publish","4":"has-post-thumbnail","6":"product_cat-taro-cards","7":"product_cat-taro-books","8":"product_cat-divination-and-magic-books","9":"product_cat-russian-language-books","10":"product_shipping_class-xs-en-2","12":"first","13":"instock","14":"taxable","15":"shipping-taxable","16":"purchasable","17":"product-type-simple"},"_links":{"self":[{"href":"https:\/\/minervashop.eu\/en\/wp-json\/wp\/v2\/product\/126154","targetHints":{"allow":["GET"]}}],"collection":[{"href":"https:\/\/minervashop.eu\/en\/wp-json\/wp\/v2\/product"}],"about":[{"href":"https:\/\/minervashop.eu\/en\/wp-json\/wp\/v2\/types\/product"}],"wp:featuredmedia":[{"embeddable":true,"href":"https:\/\/minervashop.eu\/en\/wp-json\/wp\/v2\/media\/126153"}],"wp:attachment":[{"href":"https:\/\/minervashop.eu\/en\/wp-json\/wp\/v2\/media?parent=126154"}],"wp:term":[{"taxonomy":"product_brand","embeddable":true,"href":"https:\/\/minervashop.eu\/en\/wp-json\/wp\/v2\/product_brand?post=126154"},{"taxonomy":"product_cat","embeddable":true,"href":"https:\/\/minervashop.eu\/en\/wp-json\/wp\/v2\/product_cat?post=126154"},{"taxonomy":"product_tag","embeddable":true,"href":"https:\/\/minervashop.eu\/en\/wp-json\/wp\/v2\/product_tag?post=126154"}],"curies":[{"name":"wp","href":"https:\/\/api.w.org\/{rel}","templated":true}]}}