{"id":1279,"date":"2021-11-07T17:53:30","date_gmt":"2021-11-07T17:53:30","guid":{"rendered":"https:\/\/minervashop.eu?post_type=product&#038;p=1279"},"modified":"2023-01-05T14:31:17","modified_gmt":"2023-01-05T14:31:17","slug":"linane-kandekott-mustriga","status":"publish","type":"product","link":"https:\/\/minervashop.eu\/en\/toode\/linane-kandekott-mustriga\/","title":{"rendered":"Linane kandekott mustriga"},"content":{"rendered":"<p>40 x 40 cm<\/p>\n<p>Keskkonnas\u00f5bralik linane materjal, tr\u00fckitud mustriga, kergesti kokku volditav, korduvkasutatav, k\u00e4sitsi valmistatud. Kasuta ostukotina, esemete hoidmiseks vm. otstarbeks.<\/p>\n","protected":false},"excerpt":{"rendered":"<p>40 x 40 cm Keskkonnas\u00f5bralik linane materjal, tr\u00fckitud mustriga, kergesti kokku volditav, korduvkasutatav, k\u00e4sitsi valmistatud. Kasuta ostukotina, esemete hoidmiseks vm. otstarbeks.<\/p>\n","protected":false},"featured_media":1288,"template":"","meta":[],"product_brand":[],"product_cat":[621,155,371],"product_tag":[],"class_list":{"0":"post-1279","1":"product","2":"type-product","3":"status-publish","4":"has-post-thumbnail","6":"product_cat-kaslased-ja-rebased","7":"product_cat-kangast-kotid","8":"product_cat-pealuud-ja-skeletid","9":"product_shipping_class-xs","11":"first","12":"instock","13":"taxable","14":"shipping-taxable","15":"purchasable","16":"product-type-variable"},"_links":{"self":[{"href":"https:\/\/minervashop.eu\/en\/wp-json\/wp\/v2\/product\/1279","targetHints":{"allow":["GET"]}}],"collection":[{"href":"https:\/\/minervashop.eu\/en\/wp-json\/wp\/v2\/product"}],"about":[{"href":"https:\/\/minervashop.eu\/en\/wp-json\/wp\/v2\/types\/product"}],"wp:featuredmedia":[{"embeddable":true,"href":"https:\/\/minervashop.eu\/en\/wp-json\/wp\/v2\/media\/1288"}],"wp:attachment":[{"href":"https:\/\/minervashop.eu\/en\/wp-json\/wp\/v2\/media?parent=1279"}],"wp:term":[{"taxonomy":"product_brand","embeddable":true,"href":"https:\/\/minervashop.eu\/en\/wp-json\/wp\/v2\/product_brand?post=1279"},{"taxonomy":"product_cat","embeddable":true,"href":"https:\/\/minervashop.eu\/en\/wp-json\/wp\/v2\/product_cat?post=1279"},{"taxonomy":"product_tag","embeddable":true,"href":"https:\/\/minervashop.eu\/en\/wp-json\/wp\/v2\/product_tag?post=1279"}],"curies":[{"name":"wp","href":"https:\/\/api.w.org\/{rel}","templated":true}]}}