{"id":130443,"date":"2024-07-17T14:23:51","date_gmt":"2024-07-17T14:23:51","guid":{"rendered":"https:\/\/minervashop.eu\/toode\/parimuslikud-margid-ja-sumbolid-eestis\/"},"modified":"2024-12-10T12:22:58","modified_gmt":"2024-12-10T12:22:58","slug":"parimuslikud-margid-ja-sumbolid-eestis","status":"publish","type":"product","link":"https:\/\/minervashop.eu\/en\/product\/parimuslikud-margid-ja-sumbolid-eestis\/","title":{"rendered":"P\u00e4rimuslikud m\u00e4rgid ja s\u00fcmbolid Eestis"},"content":{"rendered":"<p>S\u00fcmbolt\u00e4hendusega kujutisi hakati kasutama juba \u00fcrgajal ja inimene eristub t\u00e4nini teistest liikidest oma abstraktse m\u00f5tlemis- ja seostamisv\u00f5ime poolest, samuti omaduse poolest tajuda s\u00fcmbolitega seoses \u00fclevaid emotsioone, kaitstuse v\u00f5i p\u00fchadustunnet.<\/p>\n<p>Selles raamatus on p\u00f5hir\u00f5hk eesti p\u00e4rimuslikel m\u00e4rkidel ja s\u00fcmbolitel, kuid vajaduse korral on nende t\u00f5lgendused asetatud laiemasse kultuurilisse konteksti, sest vaid harva eksisteerivad \u00fche kultuuri s\u00fcmbolid muust maailmast t\u00e4iesti eraldiseisvana. Ent teisalt annab iga kultuurilis-p\u00e4rimuslik aegruum ometi antud piirkonna ideedele oma ainulaadsed n\u00fcansid, seega on eesti p\u00e4rimuslikud s\u00fcmbolid ilmekad teabekandjad just siinse usundi ja kultuuri taustal. Raamatu eesm\u00e4rk ongi eesti p\u00e4rimuskultuuri t\u00e4henduskeele tutvustamine ja sellega seotud sisu ja funktsioonide kirjeldamine.<\/p>\n<p>N\u00e4itetekstid on valdavalt kogutud 100\u2013150 aastat tagasi, kuid kirjeldatud m\u00e4rks\u00f5nade t\u00e4hendus ulatub ajaloos palju kaugemale.<\/p>\n<p>Reet Hiiem\u00e4e on folklorist ja usunditeadlane, kelle huvikeskmes on uskumuste ps\u00fchholoogiline aspekt, rahvap\u00e4rimuses avalduvad kaitseviisid ning hirmude ja traumadega toimetulek.<\/p>\n","protected":false},"excerpt":{"rendered":"<ul class=\"two-cols-text\">\n<li class=\"product_dimensions\">M\u00f5\u00f5dud:\u00a0160 \u00d7 210 mm<\/li>\n<li>224 lk.<\/li>\n<li>k\u00f5va k\u00f6ide<\/li>\n<\/ul>\n","protected":false},"featured_media":130442,"template":"","meta":[],"product_brand":[],"product_cat":[670,431],"product_tag":[],"class_list":{"0":"post-130443","1":"product","2":"type-product","3":"status-publish","4":"has-post-thumbnail","6":"product_cat-sale","7":"product_cat-learning-books","8":"product_shipping_class-xs-en-2","10":"first","11":"outofstock","12":"sale","13":"taxable","14":"shipping-taxable","15":"purchasable","16":"product-type-simple"},"_links":{"self":[{"href":"https:\/\/minervashop.eu\/en\/wp-json\/wp\/v2\/product\/130443","targetHints":{"allow":["GET"]}}],"collection":[{"href":"https:\/\/minervashop.eu\/en\/wp-json\/wp\/v2\/product"}],"about":[{"href":"https:\/\/minervashop.eu\/en\/wp-json\/wp\/v2\/types\/product"}],"wp:featuredmedia":[{"embeddable":true,"href":"https:\/\/minervashop.eu\/en\/wp-json\/wp\/v2\/media\/130442"}],"wp:attachment":[{"href":"https:\/\/minervashop.eu\/en\/wp-json\/wp\/v2\/media?parent=130443"}],"wp:term":[{"taxonomy":"product_brand","embeddable":true,"href":"https:\/\/minervashop.eu\/en\/wp-json\/wp\/v2\/product_brand?post=130443"},{"taxonomy":"product_cat","embeddable":true,"href":"https:\/\/minervashop.eu\/en\/wp-json\/wp\/v2\/product_cat?post=130443"},{"taxonomy":"product_tag","embeddable":true,"href":"https:\/\/minervashop.eu\/en\/wp-json\/wp\/v2\/product_tag?post=130443"}],"curies":[{"name":"wp","href":"https:\/\/api.w.org\/{rel}","templated":true}]}}