{"id":133360,"date":"2024-08-15T14:55:19","date_gmt":"2024-08-15T14:55:19","guid":{"rendered":"https:\/\/minervashop.eu\/toode\/tubane-aiapidamine\/"},"modified":"2024-10-15T13:59:56","modified_gmt":"2024-10-15T13:59:56","slug":"tubane-aiapidamine","status":"publish","type":"product","link":"https:\/\/minervashop.eu\/en\/product\/tubane-aiapidamine\/","title":{"rendered":"Tubane aiapidamine"},"content":{"rendered":"<p>Soovid ise aiasaadusi kasvatada, aga sul pole aeda? \u201eTubane aiapidamine\u201d annab n\u00f5u, kuidas kasvatada kodus maitsvaid toidutaimi, mis on pealegi v\u00e4ga kenad. Suurep\u00e4rased illustratsioonid ja lihtsad juhised on sulle heaks abimeheks, et kasvatada n\u00e4iteks sidrunheina, ajatada k\u00fc\u00fcslauguv\u00f5rseid v\u00f5i kasvatada s\u00f6\u00f6davaid \u00f5isi. K\u00f5ik raamatus toodud stiilsed kujundused alates rippuvates purkides kasvavatest \u00fcrtidest kuni tassikoogi topsides uhkeldavate kressideni on \u00fchteaegu maitsvad ja kaunid.<\/p>\n<p>\u201eTubane aiapidamine\u201d v\u00f5imaldab sul aasta ringi erinevatelt \u00fcrtidelt, k\u00f6\u00f6giviljadelt, s\u00f6\u00f6davatelt lilledelt ja marjataimedelt saaki koguda ja v\u00e4rsket aiakraami nautida.<\/p>\n","protected":false},"excerpt":{"rendered":"<ul class=\"two-cols-text\">\n<li>Originaalpealkiri:Indoor Edible Garden: Creative ways to grow herbs, fruit and vegetables in your home<\/li>\n<li class=\"product_dimensions\">M\u00f5\u00f5dud:\u00a0200 \u00d7 238 mm<\/li>\n<li>222 lk.<\/li>\n<li>k\u00f5va k\u00f6ide<\/li>\n<\/ul>\n","protected":false},"featured_media":133359,"template":"","meta":[],"product_brand":[],"product_cat":[670,431],"product_tag":[],"class_list":{"0":"post-133360","1":"product","2":"type-product","3":"status-publish","4":"has-post-thumbnail","6":"product_cat-sale","7":"product_cat-learning-books","8":"product_shipping_class-xs-en-2","10":"first","11":"instock","12":"sale","13":"taxable","14":"shipping-taxable","15":"purchasable","16":"product-type-simple"},"_links":{"self":[{"href":"https:\/\/minervashop.eu\/en\/wp-json\/wp\/v2\/product\/133360","targetHints":{"allow":["GET"]}}],"collection":[{"href":"https:\/\/minervashop.eu\/en\/wp-json\/wp\/v2\/product"}],"about":[{"href":"https:\/\/minervashop.eu\/en\/wp-json\/wp\/v2\/types\/product"}],"wp:featuredmedia":[{"embeddable":true,"href":"https:\/\/minervashop.eu\/en\/wp-json\/wp\/v2\/media\/133359"}],"wp:attachment":[{"href":"https:\/\/minervashop.eu\/en\/wp-json\/wp\/v2\/media?parent=133360"}],"wp:term":[{"taxonomy":"product_brand","embeddable":true,"href":"https:\/\/minervashop.eu\/en\/wp-json\/wp\/v2\/product_brand?post=133360"},{"taxonomy":"product_cat","embeddable":true,"href":"https:\/\/minervashop.eu\/en\/wp-json\/wp\/v2\/product_cat?post=133360"},{"taxonomy":"product_tag","embeddable":true,"href":"https:\/\/minervashop.eu\/en\/wp-json\/wp\/v2\/product_tag?post=133360"}],"curies":[{"name":"wp","href":"https:\/\/api.w.org\/{rel}","templated":true}]}}