{"id":133364,"date":"2024-08-15T15:00:51","date_gmt":"2024-08-15T15:00:51","guid":{"rendered":"https:\/\/minervashop.eu\/toode\/kasitookingitused\/"},"modified":"2024-10-10T08:33:08","modified_gmt":"2024-10-10T08:33:08","slug":"kasitookingitused","status":"publish","type":"product","link":"https:\/\/minervashop.eu\/en\/product\/kasitookingitused\/","title":{"rendered":"K\u00e4sit\u00f6\u00f6kingitused"},"content":{"rendered":"<p>K\u00e4sit\u00f6\u00f6kingituste raamatust leiad ideid, kuidas l\u00e4hedastele, s\u00f5pradele ja kaugemale rahvalegi ise kingitusi teha. Nutikaid ja s\u00fcdamlikke, \u00fcllatavaid ja erilisi. Lihtsalt ja kiirelt valmivaid, aga vahel natuke keerulisemaid ka.<\/p>\n<p>Autor k\u00e4ib kaasas looduse r\u00fctmide ja aastaaegade vaheldumisega, alustades j\u00f5uludega ja l\u00f5petades s\u00fcgisese meeleolu v\u00f5tmes. Ajas edasi liikudes leiad n\u00e4iteid, kuidas muuta meeldej\u00e4\u00e4vaks s\u00f5brap\u00e4ev ja vabariigi aastap\u00e4ev, tuua lusti ja v\u00e4rvirikkust kevadp\u00fchadesse, kaunistada ema ja emadep\u00e4eva, toetada saunar\u00f5\u00f5me ja luua \u00f5isi koos suvega v\u00f5i pidada meeles vanavanemaid.<\/p>\n<p>Isetegemise r\u00f5\u00f5m on suurim r\u00f5\u00f5m ja isetehtud kingitused kindlasti k\u00f5ige isiklikumad.<\/p>\n<p>\u201cL\u00f5una-Eestist p\u00e4rit, tugevate k\u00e4sit\u00f6\u00f6traditsioonidega emapoolne suguv\u00f5sa on olnud mu esimene k\u00e4sit\u00f6\u00f6kool. Ilmselt sain<br \/>\nk\u00e4sit\u00f6\u00f6pisiku j\u00e4\u00e4davalt k\u00fclge vanaemalt, kelle kangaspuude all sisuliselt elasingi. Hiljem l\u00e4ksin t\u00e4di eeskujul \u00f5ppima meester\u00e4tsepaks ja r\u00f5ivaste konstruktoriks. Kui 25 aastat tagasi hakkas ilmuma ajakiri Pere ja Kodu, sai minust selle k\u00e4sit\u00f6\u00f6toimetaja. Olin selles ametis kuni 2004. aastani. Aastatel 2005\u20132009 olin ajakirja K\u00e4sit\u00f6\u00f6 peatoimetaja. Olen teinud kaast\u00f6\u00f6d erinevatele ajakirjadele ning andnud v\u00e4lja mitmeid k\u00e4sit\u00f6\u00f6raamatuid.\u201d Autor<\/p>\n","protected":false},"excerpt":{"rendered":"<ul class=\"two-cols-text\">\n<li class=\"product_dimensions\">M\u00f5\u00f5dud:\u00a0210 \u00d7 240 mm<\/li>\n<li>192 lk.<\/li>\n<li>k\u00f5va k\u00f6ide<\/li>\n<\/ul>\n","protected":false},"featured_media":133363,"template":"","meta":[],"product_brand":[],"product_cat":[670,431],"product_tag":[],"class_list":{"0":"post-133364","1":"product","2":"type-product","3":"status-publish","4":"has-post-thumbnail","6":"product_cat-sale","7":"product_cat-learning-books","8":"product_shipping_class-xs-en-2","10":"first","11":"instock","12":"sale","13":"taxable","14":"shipping-taxable","15":"purchasable","16":"product-type-simple"},"_links":{"self":[{"href":"https:\/\/minervashop.eu\/en\/wp-json\/wp\/v2\/product\/133364","targetHints":{"allow":["GET"]}}],"collection":[{"href":"https:\/\/minervashop.eu\/en\/wp-json\/wp\/v2\/product"}],"about":[{"href":"https:\/\/minervashop.eu\/en\/wp-json\/wp\/v2\/types\/product"}],"wp:featuredmedia":[{"embeddable":true,"href":"https:\/\/minervashop.eu\/en\/wp-json\/wp\/v2\/media\/133363"}],"wp:attachment":[{"href":"https:\/\/minervashop.eu\/en\/wp-json\/wp\/v2\/media?parent=133364"}],"wp:term":[{"taxonomy":"product_brand","embeddable":true,"href":"https:\/\/minervashop.eu\/en\/wp-json\/wp\/v2\/product_brand?post=133364"},{"taxonomy":"product_cat","embeddable":true,"href":"https:\/\/minervashop.eu\/en\/wp-json\/wp\/v2\/product_cat?post=133364"},{"taxonomy":"product_tag","embeddable":true,"href":"https:\/\/minervashop.eu\/en\/wp-json\/wp\/v2\/product_tag?post=133364"}],"curies":[{"name":"wp","href":"https:\/\/api.w.org\/{rel}","templated":true}]}}