{"id":133368,"date":"2024-08-16T07:59:28","date_gmt":"2024-08-16T07:59:28","guid":{"rendered":"https:\/\/minervashop.eu\/toode\/vaikeste-sammude-joud\/"},"modified":"2024-10-10T08:45:35","modified_gmt":"2024-10-10T08:45:35","slug":"vaikeste-sammude-joud","status":"publish","type":"product","link":"https:\/\/minervashop.eu\/en\/product\/vaikeste-sammude-joud\/","title":{"rendered":"V\u00e4ikeste sammude j\u00f5ud"},"content":{"rendered":"","protected":false},"excerpt":{"rendered":"<p>Kuidas teha v\u00e4ikseid, aga t\u00f5husaid muudatusi, kui k\u00f5ik kasvab \u00fcle pea<\/p>\n<ul class=\"two-cols-text\">\n<li>Originaalpealkiri:The Power of Small: Making Tiny but Powerful Changes when Everything Feels Too Much<\/li>\n<li class=\"product_dimensions\">M\u00f5\u00f5dud:\u00a0130 \u00d7 200 mm<\/li>\n<li>248 lk.<\/li>\n<li>k\u00f5va k\u00f6ide<\/li>\n<\/ul>\n","protected":false},"featured_media":133367,"template":"","meta":[],"product_brand":[],"product_cat":[670,380],"product_tag":[],"class_list":{"0":"post-133368","1":"product","2":"type-product","3":"status-publish","4":"has-post-thumbnail","6":"product_cat-sale","7":"product_cat-books-for-self-help","8":"product_shipping_class-xs-en-2","10":"first","11":"instock","12":"sale","13":"taxable","14":"shipping-taxable","15":"purchasable","16":"product-type-simple"},"_links":{"self":[{"href":"https:\/\/minervashop.eu\/en\/wp-json\/wp\/v2\/product\/133368","targetHints":{"allow":["GET"]}}],"collection":[{"href":"https:\/\/minervashop.eu\/en\/wp-json\/wp\/v2\/product"}],"about":[{"href":"https:\/\/minervashop.eu\/en\/wp-json\/wp\/v2\/types\/product"}],"wp:featuredmedia":[{"embeddable":true,"href":"https:\/\/minervashop.eu\/en\/wp-json\/wp\/v2\/media\/133367"}],"wp:attachment":[{"href":"https:\/\/minervashop.eu\/en\/wp-json\/wp\/v2\/media?parent=133368"}],"wp:term":[{"taxonomy":"product_brand","embeddable":true,"href":"https:\/\/minervashop.eu\/en\/wp-json\/wp\/v2\/product_brand?post=133368"},{"taxonomy":"product_cat","embeddable":true,"href":"https:\/\/minervashop.eu\/en\/wp-json\/wp\/v2\/product_cat?post=133368"},{"taxonomy":"product_tag","embeddable":true,"href":"https:\/\/minervashop.eu\/en\/wp-json\/wp\/v2\/product_tag?post=133368"}],"curies":[{"name":"wp","href":"https:\/\/api.w.org\/{rel}","templated":true}]}}