{"id":133372,"date":"2024-08-16T08:06:11","date_gmt":"2024-08-16T08:06:11","guid":{"rendered":"https:\/\/minervashop.eu\/toode\/harry-potter-ja-segavereline-prints-vi-osa\/"},"modified":"2024-10-10T08:31:36","modified_gmt":"2024-10-10T08:31:36","slug":"harry-potter-ja-segavereline-prints-vi-osa","status":"publish","type":"product","link":"https:\/\/minervashop.eu\/en\/product\/harry-potter-ja-segavereline-prints-vi-osa\/","title":{"rendered":"Harry Potter ja segavereline prints VI osa"},"content":{"rendered":"<p>Harry peab taas kord veetma suvevaheaja Dursleyde juures. Tal on aga k\u00fcllalt m\u00f5tlemisainet: armastatud ristiisa Sirius Blacki surm, hirmu\u00e4ratav p\u00f5genemine surmas\u00f6\u00f6jate eest v\u00f5lukunstiministeeriumis ning professor Dumbledore\u2019i ja Lord Voldemorti pingeline kahev\u00f5itlus, mille tunnistajaks ta oli. N\u00fc\u00fcd ootab ta oma magamistoas Dursleyde majas n\u00e4rviliselt koolidirektori k\u00fclask\u00e4iku. Harry ei oska aimata, miks peaks Dumbledore tahtma talle k\u00fclla tulla. Mis v\u00f5iks k\u00fcll olla nii pakiline, et sellega ei anna \u00f5ppeaasta alguseni oodata? Ta ei ole ka p\u00e4ris kindel, kuidas reageerivad Dursleyd koolidirektori \u00e4kilisele ilmumisele nende koju \u2026<\/p>\n<p>Raamatut kaunistab Harry Potteri raamatusarja kaanekujunduse konkursi v\u00f5idut\u00f6\u00f6, mille eesm\u00e4rgiks oli luua raamatusarjale uued kodumaised kujundused.<\/p>\n","protected":false},"excerpt":{"rendered":"<ul class=\"two-cols-text\">\n<li>Originaalpealkiri:Harry Potter and the Half-Blood Prince<\/li>\n<li class=\"product_dimensions\">M\u00f5\u00f5dud:\u00a0145 \u00d7 203 mm<\/li>\n<li>544 lk.<\/li>\n<li>k\u00f5va k\u00f6ide<\/li>\n<\/ul>\n","protected":false},"featured_media":133371,"template":"","meta":[],"product_brand":[],"product_cat":[670,383],"product_tag":[],"class_list":{"0":"post-133372","1":"product","2":"type-product","3":"status-publish","4":"has-post-thumbnail","6":"product_cat-sale","7":"product_cat-divination-and-magic-books","8":"product_shipping_class-s-en","10":"first","11":"instock","12":"sale","13":"taxable","14":"shipping-taxable","15":"purchasable","16":"product-type-simple"},"_links":{"self":[{"href":"https:\/\/minervashop.eu\/en\/wp-json\/wp\/v2\/product\/133372","targetHints":{"allow":["GET"]}}],"collection":[{"href":"https:\/\/minervashop.eu\/en\/wp-json\/wp\/v2\/product"}],"about":[{"href":"https:\/\/minervashop.eu\/en\/wp-json\/wp\/v2\/types\/product"}],"wp:featuredmedia":[{"embeddable":true,"href":"https:\/\/minervashop.eu\/en\/wp-json\/wp\/v2\/media\/133371"}],"wp:attachment":[{"href":"https:\/\/minervashop.eu\/en\/wp-json\/wp\/v2\/media?parent=133372"}],"wp:term":[{"taxonomy":"product_brand","embeddable":true,"href":"https:\/\/minervashop.eu\/en\/wp-json\/wp\/v2\/product_brand?post=133372"},{"taxonomy":"product_cat","embeddable":true,"href":"https:\/\/minervashop.eu\/en\/wp-json\/wp\/v2\/product_cat?post=133372"},{"taxonomy":"product_tag","embeddable":true,"href":"https:\/\/minervashop.eu\/en\/wp-json\/wp\/v2\/product_tag?post=133372"}],"curies":[{"name":"wp","href":"https:\/\/api.w.org\/{rel}","templated":true}]}}