{"id":133376,"date":"2024-08-16T08:12:31","date_gmt":"2024-08-16T08:12:31","guid":{"rendered":"https:\/\/minervashop.eu\/toode\/harry-potter-ja-azkabani-vang-iii-osa\/"},"modified":"2024-10-10T08:30:57","modified_gmt":"2024-10-10T08:30:57","slug":"harry-potter-ja-azkabani-vang-iii-osa","status":"publish","type":"product","link":"https:\/\/minervashop.eu\/en\/product\/harry-potter-ja-azkabani-vang-iii-osa\/","title":{"rendered":"Harry Potter ja Azkabani vang III osa"},"content":{"rendered":"<p>Kaksteist pikka aastat on Azkabani kindluses hoitud kurikuulsat vangi, kelle nimi on Sirius Black. Ta on m\u00f5istetud s\u00fc\u00fcdi kolmeteistk\u00fcmne inimese tapmises \u00fcheainsa needusega ning temast pidi saama ka musta isanda Lord Voldemorti parem k\u00e4si. N\u00fc\u00fcd on ta p\u00f5genenud ning tema otsimisel v\u00f5ib abi olla asjaolust, et Azkabani valvurid kuulsid Blacki unes pomisemas: \u201eTa on Sigat\u00fc\u00fckas \u2026 ta on Sigat\u00fc\u00fckas.\u201d Samal ajal algab Sigat\u00fc\u00fckas kolmas \u00f5ppeaasta ning kooli saabunud lapsi ootab ebameeldiv \u00fcllatus: kooli tuuakse vangla vangivalvurid, kes on jubedamad kui vangid ise. Loomulikult satub Harry taas s\u00fcndmuste keerisesse, kus talle on abiks truud s\u00f5brad Ron ja Hermione. \u201eHarry Potter ja Azkabani vang\u201d on Harry Potteri seeria kolmas raamat.<\/p>\n<p>Raamatut kaunistab Harry Potteri raamatusarja kaanekujunduse konkursi v\u00f5idut\u00f6\u00f6, mille eesm\u00e4rgiks oli luua raamatusarjale uued kodumaised kujundused.<\/p>\n","protected":false},"excerpt":{"rendered":"<ul class=\"two-cols-text\">\n<li>Originaalpealkiri:Harry Potter and the Prisoner of Azkaban<\/li>\n<li class=\"product_dimensions\">M\u00f5\u00f5dud:\u00a0145 \u00d7 203 mm<\/li>\n<li>352 lk.<\/li>\n<li>k\u00f5va k\u00f6ide<\/li>\n<\/ul>\n","protected":false},"featured_media":133375,"template":"","meta":[],"product_brand":[],"product_cat":[670,383],"product_tag":[],"class_list":{"0":"post-133376","1":"product","2":"type-product","3":"status-publish","4":"has-post-thumbnail","6":"product_cat-sale","7":"product_cat-divination-and-magic-books","8":"product_shipping_class-xs-en-2","10":"first","11":"instock","12":"sale","13":"taxable","14":"shipping-taxable","15":"purchasable","16":"product-type-simple"},"_links":{"self":[{"href":"https:\/\/minervashop.eu\/en\/wp-json\/wp\/v2\/product\/133376","targetHints":{"allow":["GET"]}}],"collection":[{"href":"https:\/\/minervashop.eu\/en\/wp-json\/wp\/v2\/product"}],"about":[{"href":"https:\/\/minervashop.eu\/en\/wp-json\/wp\/v2\/types\/product"}],"wp:featuredmedia":[{"embeddable":true,"href":"https:\/\/minervashop.eu\/en\/wp-json\/wp\/v2\/media\/133375"}],"wp:attachment":[{"href":"https:\/\/minervashop.eu\/en\/wp-json\/wp\/v2\/media?parent=133376"}],"wp:term":[{"taxonomy":"product_brand","embeddable":true,"href":"https:\/\/minervashop.eu\/en\/wp-json\/wp\/v2\/product_brand?post=133376"},{"taxonomy":"product_cat","embeddable":true,"href":"https:\/\/minervashop.eu\/en\/wp-json\/wp\/v2\/product_cat?post=133376"},{"taxonomy":"product_tag","embeddable":true,"href":"https:\/\/minervashop.eu\/en\/wp-json\/wp\/v2\/product_tag?post=133376"}],"curies":[{"name":"wp","href":"https:\/\/api.w.org\/{rel}","templated":true}]}}