{"id":134516,"date":"2024-08-22T13:40:59","date_gmt":"2024-08-22T13:40:59","guid":{"rendered":"https:\/\/minervashop.eu\/toode\/koogiviljade-taaskasvatamine\/"},"modified":"2024-08-22T13:40:59","modified_gmt":"2024-08-22T13:40:59","slug":"koogiviljade-taaskasvatamine","status":"publish","type":"product","link":"https:\/\/minervashop.eu\/en\/product\/koogiviljade-taaskasvatamine\/","title":{"rendered":"K\u00f6\u00f6giviljade taaskasvatamine"},"content":{"rendered":"<div class=\"section content-wrap\">\n<div class=\"container\">\n<div class=\"row\"><main class=\"main-content col-12 col-md-12\" role=\"main\"><\/p>\n<article class=\"book-item detailed-product d-md-flex\">\n<div class=\"item-info-wrap col-md\">\n<div class=\"product-info-tabbed tabbed-content\">\n<div class=\"tabs-content\">\n<div class=\"collapsable\" data-id=\"product-desc\">\n<section class=\"collapsable-content\">Mis on \u00fchist salatikontsul, talisibula juurejupil ja avokaadoseemnel? \u00d5ige, k\u00f5ik nad on toiduj\u00e4\u00e4tmed ja visatakse pr\u00fcgikasti. Igati asjalik m\u00f5te oleks aga kasvatada neist hoopis uued taimed.<br \/>\nSee raamat jagab n\u00f5uandeid, kuidas panna kasvama enam kui kaksk\u00fcmmend vilja, kasutades selleks vaid t\u00fckikest taimest, ja mida teha, et sirguv taim hakkaks ka saaki kandma. See ongi taaskasvatamine. Porrulauk, rooma salat, peet ja teised k\u00f6\u00f6giviljad ei vaja midagi erilist, et t\u00fckikesest kasvama hakata: vaid vett, mulda, valgust ja veidi hoolt. Ent kui sul pole r\u00f5du ega aeda? Sellest pole midagi, sest piisab ka aknalauast, et kasvatada endale turgutavaid vitamiine sisaldavat v\u00e4rsket rohelist. \u00dchtlasi v\u00e4hendame oma \u00f6koloogilist jalaj\u00e4lge ja anname v\u00e4ikese panuse keskkonnahoidu.<br \/>\nInspireeriv ja n\u00f5uannetest pakatav raamat nii suurtele kui ka v\u00e4ikestele!<\/p>\n<\/section>\n<\/div>\n<\/div>\n<\/div>\n<\/div>\n<\/article>\n<p><\/main><\/div>\n<\/div>\n<\/div>\n<div class=\"section product-slider-section bg-beige-light\">\n<div class=\"container\"><\/div>\n<\/div>\n","protected":false},"excerpt":{"rendered":"<p>Kuidas kasvatada k\u00f6\u00f6giviljaj\u00e4\u00e4kidest tervislikku toidupoolist<\/p>\n<ul class=\"two-cols-text\">\n<li>Originaalpealkiri:Regrow your veggies: Gem\u00fcsereste endlos nachwachsen lassen<\/li>\n<li class=\"product_dimensions\">M\u00f5\u00f5dud:\u00a0148 \u00d7 210 mm<\/li>\n<li>128 lk.<\/li>\n<li>k\u00f5va k\u00f6ide<\/li>\n<\/ul>\n","protected":false},"featured_media":134161,"template":"","meta":[],"product_brand":[],"product_cat":[670,588],"product_tag":[],"class_list":{"0":"post-134516","1":"product","2":"type-product","3":"status-publish","4":"has-post-thumbnail","6":"product_cat-sale","7":"product_cat-tervise-raamatud-en","8":"product_shipping_class-xs-en-2","10":"first","11":"instock","12":"sale","13":"taxable","14":"shipping-taxable","15":"purchasable","16":"product-type-simple"},"_links":{"self":[{"href":"https:\/\/minervashop.eu\/en\/wp-json\/wp\/v2\/product\/134516","targetHints":{"allow":["GET"]}}],"collection":[{"href":"https:\/\/minervashop.eu\/en\/wp-json\/wp\/v2\/product"}],"about":[{"href":"https:\/\/minervashop.eu\/en\/wp-json\/wp\/v2\/types\/product"}],"wp:featuredmedia":[{"embeddable":true,"href":"https:\/\/minervashop.eu\/en\/wp-json\/wp\/v2\/media\/134161"}],"wp:attachment":[{"href":"https:\/\/minervashop.eu\/en\/wp-json\/wp\/v2\/media?parent=134516"}],"wp:term":[{"taxonomy":"product_brand","embeddable":true,"href":"https:\/\/minervashop.eu\/en\/wp-json\/wp\/v2\/product_brand?post=134516"},{"taxonomy":"product_cat","embeddable":true,"href":"https:\/\/minervashop.eu\/en\/wp-json\/wp\/v2\/product_cat?post=134516"},{"taxonomy":"product_tag","embeddable":true,"href":"https:\/\/minervashop.eu\/en\/wp-json\/wp\/v2\/product_tag?post=134516"}],"curies":[{"name":"wp","href":"https:\/\/api.w.org\/{rel}","templated":true}]}}