{"id":138493,"date":"2024-12-09T09:28:50","date_gmt":"2024-12-09T09:28:50","guid":{"rendered":"https:\/\/minervashop.eu\/toode\/must-muld\/"},"modified":"2025-01-18T11:34:49","modified_gmt":"2025-01-18T11:34:49","slug":"must-muld","status":"publish","type":"product","link":"https:\/\/minervashop.eu\/en\/product\/must-muld\/","title":{"rendered":"Must muld"},"content":{"rendered":"<p>Holokaust sai alguse varjatud, kuid ligip\u00e4\u00e4setavas kohas \u2013 Hitleri peas \u2013 ning l\u00e4htus kinnism\u00f5ttest, et juutide h\u00e4vitamine taastab maailma loomuliku tasakaalu ning lubab Saksamaal saada enda valdusesse ressursid, mida sel on h\u00e4dasti tarvis. Sellist maailmavaadet sai ellu viia \u00fcksnes teiste riikide ja nendes elavata juutide h\u00e4vitamise teel. Oma raamatus \u201eMust muld. Holokaust kui ajalugu ja hoiatus\u201d esitab Timothy Snyder sellest l\u00e4inud sajandi koletust trag\u00f6\u00f6diast p\u00f5hjaliku, asjatundliku ja s\u00fcgavalt originaalse k\u00e4sitluse.<\/p>\n<p>21. sajand on aga hakanud sarnanema 20. sajandi algusega, kus muret toidu ja vee p\u00e4rast saadavad ideoloogilised v\u00e4ljakutsed globaalsele korrale. Meie maailm on Hitleri omale m\u00e4rksa sarnasem, kui tunnistada tahame. Ida-Euroopa allikmaterjalidel ja elluj\u00e4\u00e4nud juutide unustatud tunnistustel p\u00f5hinev \u201eMust muld\u201c n\u00e4itab meile holokausti seega mitte \u00fcksnes ajaloona, vaid ka hoiatusena.<\/p>\n<p>Timothy Snyder (snd 1969) on Yale\u2019i \u00fclikooli ajalooprofessor, \u00fcks t\u00e4nap\u00e4eva tuntumaid Ameerika ajaloolasi. Ta on p\u00e4lvinud oma teoste eest mitmeid olulisi auhindu, shHannah Arendti preemia ja Lepizigi raamatuauhinna.Eesti keeles on varem ilmunud Snyderi teosed \u201eVeremaad: Euroopa Hitleri ja Stalini vahel\u201c (2011) ja \u201ePunane prints. \u00dche Habsburgide soost ertshertsogi salajased elud\u201c (2015).<\/p>\n<p><em>Timothy Snyderi julge uus l\u00e4henemine holokaustile seob Hitleri rassilise maailmavaate riikide h\u00e4vitamise ning maa ja toiduvarude h\u00f5ivamisega. Sellest t\u00e4helepanekust j\u00f5uab autor m\u00f5tlemapanevate ja h\u00e4irivate j\u00e4reldusteni t\u00e4nap\u00e4eva maailma kohta. \u201eMust muld\u201c r\u00f5hutab l\u00e4himineviku kohutava ebainimlikkuse najal pakilist vajadust meie tuleviku \u00fcle uuesti j\u00e4rele m\u00f5elda.<\/em><br \/>\nIan Kershaw<\/p>\n<p><em>\u201eMust muld\u201c kui pooleldi ajalooraamat ja pooleldi poliitikateooria pakub \u00f5petatud moel uue v\u00e4ljakutsuva t\u00f5lgenduse.<\/em><\/p>\n<p>Henry Kissinger<\/p>\n","protected":false},"excerpt":{"rendered":"<ul>\n<li class=\"styles_detailsItem__1an8a\"><span class=\"styles_greyText__1tZBn\">Lehek\u00fclgede arv <\/span>360 lehek\u00fclge<\/li>\n<li class=\"styles_detailsItem__1an8a\"><span class=\"styles_definition__1ckeC\">Suurus\u00a0 <\/span><span class=\"styles_definition__1ckeC\">165 x 246 x 25 mm<\/span>\n<div>\n<div class=\"styles_modal__h23LC\">\n<div class=\"styles_outerHandler__2Mghj\"><span class=\"styles_greyText__1tZBn\">Vorm <\/span>K\u00f5vakaaneline<\/div>\n<\/div>\n<\/div>\n<\/li>\n<li class=\"styles_detailsItem__1an8a\"><span class=\"styles_definition__1ckeC\">Lugemise aeg <\/span><span class=\"styles_definition__1ckeC\">12:0 tundi<\/span><\/li>\n<li class=\"styles_detailsItem__1an8a\"><span class=\"styles_greyText__1tZBn\">ISBN <\/span>9789985340431<\/li>\n<li class=\"styles_detailsItem__1an8a\"><span class=\"styles_greyText__1tZBn\">Ilmumisaasta <\/span>2017<\/li>\n<li class=\"styles_detailsItem__1an8a\"><span class=\"styles_greyText__1tZBn\">Keel <\/span>eestikeelne<\/li>\n<\/ul>\n","protected":false},"featured_media":138492,"template":"","meta":[],"product_brand":[],"product_cat":[670,431],"product_tag":[],"class_list":{"0":"post-138493","1":"product","2":"type-product","3":"status-publish","4":"has-post-thumbnail","6":"product_cat-sale","7":"product_cat-learning-books","8":"product_shipping_class-xs-en-2","10":"first","11":"instock","12":"sale","13":"taxable","14":"shipping-taxable","15":"purchasable","16":"product-type-simple"},"_links":{"self":[{"href":"https:\/\/minervashop.eu\/en\/wp-json\/wp\/v2\/product\/138493","targetHints":{"allow":["GET"]}}],"collection":[{"href":"https:\/\/minervashop.eu\/en\/wp-json\/wp\/v2\/product"}],"about":[{"href":"https:\/\/minervashop.eu\/en\/wp-json\/wp\/v2\/types\/product"}],"wp:featuredmedia":[{"embeddable":true,"href":"https:\/\/minervashop.eu\/en\/wp-json\/wp\/v2\/media\/138492"}],"wp:attachment":[{"href":"https:\/\/minervashop.eu\/en\/wp-json\/wp\/v2\/media?parent=138493"}],"wp:term":[{"taxonomy":"product_brand","embeddable":true,"href":"https:\/\/minervashop.eu\/en\/wp-json\/wp\/v2\/product_brand?post=138493"},{"taxonomy":"product_cat","embeddable":true,"href":"https:\/\/minervashop.eu\/en\/wp-json\/wp\/v2\/product_cat?post=138493"},{"taxonomy":"product_tag","embeddable":true,"href":"https:\/\/minervashop.eu\/en\/wp-json\/wp\/v2\/product_tag?post=138493"}],"curies":[{"name":"wp","href":"https:\/\/api.w.org\/{rel}","templated":true}]}}