{"id":14132,"date":"2021-11-16T12:20:32","date_gmt":"2021-11-16T12:20:32","guid":{"rendered":"https:\/\/minervashop.eu\/toode\/loreal-true-match%c2%99-concealer\/"},"modified":"2023-05-08T10:32:27","modified_gmt":"2023-05-08T10:32:27","slug":"loreal-true-match-concealer","status":"publish","type":"product","link":"https:\/\/minervashop.eu\/en\/toode\/loreal-true-match-concealer\/","title":{"rendered":"Loreal True Match Concealer"},"content":{"rendered":"<p><strong>Peitekreem on \u00fcks kosmeetikatoodetest, milleta sa t\u00f5en\u00e4oliselt ei kujuta oma elu ette &#8211; ja p\u00f5hjusega. Peitekreem aitab peita paljusid nahavigasid, ida sa sooviksid varjata, olgu need siis tumedad silmaalused v\u00f5i punetavad vistrikud, mis tekkisid just ebasobival hetkel. Sel hetkel on sul vaja just peitekreemi. Peitekreem v\u00f5i teha ka enamat kui peita tumedaid silmaaluseid ja punetavaid alasid.\u00a0 Ta v\u00e4rskendab jumet ning aitab\u00a0 saavutada kauni veatu sileda viimistluse. Sellega saab katta ka muid naha kahjustusi kasutades\u00a0 parimaid\u00a0 kosmeetika n\u00f5uandeid.<\/strong><\/p>\n<ol>\n<li><strong>Oled \u00e4rgates v\u00e4sinud jumega.<\/strong>\u00a0 Peitekreem silmade alla aitab v\u00e4rskendada silmi.\u00a0 Heledamat peitekreemi\u00a0 v\u00f5i panna ka silma sisenurka ja kulmuluule. V\u00f5ib panna ka tumedamatele aladele v\u00f5i varjudele ning l\u00f5uajoonele.<\/li>\n<li><strong>Tumedad silmaalused ja peened jooned.<\/strong>\u00a0 Peened jooned on naha vananemise tunnusjoon.\u00a0 Esmalt tulevad need silmade\u00a0 ja huulte \u00fcmber ning otsmikule. Kasuta siin peitekreemi.<\/li>\n<li><strong>Kasuta kontuurimiseks erinevaid toone peitekreeme.<\/strong>\u00a0Pane l\u00f5uajoonele v\u00f5i kontuurimist vajavale n\u00e4oosale (ninale, otsmikule)\u00a0 2 korda oma nahatoonist tumedamat peitekreemi ja hajuta\u00a0 heledamat tooni silmaaluste ja \u00fcldise nahatooniga.<\/li>\n<li><strong>Naha toonimiseks<\/strong>. On erinevaid nahatoone. Seet\u00f5ttu on raske leida sobivat peitekreemi. See peaks t\u00e4pselt sobima nahatooniga, et\u00a0 hajutuda sobivalt. Heledam kreem toob rohkem t\u00e4helepanu nahapiirkondadele, kus seda kasutada. Sobib tumedale silmaalusele ja\u00a0 punetavatele vistrikele. Tumedale alale kasuta virsikutooni ja hajuta s\u00f5rmedega.\u00a0 tooni erinevuste hajutamiseks\u00a0 kasuta \u00f5ige pisut kollakat tooni ja hajuta svammiga. Punase neutraliseerimiseks sobib rohekas toon, mida hajuta pintsliga. Tuhmi tooni elustamiseks sobib lillakas toon, mida sobib hajutada pintsliga ja s\u00f5rmedega.<\/li>\n<li><strong>Vananemisvastane toime.<\/strong>\u00a0M\u00f5ned korrektuuri vajavad alad on seotud vananemisega. Siis sobivad vananemisvastase toimega peitekreemid, mis samal ajal ka niisutavad nahka.<\/li>\n<li><strong>Erineva suuruse ja kujuga vigade peitmine<\/strong>.\u00a0 Mitte k\u00f5ik naha vead pole\u00a0 \u00fchesugused. Silmade alune v\u00f5ib vajada rohkem\u00a0 peitmist kui pisike t\u00e4pp ninal v\u00f5i l\u00f5ual. Peitepliiatsiga saab katta v\u00e4ikesi alasid, samas pliiatsi k\u00fcljega saab hajutada laiemaid alasid.<\/li>\n<\/ol>\n<p>NB! V\u00e4ike hulk peitekreemi teeb imesid, kuid\u00a0 on olemas ka oht \u00fcle doseerida. Kasuta heledamat peitekreemi ja hajuta korralikult, eriti silmade\u00a0 \u00fcmbruses. Silmade \u00fcmbrus vajab rohkelt niisutamist. Silmade \u00fcmber pane niisutavat kreemi patsutades kergelt s\u00f5rmega, mitte h\u00f5\u00f5rudes, tagurpidi C joonena silma nurgast kulmude poole. V\u00e4ldi liikuvat silmalaugu, kuna see on v\u00e4ga \u00f5huke ning kreem v\u00f5ib sattuda silma\u00a0 ja selle vesiseks teha.\u00a0 Silmade alla pane peitekreemi silma sisenurgast alates kuni poole silmani ja hajuta. V\u00e4ldi silma nurgas olevaid kortsusid.\u00a0 Siis v\u00f5ivad need esile tulla, isegi kui muidu neid ei m\u00e4rka.<\/p>\n","protected":false},"excerpt":{"rendered":"<p>Peitekreem, mis sobitub nahatooniga, peidab vigasid ja katab punetusi ning \u00fchtlustab nahatooni.\u00a0 Nahk saab loomulikuma, puhtama ja \u00fchtlasema jume.<\/p>\n<p><strong>Kasutamine<\/strong>:<\/p>\n<ul>\n<li>pane peitekreemi punetusele v\u00f5i silmade alla<\/li>\n<li>patsuta kreem s\u00f5rmega \u00f5rnalt naha sisse. Vajadusel pane veel \u00fcks kiht.<\/li>\n<li>professionaalseks tulemuseks kasuta peitekreemi pintslit<\/li>\n<li>p\u00fcsivuse saavutamiseks kasuta kinnistamiseks puudrit<\/li>\n<\/ul>\n<p><strong>Koostis<\/strong>:<\/p>\n<p>AQUA \/ WATER \/ EAU \u2022 CYCLOPENTASILOXANE \u2022 HYDROGENATED POLYISOBUTENE \u2022 GLYCERIN SORBITAN ISOSTEARATE \u2022 PROPYLENE GLYCOL \u2022 TITANIUM DIOXIDE \u2022 OZOKERITE \u2022 PHENOXYE<\/p>\n","protected":false},"featured_media":14133,"template":"","meta":[],"product_brand":[],"product_cat":[482],"product_tag":[],"class_list":{"0":"post-14132","1":"product","2":"type-product","3":"status-publish","4":"has-post-thumbnail","6":"product_cat-jumestus-nao-nahale","7":"product_shipping_class-xs","9":"first","10":"instock","11":"taxable","12":"shipping-taxable","13":"purchasable","14":"product-type-variable"},"_links":{"self":[{"href":"https:\/\/minervashop.eu\/en\/wp-json\/wp\/v2\/product\/14132","targetHints":{"allow":["GET"]}}],"collection":[{"href":"https:\/\/minervashop.eu\/en\/wp-json\/wp\/v2\/product"}],"about":[{"href":"https:\/\/minervashop.eu\/en\/wp-json\/wp\/v2\/types\/product"}],"wp:featuredmedia":[{"embeddable":true,"href":"https:\/\/minervashop.eu\/en\/wp-json\/wp\/v2\/media\/14133"}],"wp:attachment":[{"href":"https:\/\/minervashop.eu\/en\/wp-json\/wp\/v2\/media?parent=14132"}],"wp:term":[{"taxonomy":"product_brand","embeddable":true,"href":"https:\/\/minervashop.eu\/en\/wp-json\/wp\/v2\/product_brand?post=14132"},{"taxonomy":"product_cat","embeddable":true,"href":"https:\/\/minervashop.eu\/en\/wp-json\/wp\/v2\/product_cat?post=14132"},{"taxonomy":"product_tag","embeddable":true,"href":"https:\/\/minervashop.eu\/en\/wp-json\/wp\/v2\/product_tag?post=14132"}],"curies":[{"name":"wp","href":"https:\/\/api.w.org\/{rel}","templated":true}]}}