{"id":143592,"date":"2025-03-24T08:23:36","date_gmt":"2025-03-24T08:23:36","guid":{"rendered":"https:\/\/minervashop.eu\/toode\/satiinist-kotike-triquetra-sudamega\/"},"modified":"2025-05-13T11:07:43","modified_gmt":"2025-05-13T11:07:43","slug":"satiinist-kotike-triquetra-sudamega","status":"publish","type":"product","link":"https:\/\/minervashop.eu\/en\/product\/satiinist-kotike-triquetra-sudamega\/","title":{"rendered":"Satiinist kotike triquetra s\u00fcdamega"},"content":{"rendered":"","protected":false},"excerpt":{"rendered":"<p>satiin , k\u00e4sitsi maalitud s\u00e4delev muster<\/p>\n<p>9 x 12 cm<\/p>\n","protected":false},"featured_media":143589,"template":"","meta":[],"product_brand":[],"product_cat":[90,358,138,199,729],"product_tag":[],"class_list":{"0":"post-143592","1":"product","2":"type-product","3":"status-publish","4":"has-post-thumbnail","6":"product_cat-celitc-amulets","7":"product_cat-rhiannon-en","8":"product_cat-beloved","9":"product_cat-textile-bags","10":"product_cat-hearts","11":"product_shipping_class-xs-en-2","13":"first","14":"instock","15":"taxable","16":"shipping-taxable","17":"purchasable","18":"product-type-variable"},"_links":{"self":[{"href":"https:\/\/minervashop.eu\/en\/wp-json\/wp\/v2\/product\/143592","targetHints":{"allow":["GET"]}}],"collection":[{"href":"https:\/\/minervashop.eu\/en\/wp-json\/wp\/v2\/product"}],"about":[{"href":"https:\/\/minervashop.eu\/en\/wp-json\/wp\/v2\/types\/product"}],"wp:featuredmedia":[{"embeddable":true,"href":"https:\/\/minervashop.eu\/en\/wp-json\/wp\/v2\/media\/143589"}],"wp:attachment":[{"href":"https:\/\/minervashop.eu\/en\/wp-json\/wp\/v2\/media?parent=143592"}],"wp:term":[{"taxonomy":"product_brand","embeddable":true,"href":"https:\/\/minervashop.eu\/en\/wp-json\/wp\/v2\/product_brand?post=143592"},{"taxonomy":"product_cat","embeddable":true,"href":"https:\/\/minervashop.eu\/en\/wp-json\/wp\/v2\/product_cat?post=143592"},{"taxonomy":"product_tag","embeddable":true,"href":"https:\/\/minervashop.eu\/en\/wp-json\/wp\/v2\/product_tag?post=143592"}],"curies":[{"name":"wp","href":"https:\/\/api.w.org\/{rel}","templated":true}]}}