{"id":145000,"date":"2025-04-22T12:47:02","date_gmt":"2025-04-22T12:47:02","guid":{"rendered":"https:\/\/minervashop.eu\/toode\/noidus-kolmteist-ajaloolist-kohtuprotsessi\/"},"modified":"2025-06-30T14:06:52","modified_gmt":"2025-06-30T14:06:52","slug":"noidus-kolmteist-ajaloolist-kohtuprotsessi","status":"publish","type":"product","link":"https:\/\/minervashop.eu\/en\/product\/noidus-kolmteist-ajaloolist-kohtuprotsessi\/","title":{"rendered":"N\u00f5idus. Kolmteist ajaloolist kohtuprotsessi"},"content":{"rendered":"<p>Kaasahaarav ja v\u00e4rvikas \u00fclevaade Euroopa, Aafrika ja Ameerika n\u00f5iaprotsessidest, mille ajendiks olnud suhtumine k\u00f5igesse seletamatusse kujundab maailma palet veel t\u00e4nap\u00e4evalgi.<\/p>\n<p>\u201eN\u00f5idus\u201d viib lugeja p\u00f5nevale teekonnale l\u00e4bi sajandite. Osa k\u00e4sitletud kohtuprotsessidest teavad paljud, n\u00e4iteks Salemi n\u00f5idade omi, osa on v\u00e4hem tuntud, n\u00e4iteks Norras Vard\u00f8 saarel peetud protsess, kus \u00fcht saami naist s\u00fc\u00fcdistati m\u00f5rvas, Prantsusmaal toimunud protsess, kus noorel neiul tuli vastamisi seista usujuhist pihiisaga, ning Lesothos k\u00e4ivitatud n\u00f5iajaht, mille tagaj\u00e4rjel Briti koloniaalv\u00f5imud hukkasid kaks kohalikku juhti.<\/p>\n<p>Uurides, kuidas n\u00f5idus on aegade jooksul hirmu s\u00fcnnitanud, seej\u00e4rel dekriminaliseeritud ja \u00fcmber m\u00f5testatud, et v\u00f5tta see uuel kujul kasutusele naiste tagakiusamise vahendina, anal\u00fc\u00fcsib Marion Gibson soo ja v\u00f5imu, p\u00f5lisrahvaste tavade ja koloniaalvalitsuste surve ning poliitilise r\u00f5humise ja \u00fcksikisiku vastuhaku seoseid.<\/p>\n<p>Tuues lugeja ette n\u00f5iduses s\u00fc\u00fcdistatud mehed ja naised, kellest paljud ei p\u00e4\u00e4senud nendest protsessidest eluga, annab \u201eN\u00f5idus\u201d ehk s\u00fcdikust neile, keda meie ajal vaenatakse ja p\u00fc\u00fctakse t\u00fchistada. Nii saavad t\u00e4nap\u00e4evalgi k\u00f5nelda inimesed, kelle ajalugu kunagi vaikima sundis.<\/p>\n<p><strong>Marion Gibson<\/strong>\u00a0on \u00dchendkuningriigi Exeteri \u00dclikooli renessansi- ja maagiakirjanduse professor ning Cambridge University Pressi sarja \u201eElements in Magic\u201d peatoimetaja. Ta on avaldanud kaheksa teadusteost, olnud viie raamatu teadustoimetaja ja tema sulest on ilmunud mitmeid artikleid.<\/p>\n","protected":false},"excerpt":{"rendered":"<ul class=\"two-cols-text\">\n<li>riginaalpealkiri:Witchcraft: A History in Thirteen Trials<\/li>\n<li class=\"product_dimensions\">M\u00f5\u00f5dud:\u00a0150 \u00d7 230 mm<\/li>\n<li>312 lk.<\/li>\n<\/ul>\n","protected":false},"featured_media":144998,"template":"","meta":[],"product_brand":[],"product_cat":[670,431],"product_tag":[],"class_list":{"0":"post-145000","1":"product","2":"type-product","3":"status-publish","4":"has-post-thumbnail","6":"product_cat-sale","7":"product_cat-learning-books","8":"product_shipping_class-xs-en-2","10":"first","11":"instock","12":"sale","13":"taxable","14":"shipping-taxable","15":"purchasable","16":"product-type-simple"},"_links":{"self":[{"href":"https:\/\/minervashop.eu\/en\/wp-json\/wp\/v2\/product\/145000","targetHints":{"allow":["GET"]}}],"collection":[{"href":"https:\/\/minervashop.eu\/en\/wp-json\/wp\/v2\/product"}],"about":[{"href":"https:\/\/minervashop.eu\/en\/wp-json\/wp\/v2\/types\/product"}],"wp:featuredmedia":[{"embeddable":true,"href":"https:\/\/minervashop.eu\/en\/wp-json\/wp\/v2\/media\/144998"}],"wp:attachment":[{"href":"https:\/\/minervashop.eu\/en\/wp-json\/wp\/v2\/media?parent=145000"}],"wp:term":[{"taxonomy":"product_brand","embeddable":true,"href":"https:\/\/minervashop.eu\/en\/wp-json\/wp\/v2\/product_brand?post=145000"},{"taxonomy":"product_cat","embeddable":true,"href":"https:\/\/minervashop.eu\/en\/wp-json\/wp\/v2\/product_cat?post=145000"},{"taxonomy":"product_tag","embeddable":true,"href":"https:\/\/minervashop.eu\/en\/wp-json\/wp\/v2\/product_tag?post=145000"}],"curies":[{"name":"wp","href":"https:\/\/api.w.org\/{rel}","templated":true}]}}