{"id":145110,"date":"2025-04-24T10:35:19","date_gmt":"2025-04-24T10:35:19","guid":{"rendered":"https:\/\/minervashop.eu\/toode\/toit-ja-tervis-taimedest\/"},"modified":"2025-06-30T14:08:36","modified_gmt":"2025-06-30T14:08:36","slug":"toit-ja-tervis-taimedest","status":"publish","type":"product","link":"https:\/\/minervashop.eu\/en\/product\/toit-ja-tervis-taimedest\/","title":{"rendered":"Toit ja tervis taimedest"},"content":{"rendered":"<p>Raamat viib lugeja r\u00e4nnakule toidutaimede p\u00f5nevasse ja meelik\u00f6itvasse maailma. Kui soovite rohkem teada saada oma lemmikp\u00e4hklitest v\u00f5i lugeda selliste taimeriigi staaride elust nagu jaapani vasaabia v\u00f5i india mangopuu, on see raamat heaks teejuhiks. Siit leiab n\u00f5uandeid ja ka \u00fcllatusi n\u00e4iteks lehek\u00fclgedel, kus kohtume tiigrip\u00e4hklite ja madukurkidega.<\/p>\n<p>Oluline on m\u00f5ista, et tehes teadlikke toiduvalikuid, saame oma tervise heaks ise \u00fcllatavalt palju teha!<\/p>\n<p><strong>Krista Kaur<\/strong>\u00a0on l\u00f5petanud Eesti P\u00f5llumajandus\u00fclikooli (praegune Eesti Maa\u00fclikool) agronoomia teaduskonna ning alates 1994. aastast t\u00f6\u00f6tab Tallinna Botaanikaaias teadus- ja haridusosakonnas metoodikuna. S\u00fcgavamast huvist toidutaimede, toidu ja tervise seoste vastu, l\u00f5petas ta Annely Sootsi Tervisekooli toitumisn\u00f5ustaja erialal. Koos kolleegidega Tallinna Botaanikaaiast on ta toidutaimi tutvustanud ka arvukatel n\u00e4itustel.<\/p>\n<p>\u201eMinu jaoks on see raamat kasulik seet\u00f5ttu, et sain teada, millised taimed v\u00e4lja n\u00e4evad, kuidas nad kasvavad ning missugused on nende koostisosad ehk peamised toitained.\u201d Annely Soots, toitumisn\u00f5ustaja<\/p>\n<p>\u201eLisaks huvitavatele faktidele taimede kohta saab raamatust julgustust katsetada uusi retsepte ja teha oma toidulaud p\u00f5nevamaks seni proovimata taimedega. See raamat on ideaalne kaaslane aeg-ajalt sirvimiseks, et leida p\u00f5nevaid fakte nii ajaloo kui taimede toitainelise sisalduse kohta v\u00f5i inspiratsiooni katsetada kaugemate maade populaarseid toite.\u201d Kaie Eha, botaanik ja raamatu \u201eRoheteraapia toas ja \u00f5ues\u201d \u00fcks autoritest<\/p>\n","protected":false},"excerpt":{"rendered":"<ul class=\"two-cols-text\">\n<li class=\"product_dimensions\">M\u00f5\u00f5dud:\u00a0168 \u00d7 240 mm<\/li>\n<li>416 lk.<\/li>\n<\/ul>\n<p>\u201eRaamatust leiab p\u00f5hjaliku \u00fclevaate tuntud ja v\u00e4hem tuntud toidutaimedest. Mitmeid kirjeldatud liike, mis rikastavad toidulauda ja v\u00e4\u00e4rivad t\u00e4helepanu, kasvatatakse ka Eesti koduaedades. Kahtlemata on p\u00f5nev lugeda eksootiliste toidutaimede sortidest, kuid kindlasti tasub tunda ka kohalikke p\u00f5lissorte Peipsi sibulast V\u00e4ndra aedoani, J\u00f5geva kollasest r\u00e4\u00e4kimata.\u201d K\u00fclli Annamaa, Maaelu Teadmuskeskuse geenipanga juhataja<\/p>\n","protected":false},"featured_media":145109,"template":"","meta":[],"product_brand":[],"product_cat":[670,588],"product_tag":[],"class_list":{"0":"post-145110","1":"product","2":"type-product","3":"status-publish","4":"has-post-thumbnail","6":"product_cat-sale","7":"product_cat-tervise-raamatud-en","8":"product_shipping_class-xs-en-2","10":"first","11":"instock","12":"sale","13":"taxable","14":"shipping-taxable","15":"purchasable","16":"product-type-simple"},"_links":{"self":[{"href":"https:\/\/minervashop.eu\/en\/wp-json\/wp\/v2\/product\/145110","targetHints":{"allow":["GET"]}}],"collection":[{"href":"https:\/\/minervashop.eu\/en\/wp-json\/wp\/v2\/product"}],"about":[{"href":"https:\/\/minervashop.eu\/en\/wp-json\/wp\/v2\/types\/product"}],"wp:featuredmedia":[{"embeddable":true,"href":"https:\/\/minervashop.eu\/en\/wp-json\/wp\/v2\/media\/145109"}],"wp:attachment":[{"href":"https:\/\/minervashop.eu\/en\/wp-json\/wp\/v2\/media?parent=145110"}],"wp:term":[{"taxonomy":"product_brand","embeddable":true,"href":"https:\/\/minervashop.eu\/en\/wp-json\/wp\/v2\/product_brand?post=145110"},{"taxonomy":"product_cat","embeddable":true,"href":"https:\/\/minervashop.eu\/en\/wp-json\/wp\/v2\/product_cat?post=145110"},{"taxonomy":"product_tag","embeddable":true,"href":"https:\/\/minervashop.eu\/en\/wp-json\/wp\/v2\/product_tag?post=145110"}],"curies":[{"name":"wp","href":"https:\/\/api.w.org\/{rel}","templated":true}]}}