{"id":145125,"date":"2025-04-24T10:53:52","date_gmt":"2025-04-24T10:53:52","guid":{"rendered":"https:\/\/minervashop.eu\/toode\/timukas-ja-tema-maagiline-ihuarst\/"},"modified":"2025-07-01T11:40:04","modified_gmt":"2025-07-01T11:40:04","slug":"timukas-ja-tema-maagiline-ihuarst","status":"publish","type":"product","link":"https:\/\/minervashop.eu\/en\/product\/timukas-ja-tema-maagiline-ihuarst\/","title":{"rendered":"Timukas ja tema maagiline ihuarst"},"content":{"rendered":"<p>Berliin, aprill 1945. Kaks popliinmantlis meest v\u00e4ljub haakristidega m\u00e4rgistatud lennukist. \u00dcks meestest, Luunjas s\u00fcndinud Felix Kersten, on Himmleri pikaaegne mass\u00f6\u00f6r ja s\u00f5ber, kes on koos Juudi Maailmakongressi esindajaga tulnud pidama l\u00e4bir\u00e4\u00e4kimisi koonduslaagrivangide vabastamise \u00fcle. Meeste reis v\u00f5ib p\u00e4\u00e4sta k\u00fcmnete tuhandete inimeste elu \u2026<br \/>\nSee raamat r\u00e4\u00e4gib loo Eesti p\u00e4ritolu Felix Kerstenist, keda Himmler nimetas oma maagiliseks Buddhaks. Himmler oli kogu s\u00f5ja aja s\u00f5ltuvuses Kersteni raviseanssidest ja viimane suutis sageli m\u00f5jutada natsijuhi otsuseid. Kui Saksamaa kaotus tundus olevat juba m\u00f6\u00f6dap\u00e4\u00e4smatu, hakkas Himmler oma naha p\u00e4\u00e4stmiseks meeleheitlikult kaubitsema koonduslaagrivangidega. Kersten omalt poolt p\u00fc\u00fcdis p\u00e4\u00e4stetud vange Rootsi toimetada.<br \/>\nM\u00e4lestuste ja p\u00e4evaraamatutega j\u00e4tab Kersten maha hulga m\u00f5istatusi, mille \u00fcle uurijad on jagelenud rohkem kui pool sajandit. Kes Kersten tegelikult oli? Oportunistlik silmamoondaja v\u00f5i karismaatiline heategija?<\/p>\n<p>Filosoofiadoktor, kultuuriantropoloog ja teaduskirjanik TAPIO TAMMINEN v\u00f5itis teaduskirjanduse Finlandia auhinna oma eelmise teosega \u201eRahvakodu varjuk\u00fclg\u201d (2015).<\/p>\n","protected":false},"excerpt":{"rendered":"<p>Himmleri ja Felix Kersteni lugu<\/p>\n<ul class=\"two-cols-text\">\n<li>Originaalpealkiri:Himmler ja h\u00e4nen suomalainen buddhansa<\/li>\n<li class=\"product_dimensions\">M\u00f5\u00f5dud:\u00a0143 \u00d7 210 mm<\/li>\n<li class=\"product_published\">Ilmunud:\u00a026.08.2019<\/li>\n<li>288 lk.<\/li>\n<\/ul>\n<p>&nbsp;<\/p>\n","protected":false},"featured_media":145124,"template":"","meta":[],"product_brand":[],"product_cat":[670,431],"product_tag":[],"class_list":{"0":"post-145125","1":"product","2":"type-product","3":"status-publish","4":"has-post-thumbnail","6":"product_cat-sale","7":"product_cat-learning-books","8":"product_shipping_class-xs-en-2","10":"first","11":"instock","12":"sale","13":"taxable","14":"shipping-taxable","15":"purchasable","16":"product-type-simple"},"_links":{"self":[{"href":"https:\/\/minervashop.eu\/en\/wp-json\/wp\/v2\/product\/145125","targetHints":{"allow":["GET"]}}],"collection":[{"href":"https:\/\/minervashop.eu\/en\/wp-json\/wp\/v2\/product"}],"about":[{"href":"https:\/\/minervashop.eu\/en\/wp-json\/wp\/v2\/types\/product"}],"wp:featuredmedia":[{"embeddable":true,"href":"https:\/\/minervashop.eu\/en\/wp-json\/wp\/v2\/media\/145124"}],"wp:attachment":[{"href":"https:\/\/minervashop.eu\/en\/wp-json\/wp\/v2\/media?parent=145125"}],"wp:term":[{"taxonomy":"product_brand","embeddable":true,"href":"https:\/\/minervashop.eu\/en\/wp-json\/wp\/v2\/product_brand?post=145125"},{"taxonomy":"product_cat","embeddable":true,"href":"https:\/\/minervashop.eu\/en\/wp-json\/wp\/v2\/product_cat?post=145125"},{"taxonomy":"product_tag","embeddable":true,"href":"https:\/\/minervashop.eu\/en\/wp-json\/wp\/v2\/product_tag?post=145125"}],"curies":[{"name":"wp","href":"https:\/\/api.w.org\/{rel}","templated":true}]}}