{"id":14515,"date":"2021-11-16T12:23:24","date_gmt":"2021-11-16T12:23:24","guid":{"rendered":"https:\/\/minervashop.eu\/toode\/nahast-punutud-kaevoru-kristalliga\/"},"modified":"2022-12-22T08:49:33","modified_gmt":"2022-12-22T08:49:33","slug":"nahast-punutud-kaevoru-kristalliga","status":"publish","type":"product","link":"https:\/\/minervashop.eu\/en\/toode\/nahast-punutud-kaevoru-kristalliga\/","title":{"rendered":"Nahast punutud k\u00e4ev\u00f5ru kristalliga"},"content":{"rendered":"","protected":false},"excerpt":{"rendered":"<p>magnetiga sulguv kunstnahast k\u00e4ev\u00f5ru<br \/>\nkalliskivid<br \/>\n7 mm x 20 cm<\/p>\n","protected":false},"featured_media":14516,"template":"","meta":[],"product_brand":[],"product_cat":[35],"product_tag":[],"class_list":{"0":"post-14515","1":"product","2":"type-product","3":"status-publish","4":"has-post-thumbnail","6":"product_cat-nahast-kaevorud","7":"product_shipping_class-xs","9":"first","10":"instock","11":"taxable","12":"shipping-taxable","13":"purchasable","14":"product-type-variable"},"_links":{"self":[{"href":"https:\/\/minervashop.eu\/en\/wp-json\/wp\/v2\/product\/14515","targetHints":{"allow":["GET"]}}],"collection":[{"href":"https:\/\/minervashop.eu\/en\/wp-json\/wp\/v2\/product"}],"about":[{"href":"https:\/\/minervashop.eu\/en\/wp-json\/wp\/v2\/types\/product"}],"wp:featuredmedia":[{"embeddable":true,"href":"https:\/\/minervashop.eu\/en\/wp-json\/wp\/v2\/media\/14516"}],"wp:attachment":[{"href":"https:\/\/minervashop.eu\/en\/wp-json\/wp\/v2\/media?parent=14515"}],"wp:term":[{"taxonomy":"product_brand","embeddable":true,"href":"https:\/\/minervashop.eu\/en\/wp-json\/wp\/v2\/product_brand?post=14515"},{"taxonomy":"product_cat","embeddable":true,"href":"https:\/\/minervashop.eu\/en\/wp-json\/wp\/v2\/product_cat?post=14515"},{"taxonomy":"product_tag","embeddable":true,"href":"https:\/\/minervashop.eu\/en\/wp-json\/wp\/v2\/product_tag?post=14515"}],"curies":[{"name":"wp","href":"https:\/\/api.w.org\/{rel}","templated":true}]}}