{"id":150524,"date":"2025-08-13T14:43:39","date_gmt":"2025-08-13T14:43:39","guid":{"rendered":"https:\/\/minervashop.eu\/?post_type=product&#038;p=150524"},"modified":"2025-09-08T11:05:44","modified_gmt":"2025-09-08T11:05:44","slug":"seep-vaniljega-80-g","status":"publish","type":"product","link":"https:\/\/minervashop.eu\/en\/toode\/seep-vaniljega-80-g\/","title":{"rendered":"Seep vaniljega 80 g"},"content":{"rendered":"<p>K\u00fclmpressi meetodil valmistatud naturaalne seep. See t\u00e4hendab \u00f5lide kombineerimist ja\u00a0 naatrium h\u00fcdroksiidi kihti, mis tekitab keemilise reaktsiooni, mida tuntakse saponifikatsioonina. Selle protsessi k\u00e4igus saab valmistaja valida \u00f5lid, v\u00e4rvi ja l\u00f5hna ning teised koostisained, mis pannakse seebi sisse. Need on nahale kahjutud koostisained.<\/p>\n<p>Saules Fabrika\u2019s tahke seep on 100% k\u00e4sitsi valmistatud meresoola,\u00a0 kakaov\u00f5i, ja kookos\u00f5liga.<\/p>\n<p><strong>vaata lisaks\u00a0<a href=\"https:\/\/rnojomku.sendsmaily.net\/templates\/ca728616-80fc-41fe-a1e2-c58fc911250a\/html\/\">siit<\/a><\/strong><\/p>\n<p>koostis \u2013 vesi, Glycerin, Sodium Stearate, Propylene Glycol, Sorbitol, Sodium Laurate, Sodium Laureth Sulfate, Parfum, Sodium Lauryl Sulfate, Sodium Chloride, Olea Europaea (Olive) Fruit Oil, Prunus Amygdalus Dulcis (magus mandel) Oil, Stearic Acid, Lauric Acid, Pentasodium Pentetate, Tetrasodium Etidronate, Linalool, Limonene, Hexyl Cinnamal, Benzyl Salicylate, Tocopherol (Vitamin E), CI 14720, CI 77891.<\/p>\n","protected":false},"excerpt":{"rendered":"<p>Sobib igale nahale, isegi kuivale ja tundlikule. Puhastab nahka seda kuivatamata.\u00a0 Eemaldab mustuse t\u00e4ielikult. Mandli \u00f5li ja oliivi\u00f5li abil saavutatud niisutus.\u00a0 Sisaldab E-vitamiini. Ei sisalda loomset gl\u00fctseriini. Kaitseb nahka vabade radikaalide eest.\u00a0 Vananemisvastane.\u00a0 Valmistatud 90-95% naturaalsetest koostisainetest.<\/p>\n<p>See merevaigu v\u00e4rvi seep on rahustava vanilje l\u00f5hnaga, rahustades tundeid ja s\u00fcgavalt puhastades ja niisutades nahka.<\/p>\n","protected":false},"featured_media":150527,"template":"","meta":[],"product_brand":[],"product_cat":[26],"product_tag":[],"class_list":{"0":"post-150524","1":"product","2":"type-product","3":"status-publish","4":"has-post-thumbnail","6":"product_cat-seebid","7":"product_shipping_class-xs","9":"first","10":"instock","11":"taxable","12":"shipping-taxable","13":"purchasable","14":"product-type-simple"},"_links":{"self":[{"href":"https:\/\/minervashop.eu\/en\/wp-json\/wp\/v2\/product\/150524","targetHints":{"allow":["GET"]}}],"collection":[{"href":"https:\/\/minervashop.eu\/en\/wp-json\/wp\/v2\/product"}],"about":[{"href":"https:\/\/minervashop.eu\/en\/wp-json\/wp\/v2\/types\/product"}],"wp:featuredmedia":[{"embeddable":true,"href":"https:\/\/minervashop.eu\/en\/wp-json\/wp\/v2\/media\/150527"}],"wp:attachment":[{"href":"https:\/\/minervashop.eu\/en\/wp-json\/wp\/v2\/media?parent=150524"}],"wp:term":[{"taxonomy":"product_brand","embeddable":true,"href":"https:\/\/minervashop.eu\/en\/wp-json\/wp\/v2\/product_brand?post=150524"},{"taxonomy":"product_cat","embeddable":true,"href":"https:\/\/minervashop.eu\/en\/wp-json\/wp\/v2\/product_cat?post=150524"},{"taxonomy":"product_tag","embeddable":true,"href":"https:\/\/minervashop.eu\/en\/wp-json\/wp\/v2\/product_tag?post=150524"}],"curies":[{"name":"wp","href":"https:\/\/api.w.org\/{rel}","templated":true}]}}