{"id":150540,"date":"2025-08-14T08:11:21","date_gmt":"2025-08-14T08:11:21","guid":{"rendered":"https:\/\/minervashop.eu\/?post_type=product&#038;p=150540"},"modified":"2025-10-10T11:33:37","modified_gmt":"2025-10-10T11:33:37","slug":"eternal-values-bath-salt-aloe-450g","status":"publish","type":"product","link":"https:\/\/minervashop.eu\/en\/toode\/eternal-values-bath-salt-aloe-450g\/","title":{"rendered":"Eternal Values bath salt Aloe 450g"},"content":{"rendered":"<p>koostis &#8211; meresool, Aloe Barbadensis Extract, Ribes Nigrum Leaf.<\/p>\n<p><strong>Saules meresool: naturaalsete mineraalide tervistavad omadused<\/strong><br \/>\nPeaaegu iga\u00fcks on nautinud meeldivat tunnet meresoolaga l\u00f5\u00f5gastavat vanni v\u00f5ttes. Kerge aroom rahustab maha p\u00e4eva jooksul tekkinud emotsioone\u00a0 ja kogu rituaal j\u00e4tab naha m\u00e4rkimisv\u00e4\u00e4rsemalt siledamaks ja siidisemaks. Meresool on unikaalne produkt, mis on tekkinud iidsete merede aurustumise tagaj\u00e4rjel. Meresool on rohkem kui 50 miljonit aastat vana\u00a0 ja seet\u00f5ttu omab ta pikka nimekirja tervistavatest omadustest.<\/p>\n<p>T\u00f6\u00f6tlemata meresoola tervistavad omadused &#8211;<\/p>\n<p>astma abiks: meresoola lahus inhaleerimiseks aitab v\u00e4ltida\u00a0 kroonilisi k\u00f6hahoogusid.<br \/>\niluhooldus: naturaalne leelis on osa paljudes toniseerivates maskides nahale ja juustele.<br \/>\nvereringe: meresool avab poorid, k\u00fcllastades rakkusid hapnikuga, mis parandab vereringet.<br \/>\nrasvumine ja tselluliit: meresool aitab kaalu v\u00e4hendada ja vabaneda tselluliidist, soola v\u00f5ib kasutada ka toidu valmistamisel.<br \/>\nimmuunsus: mineraalid annavad suurep\u00e4rase toe keha kaitsmisel ja vastupanuv\u00f5ime suurendamisel haigustele.<br \/>\nlihaskrambid ja spasmid: meresool aitab lihasrakkudel toidust omastada kaaliumi.<\/p>\n<p><em>*selle toote iseloomustuses antud omadused pole teaduslikult t\u00f5estatud ja toetuvad kasutajate kogemusel ja holistilisel teraapial. Kirjeldatud raviomadused ei asenda mingil juhul kvalifitseeritud terapeudi v\u00f5i arsti diagnoosi ega ravi. Kui kahtled\u00a0 oma tervises, pea n\u00f5u arstiga.<\/em><\/p>\n<p><strong>Meresoola keemiline koostis, see on naturaalsete mineraalide varalaegas.<\/strong><br \/>\nMeresool on voolav aines kristallide kujul, mis on saadud maailma ookeanide p\u00f5hjast. Keskmine osakeste suurus on ca 2.5 mm, mineraali v\u00e4rv varieerub valgest ja kollasest kuni helehallini. Tervislikud ja k\u00f5rge kvaliteediga omadusega aines ei ole termiliselt, keemiliselt ega mehhaaniliselt t\u00f6\u00f6deldud. See sisaldab lahustunud savimuldade j\u00e4\u00e4ke,\u00a0 jahvatatud dolomiite ja vulkaanilisi elemente ehk nn. meremuda. Terapeutiliselt aktiivsed\u00a0 biostimulandid on veel\u00a0 veel \u00fcks komponent, mis toob organismile absoluutse kasu.<\/p>\n<p>Taimsete ja mineraalse koostisega meresool, nagu n\u00f5ges, kuuseokkad, aaloe, pihlakas, teeleht,\u00a0 saialill, kummel, jne. tugevdavad f\u00fc\u00fcsilist ja\u00a0 emotsionaalset tervist. Meeldiv l\u00f5\u00f5gastav l\u00f5hn on tulemuseks taimsete eeterlike \u00f5lide immutamisele.\u00a0 Valides naturaalsed koostisained v\u00f5id alati loota parimale tulemusele!<\/p>\n<p>Saules Fabrika pakub naturaalse koostisega mikro- ja makroelementide segu loodusest. Koostises on iidsete merede kristalliseerunud looming oma tervendavate gaaside ja muda koostisega.<\/p>\n<p>Mis juhtub p\u00e4rast soola ekstraheerimist? Saules Fabrika meresoola ei ole t\u00e4iendavalt t\u00f6\u00f6deldud. See on kuivanud looduslikes tingimustes, mist\u00f5ttu on s\u00e4ilinud k\u00f5ik soola\u00a0 tervendavad ja toitvad omadused. Kristalliline v\u00f5re s\u00e4ilitab mangaani, kaltsiumi,\u00a0 kaaliumi, magneesiumi, joodi, fosfori ja teised elemendid. L\u00f5pptulemusena on soola rikastatud betaiiniga suhkrupeedist ja naturaalsete ekstraktidega.<\/p>\n<p><strong>meresool vanniks: kasutamine ja vastun\u00e4idustused**<\/strong><br \/>\nSelleks, et kogeda vaid positiivseid emotsioone vanni v\u00f5ttes Saules Fabrika meresoolaga ja oma nahk saada\u00a0 t\u00e4ielikult k\u00fcllastatud naturaalsete mineraalidega, j\u00e4rgides soovitusi tootjalt &#8211; lisa 100-500 g toodet 80 liitrile veele 35 kuni 39 kraadises vees; v\u00f5tta vanni 10-20 minutit; mitte rohkem kui 3 korda n\u00e4dalas.<\/p>\n<p><em>**Meresoola kasutamisel on mitmeid vastun\u00e4idustusi. S\u00fcdamehaigused ja s\u00fcdamepuudulikkus,\u00a0 diabeet,\u00a0 epilepsia,\u00a0 tuberkuloos ja m\u00f5ned vaimsed ebastabiilsed seisundid.<\/em><\/p>\n","protected":false},"excerpt":{"rendered":"<p>Eternal Values vannisool aaloe veraga<br \/>\nTraditsiooniliseks taimseks vanniks, mis on suurep\u00e4rane\u00a0 akne ravimiseks, p\u00f5letiku eemaldamiseks ja ekseemi s\u00fcmptomite v\u00e4hendamiseks. Rikastatud\u00a0 elustavate taimede ja toitainetega. Toidab ja\u00a0 ja elustab nahka, j\u00e4ttes\u00a0 selle pehmeks, v\u00e4rskeks ja toitunuks.<\/p>\n","protected":false},"featured_media":150541,"template":"","meta":[],"product_brand":[],"product_cat":[275,433,234],"product_tag":[],"class_list":{"0":"post-150540","1":"product","2":"type-product","3":"status-publish","4":"has-post-thumbnail","6":"product_cat-jalgadele","7":"product_cat-kehale","8":"product_cat-tervisetooted","9":"product_shipping_class-s","11":"first","12":"instock","13":"taxable","14":"shipping-taxable","15":"purchasable","16":"product-type-simple"},"_links":{"self":[{"href":"https:\/\/minervashop.eu\/en\/wp-json\/wp\/v2\/product\/150540","targetHints":{"allow":["GET"]}}],"collection":[{"href":"https:\/\/minervashop.eu\/en\/wp-json\/wp\/v2\/product"}],"about":[{"href":"https:\/\/minervashop.eu\/en\/wp-json\/wp\/v2\/types\/product"}],"wp:featuredmedia":[{"embeddable":true,"href":"https:\/\/minervashop.eu\/en\/wp-json\/wp\/v2\/media\/150541"}],"wp:attachment":[{"href":"https:\/\/minervashop.eu\/en\/wp-json\/wp\/v2\/media?parent=150540"}],"wp:term":[{"taxonomy":"product_brand","embeddable":true,"href":"https:\/\/minervashop.eu\/en\/wp-json\/wp\/v2\/product_brand?post=150540"},{"taxonomy":"product_cat","embeddable":true,"href":"https:\/\/minervashop.eu\/en\/wp-json\/wp\/v2\/product_cat?post=150540"},{"taxonomy":"product_tag","embeddable":true,"href":"https:\/\/minervashop.eu\/en\/wp-json\/wp\/v2\/product_tag?post=150540"}],"curies":[{"name":"wp","href":"https:\/\/api.w.org\/{rel}","templated":true}]}}