{"id":150546,"date":"2025-08-14T09:16:07","date_gmt":"2025-08-14T09:16:07","guid":{"rendered":"https:\/\/minervashop.eu\/?post_type=product&#038;p=150546"},"modified":"2025-09-08T11:06:41","modified_gmt":"2025-09-08T11:06:41","slug":"merevetikaga-naomask-90g","status":"publish","type":"product","link":"https:\/\/minervashop.eu\/en\/toode\/merevetikaga-naomask-90g\/","title":{"rendered":"Merevetikaga n\u00e4omask 90g"},"content":{"rendered":"<p>Kasutamine &#8211; kanna nahale \u00f5huke kiht maski ja masseeri \u00f5rnalt s\u00f5rmeotstega. Eemalda 15 &#8211; 20 minuti p\u00e4rast vatipadjaga ja loputa leige veega. V\u00e4ga kuiva naha puhul soovitatav kasutada maski v\u00e4hemalt 2 &#8211; 3 korda n\u00e4dalas.<\/p>\n<p><b>Tootest<\/b><\/p>\n<p>90-95% looduslikud koostisained. Toitev t\u00e4nu taimsetele ekstraktidele. Toniseerib ja taastab. Atraktiivne pakend.<\/p>\n<p>koostis &#8211; Olea Europaea (Olive) Fruit Oil, Butyrospermum Parkii (Shea) Butter, Cocos Nucifera (Coconut) Oil, Mel (mesi), Aloe Barbadensis Extract, Hibiscus Abelmoschus Flower Extract, Parfum, Phenoxyethanol, Tocopheryl Acetate (Vitamin E), Benzyl Benzoate, Hexyl Cinnamal.<\/p>\n","protected":false},"excerpt":{"rendered":"<p>Sobib igale nahale<\/p>\n<p>N\u00e4omask\u00a0 on valmistatud rikkalikest koostisainetest nagu vetikaekstrakt, musts\u00f5stra ekstrakt, aafrika shea v\u00f5i,\u00a0 mesi. Mask stimuleerib rakkude uuenemist ja parandab naha tekstuuri ning jumet. Lisatud E vitamiin on tuntud oma antioks\u00fcdantete omaduste poolest. Mask on noorendav ja aitab taastada naha tugevust.<\/p>\n<p><em>NB! S\u00e4ilita tihedalt suletuna temperatuuril +5 kuni +25 \u00b0 C. Hoia eemale otsest p\u00e4ikesevalgusest. Mitte kasutada mee allergia korral.<\/em><\/p>\n","protected":false},"featured_media":150547,"template":"","meta":[],"product_brand":[],"product_cat":[230],"product_tag":[],"class_list":{"0":"post-150546","1":"product","2":"type-product","3":"status-publish","4":"has-post-thumbnail","6":"product_cat-naole","7":"product_shipping_class-s","9":"first","10":"instock","11":"taxable","12":"shipping-taxable","13":"purchasable","14":"product-type-simple"},"_links":{"self":[{"href":"https:\/\/minervashop.eu\/en\/wp-json\/wp\/v2\/product\/150546","targetHints":{"allow":["GET"]}}],"collection":[{"href":"https:\/\/minervashop.eu\/en\/wp-json\/wp\/v2\/product"}],"about":[{"href":"https:\/\/minervashop.eu\/en\/wp-json\/wp\/v2\/types\/product"}],"wp:featuredmedia":[{"embeddable":true,"href":"https:\/\/minervashop.eu\/en\/wp-json\/wp\/v2\/media\/150547"}],"wp:attachment":[{"href":"https:\/\/minervashop.eu\/en\/wp-json\/wp\/v2\/media?parent=150546"}],"wp:term":[{"taxonomy":"product_brand","embeddable":true,"href":"https:\/\/minervashop.eu\/en\/wp-json\/wp\/v2\/product_brand?post=150546"},{"taxonomy":"product_cat","embeddable":true,"href":"https:\/\/minervashop.eu\/en\/wp-json\/wp\/v2\/product_cat?post=150546"},{"taxonomy":"product_tag","embeddable":true,"href":"https:\/\/minervashop.eu\/en\/wp-json\/wp\/v2\/product_tag?post=150546"}],"curies":[{"name":"wp","href":"https:\/\/api.w.org\/{rel}","templated":true}]}}