{"id":150558,"date":"2025-08-14T09:54:03","date_gmt":"2025-08-14T09:54:03","guid":{"rendered":"https:\/\/minervashop.eu\/?post_type=product&#038;p=150558"},"modified":"2026-01-02T16:14:05","modified_gmt":"2026-01-02T16:14:05","slug":"natural-massage-oil-jadore-200ml","status":"publish","type":"product","link":"https:\/\/minervashop.eu\/en\/toode\/natural-massage-oil-jadore-200ml\/","title":{"rendered":"Natural massage oil J&#8217;adore 200ml"},"content":{"rendered":"<p><strong>Saules\u00a0 massaaa\u017ei\u00f5li annab palju kasulikke omadusi ja l\u00f5\u00f5gastust.<\/strong><\/p>\n<p>Parandab tsirkulatsiooni, tervendab valusaid lihaseid, leevendab stressi, suurendab immuunsust ja isegi aitab nahka noorendada, kuna\u00a0\u00a0<strong>E-vitamiin muudab naha palju elastsemaks.<\/strong><br \/>\n<strong>Sellel massaa\u017ei\u00f5lil on tasakaalustatud koostis neljast \u00f5list \u2013 viinamarjaseemne, kookose,\u00a0 kakaov\u00f5i, mandli\u00f5li ja E-vitamiini n\u00e4ol. Tal on kerge tekstuur, pehme meeldiv l\u00f5hn ja ideaalne tihedus. Annab massaa\u017ei ajal libedust ja v\u00f5imaldab k\u00e4tel liikuda nahal vabalt, samal ajal imendub naha sisse, j\u00e4ttes naha pehme ja sametise.<\/strong><\/p>\n<p><strong>koostis<\/strong><br \/>\n<em>Vitis Vinifera (viinamarja) seemne \u00f5li, Prunus Amygdalus Dulcis (magus mandel) Oil, Cocos Nucifera (kookosp\u00e4hkel) Oil, Theobroma Cacao Seed Butter, Vitamin E, Parfum, Linalool, Limonene, Coumarin, Alpha-Isomethyl Ionone, Benzyl Benzoate, Geraniol.<\/em><\/p>\n<p><strong>Viinamarjaseemne \u00f5li:<\/strong>\u00a0niisutab nahka, kiirendab noorenemist, muutes naha siledamaks, tugevamaks ja palju elastsemaks.<br \/>\n<strong>Magusa mandli \u00f5li:<\/strong>\u00a0miisutab t\u00e4iuslikult, v\u00e4hendab kuivust ja \u00e4rritust, taastab kirkuse ja elastsuse, tasakaalustab naha happesust ja taastab loomuliku kaitsekihi.<br \/>\n<strong>Kookos\u00f5li:<\/strong>\u00a0toidab ja niisutab nahka aktiivselt, kiirendab naha rakkude taastumist ja toimib h\u00e4sti koorimisena p\u00f5letikuvastaseks efektiks.<br \/>\n<strong>Kakao seemne v\u00f5i:<\/strong>\u00a0niisutab, taastab ja silendab nahka, aidates leevendada turset ja tselluliiti, muutes naha palju elastsemaks ja siidisemaks.<br \/>\n<strong>Limonene:<\/strong>\u00a0peamine koostisosa tsitruse eeterlikus \u00f5lis, mida klassifitseeritakse ts\u00fckliliseks monoterpeeniks.<\/p>\n<p><strong>Kumariin:<\/strong>\u00a0looduslik koostisosa, mida leidub kaneelis ja tonka ubades<br \/>\n<strong>Tsitronellool:<\/strong>\u00a0v\u00e4rske, lilleline ja puhas roosi sarnane l\u00f5hn.<br \/>\n<strong>Linalool:<\/strong>\u00a0omab rolli l\u00f5hnana ja mikroobidevastase koostisainena, mida leidub\u00a0 taimes, nagu\u00a0<em>Ocimum canum<\/em>.<br \/>\n<strong>Geraniool:<\/strong>\u00a0l\u00f5hn, mida toodavad mesilased, et m\u00e4rgistada nektarit kandvaid lilli.<br \/>\n<strong>Vitamiin E:<\/strong>\u00a0s\u00e4ilitab naha elastsuse, hoiab \u00e4ra vananemise, niisutab ja pehmendab nahka.<\/p>\n<p><b>Kasutamine<\/b><\/p>\n<p>Sobib kasutada professionaalseks ja koduseks massaa\u017eiks, samuti keha naha niisutamiseks.<br \/>\nKanna nahale ringjate liigutustega p\u00e4rast du\u0161\u0161i, \u00e4ra pese maha v\u00f5i j\u00e4ta nahale v\u00e4hemalt 20ks minutiks.<\/p>\n","protected":false},"excerpt":{"rendered":"<p><em>Luksuslik lille-puuviljane aroom pirni,\u00a0 meloni,\u00a0 magnoolia,\u00a0 jasmiini, maikellukese, roosi, orhidee, kannikese, musts\u00f5stra, seedri ja vanilje nootidega.<\/em><\/p>\n<p>Plastik pudel dosaatoriga<\/p>\n<p>Valmistatud L\u00e4tis<\/p>\n","protected":false},"featured_media":150559,"template":"","meta":[],"product_brand":[],"product_cat":[74],"product_tag":[],"class_list":{"0":"post-150558","1":"product","2":"type-product","3":"status-publish","4":"has-post-thumbnail","6":"product_cat-aroomilambid-sulavahad-sulagraanulid","7":"product_shipping_class-s","9":"first","10":"instock","11":"taxable","12":"shipping-taxable","13":"purchasable","14":"product-type-simple"},"_links":{"self":[{"href":"https:\/\/minervashop.eu\/en\/wp-json\/wp\/v2\/product\/150558","targetHints":{"allow":["GET"]}}],"collection":[{"href":"https:\/\/minervashop.eu\/en\/wp-json\/wp\/v2\/product"}],"about":[{"href":"https:\/\/minervashop.eu\/en\/wp-json\/wp\/v2\/types\/product"}],"wp:featuredmedia":[{"embeddable":true,"href":"https:\/\/minervashop.eu\/en\/wp-json\/wp\/v2\/media\/150559"}],"wp:attachment":[{"href":"https:\/\/minervashop.eu\/en\/wp-json\/wp\/v2\/media?parent=150558"}],"wp:term":[{"taxonomy":"product_brand","embeddable":true,"href":"https:\/\/minervashop.eu\/en\/wp-json\/wp\/v2\/product_brand?post=150558"},{"taxonomy":"product_cat","embeddable":true,"href":"https:\/\/minervashop.eu\/en\/wp-json\/wp\/v2\/product_cat?post=150558"},{"taxonomy":"product_tag","embeddable":true,"href":"https:\/\/minervashop.eu\/en\/wp-json\/wp\/v2\/product_tag?post=150558"}],"curies":[{"name":"wp","href":"https:\/\/api.w.org\/{rel}","templated":true}]}}