{"id":150569,"date":"2025-08-14T10:16:07","date_gmt":"2025-08-14T10:16:07","guid":{"rendered":"https:\/\/minervashop.eu\/?post_type=product&#038;p=150569"},"modified":"2025-09-08T12:07:09","modified_gmt":"2025-09-08T12:07:09","slug":"hobedane-lillemustiga-kaevoru","status":"publish","type":"product","link":"https:\/\/minervashop.eu\/en\/toode\/hobedane-lillemustiga-kaevoru\/","title":{"rendered":"H\u00f5bedane lillemustiga k\u00e4ev\u00f5ru"},"content":{"rendered":"","protected":false},"excerpt":{"rendered":"<p>tsink metalli sulam<\/p>\n<p>kergelt painutatav, sobib randmele 17-19 cm<\/p>\n<p>laius 14 mm<\/p>\n<p><em>*Nikli, plii ja kaadmiumi vaba, vastab Euroopa tooteohutus n\u00f5uete standardile (REACH).<\/em><\/p>\n","protected":false},"featured_media":150570,"template":"","meta":[],"product_brand":[],"product_cat":[522],"product_tag":[],"class_list":{"0":"post-150569","1":"product","2":"type-product","3":"status-publish","4":"has-post-thumbnail","6":"product_cat-hobedast-ja-hobetatud-kaevorud","7":"product_shipping_class-xs","9":"first","10":"instock","11":"taxable","12":"shipping-taxable","13":"purchasable","14":"product-type-simple"},"_links":{"self":[{"href":"https:\/\/minervashop.eu\/en\/wp-json\/wp\/v2\/product\/150569","targetHints":{"allow":["GET"]}}],"collection":[{"href":"https:\/\/minervashop.eu\/en\/wp-json\/wp\/v2\/product"}],"about":[{"href":"https:\/\/minervashop.eu\/en\/wp-json\/wp\/v2\/types\/product"}],"wp:featuredmedia":[{"embeddable":true,"href":"https:\/\/minervashop.eu\/en\/wp-json\/wp\/v2\/media\/150570"}],"wp:attachment":[{"href":"https:\/\/minervashop.eu\/en\/wp-json\/wp\/v2\/media?parent=150569"}],"wp:term":[{"taxonomy":"product_brand","embeddable":true,"href":"https:\/\/minervashop.eu\/en\/wp-json\/wp\/v2\/product_brand?post=150569"},{"taxonomy":"product_cat","embeddable":true,"href":"https:\/\/minervashop.eu\/en\/wp-json\/wp\/v2\/product_cat?post=150569"},{"taxonomy":"product_tag","embeddable":true,"href":"https:\/\/minervashop.eu\/en\/wp-json\/wp\/v2\/product_tag?post=150569"}],"curies":[{"name":"wp","href":"https:\/\/api.w.org\/{rel}","templated":true}]}}