{"id":150573,"date":"2025-08-14T10:26:43","date_gmt":"2025-08-14T10:26:43","guid":{"rendered":"https:\/\/minervashop.eu\/?post_type=product&#038;p=150573"},"modified":"2025-09-08T12:12:46","modified_gmt":"2025-09-08T12:12:46","slug":"elevantidega-klaasialused-6-tk","status":"publish","type":"product","link":"https:\/\/minervashop.eu\/en\/toode\/elevantidega-klaasialused-6-tk\/","title":{"rendered":"Elevantidega klaasialused, 6 tk."},"content":{"rendered":"<div class=\"term-description\">\n<p align=\"justify\"><strong>Elevant oma j\u00f5u ja suurusega s\u00fcmboliseerib v\u00f5imu. T\u00e4histab kannatlikkust, tarkust ja karskust. Elevant on lahke ja tundlik, perekeskne, majesteetlik ja suurep\u00e4rane. Ta on \u00f5rn hiiglane, hea kaitsja, tark juht. Ta on lummanud inimeste kujutlusv\u00f5imet aastatuhandeid. Ta on saanud v\u00e4\u00e4rikuse, uhkuse ja sisemise j\u00f5u s\u00fcmboliks t\u00e4nu oma rahulikule k\u00e4itumisele ja v\u00e4\u00e4rikusele ning maandatud liikumisviisile. Oma suuruse ja naha paksuse juures on nad imetlusv\u00e4\u00e4rselt tundlikud puudutustele ja vibratsioonile. Oma p\u00f6idade abil on nad v\u00f5imelised kuulma teiste elevantide v\u00f5i muude liikumiste vibratsioone kilomeetrite kauguselt. M\u00f5nedes Aasia religioossetes traditsioonides suhtutakse elevanti kui jumalasse, n\u00e4iteks India jumalus Gane\u0161a, kellel on elevandi pea ja inimese keha. Ta on tarkuse ja \u00f5itsengu jumal, kes suudab eemaldada rasked takistused ja toetab alati uutes ettev\u00f5tmistes. Elevandid loovad tugevaid sotsiaalseid suhteid ja hoolitsevad k\u00f5ikide pereliikmete eest ning ka leinavad lahkunud liikmeid. Kindlasti mingites eluetappides ja olukordades v\u00f5ivad nad end kaitsta agressiivselt. Sagedamini on nad aga m\u00e4ngulised ja uudishimulikud. Nende karja juht on matriarhaatlik, k\u00f5ige vanem elevant-vanaema. Ta m\u00e4letab, kust erinevatel aastaaegadel toitu ja vett otsida ning ta peab n\u00f5u oma karja liikmetega t\u00e4htsate otsuste langetamisel. Elevant meenutab inimestele, et iga p\u00e4ev on meil v\u00f5imalus jagada oma toetust ja hoolitsust teiste inimestega. Siit ka hingeline \u00fclesanne inimestele \u2013 arendada empaatiat. Elevant sanskriti keeles t\u00e4hendab \u00f5nne kandjat. Seega hinduismis esindab elevant vedamist, \u00f5nne ja \u00f5nnelikkust. Budismi legendis ilmus elevant Gautama Siddharta (hiljem Buddha) emale enne s\u00fcnnitamist. elevant oli positiivsete uudiste ja \u00f5nne kandja<\/strong><\/p>\n<\/div>\n","protected":false},"excerpt":{"rendered":"<div class=\"spec-item\">\n<div class=\"spec-value\">10&#215;0.5 cm<\/div>\n<div>komplektis 6 alust<\/div>\n<div>MDF plaat<\/div>\n<\/div>\n","protected":false},"featured_media":150574,"template":"","meta":[],"product_brand":[],"product_cat":[661,631,268],"product_tag":[],"class_list":{"0":"post-150573","1":"product","2":"type-product","3":"status-publish","4":"has-post-thumbnail","6":"product_cat-allahindlus","7":"product_cat-elevandid-2","8":"product_cat-alused-kandikud-kausid","9":"product_shipping_class-xs","11":"first","12":"instock","13":"sale","14":"taxable","15":"shipping-taxable","16":"purchasable","17":"product-type-simple"},"_links":{"self":[{"href":"https:\/\/minervashop.eu\/en\/wp-json\/wp\/v2\/product\/150573","targetHints":{"allow":["GET"]}}],"collection":[{"href":"https:\/\/minervashop.eu\/en\/wp-json\/wp\/v2\/product"}],"about":[{"href":"https:\/\/minervashop.eu\/en\/wp-json\/wp\/v2\/types\/product"}],"wp:featuredmedia":[{"embeddable":true,"href":"https:\/\/minervashop.eu\/en\/wp-json\/wp\/v2\/media\/150574"}],"wp:attachment":[{"href":"https:\/\/minervashop.eu\/en\/wp-json\/wp\/v2\/media?parent=150573"}],"wp:term":[{"taxonomy":"product_brand","embeddable":true,"href":"https:\/\/minervashop.eu\/en\/wp-json\/wp\/v2\/product_brand?post=150573"},{"taxonomy":"product_cat","embeddable":true,"href":"https:\/\/minervashop.eu\/en\/wp-json\/wp\/v2\/product_cat?post=150573"},{"taxonomy":"product_tag","embeddable":true,"href":"https:\/\/minervashop.eu\/en\/wp-json\/wp\/v2\/product_tag?post=150573"}],"curies":[{"name":"wp","href":"https:\/\/api.w.org\/{rel}","templated":true}]}}